{"id":45393,"date":"2019-09-25T17:28:11","date_gmt":"2019-09-25T15:28:11","guid":{"rendered":"http:\/\/www.libraria-occitana.org\/product\/trencadit\/"},"modified":"2026-04-23T03:11:06","modified_gmt":"2026-04-23T01:11:06","slug":"trencadit","status":"publish","type":"product","link":"https:\/\/www.libraria-occitana.org\/en\/product\/trencadit\/","title":{"rendered":"Trencadit"},"content":{"rendered":"<p><strong>Alex Seli :<\/strong> Violon, pieds<br \/>\n<strong>Jordan Tisn\u00e8r :<\/strong> Fl\u00fbte, tambourin \u00e0 cordes, basse, voix, kick<br \/>\n<strong>Martin Lassouque :<\/strong> Bohas, voix, violon<br \/>\n<strong>Valentin Laborde :<\/strong> Vielle \u00e0 roue<\/p>\n<p>Impr\u00e9gn\u00e9s de musiques et danses traditionnelles de Gascogne, les musiciens de Trencadit d\u00e9bordent g\u00e9n\u00e9reusement vers leurs influences rock et \u00e9lectronique.<br \/>\nUne musique pop[ulaire] de riffs, de transe et de saturation pour un bal d\u00e9brid\u00e9. Le r\u00e9pertoire laisse se m\u00ealer m\u00e9lodies traditionnelles, chants occitans et compositions.<\/p>\n<p><iframe loading=\"lazy\" width=\"560\" height=\"315\" src=\"https:\/\/www.youtube.com\/embed\/YHC7neBY_e4\" title=\"YouTube video player\" frameborder=\"0\" allow=\"accelerometer; autoplay; clipboard-write; encrypted-media; gyroscope; picture-in-picture; web-share\" allowfullscreen><\/iframe><\/p>\n<p><strong>Titres :<\/strong><br \/>\n1. Escotisha Rocah\u00f2rt 4&#8217;22<br \/>\n2. B\u00e8ra Torteta 3&#8217;11<br \/>\n3. La Damise\u0300la Deu Borg-Nau 3&#8217;45<br \/>\n4. Au Gavarrar \/ Diu d&#8217;Aqueras Montanhas 9&#8217;40<br \/>\n5. Ronde\u0300us Deu Hauro\u0300t 5&#8217;38<br \/>\n6. Charmantina 2&#8217;42<br \/>\n7. Lo Companhon De l&#8217;Avairon 3&#8217;34<br \/>\n8. Congo\u0300 De M. Lagarde\u0300re 3&#8217;16<br \/>\n9. Bobineths 9&#8217;09<\/p>\n","protected":false},"excerpt":{"rendered":"<p>Alex Seli : Violon, pieds Jordan Tisn\u00e8r : Fl\u00fbte, tambourin \u00e0 cordes, basse, voix, kick Martin Lassouque : Bohas, voix, violon Valentin Laborde : Vielle \u00e0 roue Impr\u00e9gn\u00e9s de musiques et danses traditionnelles de Gascogne, les musiciens de Trencadit d\u00e9bordent g\u00e9n\u00e9reusement vers leurs influences rock et \u00e9lectronique. Une musique pop[ulaire] de riffs, de transe et [&hellip;]<\/p>\n","protected":false},"featured_media":45391,"template":"","meta":{"_acf_changed":false,"_genesis_hide_title":false,"_genesis_hide_breadcrumbs":false,"_genesis_hide_singular_image":false,"_genesis_hide_footer_widgets":false,"_genesis_custom_body_class":"","_genesis_custom_post_class":"","_genesis_layout":""},"product_brand":[],"product_cat":[7228,7216],"product_tag":[],"class_list":{"0":"post-45393","1":"product","2":"type-product","3":"status-publish","4":"has-post-thumbnail","6":"product_cat-modern-folk-en","7":"product_cat-music-en","8":"pa_auteur-trencadit-en","9":"pa_editeur-collectif-ca-i-en","10":"pa_langue-occitan-en","11":"pa_langue-occitan-gascon-en","12":"entry","14":"first","15":"outofstock","16":"shipping-taxable","17":"purchasable","18":"product-type-simple"},"acf":[],"_links":{"self":[{"href":"https:\/\/www.libraria-occitana.org\/en\/wp-json\/wp\/v2\/product\/45393","targetHints":{"allow":["GET"]}}],"collection":[{"href":"https:\/\/www.libraria-occitana.org\/en\/wp-json\/wp\/v2\/product"}],"about":[{"href":"https:\/\/www.libraria-occitana.org\/en\/wp-json\/wp\/v2\/types\/product"}],"wp:featuredmedia":[{"embeddable":true,"href":"https:\/\/www.libraria-occitana.org\/en\/wp-json\/wp\/v2\/media\/45391"}],"wp:attachment":[{"href":"https:\/\/www.libraria-occitana.org\/en\/wp-json\/wp\/v2\/media?parent=45393"}],"wp:term":[{"taxonomy":"product_brand","embeddable":true,"href":"https:\/\/www.libraria-occitana.org\/en\/wp-json\/wp\/v2\/product_brand?post=45393"},{"taxonomy":"product_cat","embeddable":true,"href":"https:\/\/www.libraria-occitana.org\/en\/wp-json\/wp\/v2\/product_cat?post=45393"},{"taxonomy":"product_tag","embeddable":true,"href":"https:\/\/www.libraria-occitana.org\/en\/wp-json\/wp\/v2\/product_tag?post=45393"}],"curies":[{"name":"wp","href":"https:\/\/api.w.org\/{rel}","templated":true}]}}