{"id":45420,"date":"2019-09-27T13:06:03","date_gmt":"2019-09-27T11:06:03","guid":{"rendered":"http:\/\/www.libraria-occitana.org\/product\/journal-1930-1936-suivi-de-poemes-prose-et-correspondances-choisis\/"},"modified":"2026-01-10T00:02:29","modified_gmt":"2026-01-09T23:02:29","slug":"journal-1930-1936-suivi-de-poemes-prose-et-correspondances-choisis","status":"publish","type":"product","link":"https:\/\/www.libraria-occitana.org\/en\/product\/journal-1930-1936-suivi-de-poemes-prose-et-correspondances-choisis\/","title":{"rendered":"Journal 1930-1936 Suivi de po\u00e8mes, prose et correspondances choisis"},"content":{"rendered":"<p>Apr\u00e8s dix-huit ans pass\u00e9s \u00e0 Tulle comme institutrice, Louisa Paulin retrouve Albi en 1930, puis R\u00e9almont, le village de son enfance, en 1932. Nostalgique du Limousin qui l&#8217;avait tant inspir\u00e9e pour ses premiers \u00e9crits, elle se lance dans la r\u00e9daction de ce journal. Au fil des jours, elle y note ses observations sur le paysage, la vie au c\u0153ur du bourg ou encore ses activit\u00e9s et ses projets litt\u00e9raires. Elle entame ainsi la reconqu\u00eate de son \u00ab royaume \u00bb po\u00e9tique, sur cette terre natale qui devient, peu \u00e0 peu, sa nouvelle source d&#8217;inspiration.<br \/>\nBien qu&#8217;elle ne sache l&#8217;\u00e9crire, d\u00e8s les premi\u00e8res pages, elle consigne quelques expressions en \u00ab patois \u00bb prononc\u00e9es par un fermier, un voisin ou sa m\u00e8re. Son int\u00e9r\u00eat pour sa langue maternelle cro\u00eet au cours des mois, mais c&#8217;est \u00e0 la suite d&#8217;un voyage en Catalogne, en ao\u00fbt 1934, qu&#8217;elle d\u00e9cide de l&#8217;\u00e9tudier. Elle transcrit alors ici ses premiers po\u00e8mes occitans, d\u00e9but d&#8217;une abondante production litt\u00e9raire dans cette langue qu&#8217;elle ne cessera d&#8217;employer au c\u00f4t\u00e9 du fran\u00e7ais, jusqu&#8217;\u00e0 sa mort, en 1944.<\/p>\n<p>\u00ab Fais v\u0153u, en ce dernier jour de mieux \u00e9quilibrer ma vie et de ne pas renier le fran\u00e7ais, ma seconde langue qui m&#8217;a donn\u00e9 bien des joies. Il ne faut pas s&#8217;appauvrir sous pr\u00e9texte d&#8217;enrichissement. \u00bb<\/p>\n<p style=\"text-align: right;\">Louisa Paulin, Journal, 31 d\u00e9cembre 1934.<\/p>\n<p>Ce livre est le r\u00e9sultat d&#8217;une recherche men\u00e9e parmi les manuscrits et publications anthumes de Louisa Paulin. De nombreux textes, dont certains oubli\u00e9s ou in\u00e9dits, ont \u00e9t\u00e9 r\u00e9unis autour de ce journal afin d&#8217;en mieux saisir le d\u00e9roulement, mais aussi de mettre en lumi\u00e8re le cheminement artistique et spirituel de son auteur. \u00c0 travers eux, on retrouve Louisa Paulin bien \u00e9videmment po\u00e8te et prosateur, mais \u00e9galement chroniqueur litt\u00e9raire ou ethnographe. Cette d\u00e9marche s&#8217;inscrit dans le projet plus vaste d&#8217;une \u00e9dition critique de cette \u0153uvre qui reste encore trop peu connue de nos jours.<\/p>\n<p>Texte \u00e9tabli, annot\u00e9 et pr\u00e9sent\u00e9 par Gr\u00e9gory Coston.<\/p>\n","protected":false},"excerpt":{"rendered":"<p>Apr\u00e8s dix-huit ans pass\u00e9s \u00e0 Tulle comme institutrice, Louisa Paulin retrouve Albi en 1930, puis R\u00e9almont, le village de son enfance, en 1932. Nostalgique du Limousin qui l&#8217;avait tant inspir\u00e9e pour ses premiers \u00e9crits, elle se lance dans la r\u00e9daction de ce journal. Au fil des jours, elle y note ses observations sur le paysage, [&hellip;]<\/p>\n","protected":false},"featured_media":45412,"template":"","meta":{"_acf_changed":false,"_genesis_hide_title":false,"_genesis_hide_breadcrumbs":false,"_genesis_hide_singular_image":false,"_genesis_hide_footer_widgets":false,"_genesis_custom_body_class":"","_genesis_custom_post_class":"","_genesis_layout":""},"product_brand":[],"product_cat":[7188,7132,7174,7186],"product_tag":[],"class_list":{"0":"post-45420","1":"product","2":"type-product","3":"status-publish","4":"has-post-thumbnail","6":"product_cat-arts-studies-en","7":"product_cat-books","8":"product_cat-literature-en","9":"product_cat-personal-narratives-memoirs-en","10":"pa_auteur-paulin-loisa-en","11":"pa_editeur-editions-poisson-lune-en","12":"pa_illustrateur-coston-gregory-en","13":"entry","15":"first","16":"outofstock","17":"shipping-taxable","18":"purchasable","19":"product-type-simple"},"acf":[],"_links":{"self":[{"href":"https:\/\/www.libraria-occitana.org\/en\/wp-json\/wp\/v2\/product\/45420","targetHints":{"allow":["GET"]}}],"collection":[{"href":"https:\/\/www.libraria-occitana.org\/en\/wp-json\/wp\/v2\/product"}],"about":[{"href":"https:\/\/www.libraria-occitana.org\/en\/wp-json\/wp\/v2\/types\/product"}],"wp:featuredmedia":[{"embeddable":true,"href":"https:\/\/www.libraria-occitana.org\/en\/wp-json\/wp\/v2\/media\/45412"}],"wp:attachment":[{"href":"https:\/\/www.libraria-occitana.org\/en\/wp-json\/wp\/v2\/media?parent=45420"}],"wp:term":[{"taxonomy":"product_brand","embeddable":true,"href":"https:\/\/www.libraria-occitana.org\/en\/wp-json\/wp\/v2\/product_brand?post=45420"},{"taxonomy":"product_cat","embeddable":true,"href":"https:\/\/www.libraria-occitana.org\/en\/wp-json\/wp\/v2\/product_cat?post=45420"},{"taxonomy":"product_tag","embeddable":true,"href":"https:\/\/www.libraria-occitana.org\/en\/wp-json\/wp\/v2\/product_tag?post=45420"}],"curies":[{"name":"wp","href":"https:\/\/api.w.org\/{rel}","templated":true}]}}