{"id":45669,"date":"2019-10-08T10:40:01","date_gmt":"2019-10-08T08:40:01","guid":{"rendered":"http:\/\/www.libraria-occitana.org\/?post_type=product&#038;p=45669"},"modified":"2026-04-29T02:01:35","modified_gmt":"2026-04-29T00:01:35","slug":"violon-musique-traditionnelle-dauvergne-et-du-limousin","status":"publish","type":"product","link":"https:\/\/www.libraria-occitana.org\/en\/product\/violon-musique-traditionnelle-dauvergne-et-du-limousin\/","title":{"rendered":"Violon : Musique traditionnelle d&#8217;Auvergne et du Limousin"},"content":{"rendered":"<p><strong>Basile Br\u00e9maud :<\/strong> Violon.<\/p>\n<p>Traditionnel : Auvergne (17 titres), Limousin (7 titres), G\u00e9vaudan (1 titre).<br \/>\nComposition : Marcel Piaud (1 titre).<br \/>\nLivret 12 pages.<\/p>\n<p>Basile Br\u00e9maud est unanimement reconnu comme un des meilleurs connaisseurs actuels du r\u00e9pertoire traditionnel des violoneux d\u2019Auvergne et du Limousin.<br \/>\nLe choix op\u00e9r\u00e9 par Basile dans ce r\u00e9pertoire et dont il s\u2019explique dans les commentaires montre \u00e0 quel point on peut m\u00ealer compr\u00e9hension et immersion dans un univers musical.<br \/>\nUn itin\u00e9raire personnel singulier, qu\u2019il raconte avec saveur, l\u2019am\u00e8ne \u00e0 vivre cette musique comme participant d\u2019un tout qui la d\u00e9passe et qui y ram\u00e8ne : \u00ab Quand je suis en train de sculpter une cuill\u00e8re en bois, quand je suis en train de jouer une bourr\u00e9e, ma main et mon esprit sont reli\u00e9s par un \u00e9tat de concentration extr\u00eame. Pourtant quand la main agit, l\u2019esprit se lib\u00e8re et acc\u00e8de \u00e0 une qualit\u00e9 de pr\u00e9sence au monde aigu\u00eb. Bien s\u00fbr d\u2019autres pratiques pourraient me faire acc\u00e9der \u00e0 cette transcendance de mon quotidien. Mais en cherchant dans mon environnement proche, tant culturel que naturel, les mat\u00e9riaux de ma pratique, j\u2019ai le sentiment d\u2019\u00eatre dans une forme de justesse et d\u2019harmonie. \u00bb<\/p>\n<p><strong>Titres :<\/strong><br \/>\n1. Trois bourr\u00e9es selon Jean-Marie Tournadre 3&#8217;18<br \/>\n2. Marche de noce \/ Bourr\u00e9e de Chabaud \/ Bourr\u00e9e du grand-p\u00e8re Ythier 4&#8217;52<br \/>\n3. Polka et mazurka selon Alexandre Savignat 4&#8217;16<br \/>\n4. &#8216;Qu\u00f2 es los gar\u00e7ons de vers Jornhac \/ Lo paure Pi\u00e8re plora \/ E lo papeta trepa 3&#8217;00<br \/>\n5. La Cornadela 1&#8217;25<br \/>\n6. Marche selon Camille Beaufort \/ Mazurka et bourr\u00e9e selon Antonin Chabrier 5&#8217;59<br \/>\n7. Polka piqu\u00e9e et bourr\u00e9e selon Jean-Marie Tournadre 2&#8217;42<br \/>\n8. Mazurka de l&#8217;Anglars \/ Deux mazurkas selon L\u00e9on Peyrat 2&#8217;58<br \/>\n9. Bourr\u00e9e de Gimel \/ Bourr\u00e9e pour r\u00e9veiller les danseurs 2&#8217;30<br \/>\n10. Marche des vachers \/ R\u00e9veillez-vous les gens 5&#8217;22<br \/>\n11. Valse \u00e0 la chabrette \/ &#8216;Qu\u00f2 es ton dedau 4&#8217;14<\/p>\n","protected":false},"excerpt":{"rendered":"<p>Basile Br\u00e9maud : Violon. Traditionnel : Auvergne (17 titres), Limousin (7 titres), G\u00e9vaudan (1 titre). Composition : Marcel Piaud (1 titre). Livret 12 pages. Basile Br\u00e9maud est unanimement reconnu comme un des meilleurs connaisseurs actuels du r\u00e9pertoire traditionnel des violoneux d\u2019Auvergne et du Limousin. Le choix op\u00e9r\u00e9 par Basile dans ce r\u00e9pertoire et dont il [&hellip;]<\/p>\n","protected":false},"featured_media":45681,"template":"","meta":{"_acf_changed":false,"_genesis_hide_title":false,"_genesis_hide_breadcrumbs":false,"_genesis_hide_singular_image":false,"_genesis_hide_footer_widgets":false,"_genesis_custom_body_class":"","_genesis_custom_post_class":"","_genesis_layout":""},"product_brand":[],"product_cat":[7228,7216],"product_tag":[],"class_list":{"0":"post-45669","1":"product","2":"type-product","3":"status-publish","4":"has-post-thumbnail","6":"product_cat-modern-folk-en","7":"product_cat-music-en","8":"pa_auteur-bremaud-basile-en","9":"pa_editeur-aepem-en","10":"pa_langue-occitan-en","11":"pa_langue-occitan-lemosin-en","12":"pa_langue-occitan-lengadocian-en","13":"entry","15":"first","16":"outofstock","17":"shipping-taxable","18":"purchasable","19":"product-type-simple"},"acf":[],"_links":{"self":[{"href":"https:\/\/www.libraria-occitana.org\/en\/wp-json\/wp\/v2\/product\/45669","targetHints":{"allow":["GET"]}}],"collection":[{"href":"https:\/\/www.libraria-occitana.org\/en\/wp-json\/wp\/v2\/product"}],"about":[{"href":"https:\/\/www.libraria-occitana.org\/en\/wp-json\/wp\/v2\/types\/product"}],"wp:featuredmedia":[{"embeddable":true,"href":"https:\/\/www.libraria-occitana.org\/en\/wp-json\/wp\/v2\/media\/45681"}],"wp:attachment":[{"href":"https:\/\/www.libraria-occitana.org\/en\/wp-json\/wp\/v2\/media?parent=45669"}],"wp:term":[{"taxonomy":"product_brand","embeddable":true,"href":"https:\/\/www.libraria-occitana.org\/en\/wp-json\/wp\/v2\/product_brand?post=45669"},{"taxonomy":"product_cat","embeddable":true,"href":"https:\/\/www.libraria-occitana.org\/en\/wp-json\/wp\/v2\/product_cat?post=45669"},{"taxonomy":"product_tag","embeddable":true,"href":"https:\/\/www.libraria-occitana.org\/en\/wp-json\/wp\/v2\/product_tag?post=45669"}],"curies":[{"name":"wp","href":"https:\/\/api.w.org\/{rel}","templated":true}]}}