{"id":45675,"date":"2019-10-08T11:28:17","date_gmt":"2019-10-08T09:28:17","guid":{"rendered":"http:\/\/www.libraria-occitana.org\/?post_type=product&#038;p=45675"},"modified":"2026-04-03T00:56:57","modified_gmt":"2026-04-02T22:56:57","slug":"musette-bechonnet-musique-traditionelle-des-combrailles","status":"publish","type":"product","link":"https:\/\/www.libraria-occitana.org\/en\/product\/musette-bechonnet-musique-traditionelle-des-combrailles\/","title":{"rendered":"Musette B\u00e9chonnet : Musique traditionelle des Combrailles"},"content":{"rendered":"<p><strong>Ivan Karvaix :<\/strong> Musette B\u00e9chonnet.<\/p>\n<p>Traditionnel : Auvergne (21 titres), Bourbonnais (1 titre).<br \/>\nLivret 20 pages. Indication des sources.<\/p>\n<p>La musette B\u00e9chonnet : une cornemuse du Centre \u00e0 part. Red\u00e9couverte dans les ann\u00e9es 1980, elle se distingue des autres musettes du Centre par quelques particularit\u00e9s organologiques : un grand bourdon dirig\u00e9 vers l\u2019avant, un soufflet, et un troisi\u00e8me tout petit bourdon plac\u00e9 \u00e0 l\u2019arri\u00e8re du boitier, ce qui lui donne un \u00ab son \u00bb particulier. Cette cornemuse, invent\u00e9e par le luthier Joseph B\u00e9chonnet, a \u00e9t\u00e9 la plus jou\u00e9e en Basse-Auvergne entre 1870 et 1930, et en particulier dans les Combrailles. C\u2019est donc tout naturellement qu\u2019Ivan, enfant des Brayauds, a particip\u00e9 aux recherches sur le r\u00e9pertoire traditionnel de cette r\u00e9gion, et sur cet instrument embl\u00e9matique dont il est devenu un ma\u00eetre incontest\u00e9.<\/p>\n<p><strong>Titres :<\/strong><br \/>\n1. Valse \u00e0 Ulysse \/ Valse de Chancelade \/ Valse \u00e0 Parsous 5&#8217;06<br \/>\n2. La Saboti\u00e8re \/ Marche de noce du p\u00e8re Faure \/ Marche \u00e0 Mitchau la Tch\u00e8bre 3&#8217;01<br \/>\n3. Mazurkas \u00e0 Milounet 3&#8217;38<br \/>\n4. Polka du Quartier 1&#8217;40<br \/>\n5. Valse \u00e0 Milounet 3&#8217;00<br \/>\n6. Vieille scottish du p\u00e8re \/ Scottish \u00e0 Dodo Roffet 2&#8217;35<br \/>\n7. La giatte du Couhalion \/ Montagnarde de Pontgibaud 2&#8217;22<br \/>\n8. Mazurka \u00e0 Michau la Tch\u00e8bre 2&#8217;00<br \/>\n9. Montagnarde de Pontgibaud \/ Cantalouse \u00e0 Dodo Roffet 2&#8217;28<br \/>\n10. Polka de l&#8217;estivant 1&#8217;48<br \/>\n11. Bourr\u00e9e de Saint-Gervais\/Bourr\u00e9e de Marcillat-en-Combrailles 2&#8217;51<br \/>\n12. Scottish de Servant 3&#8217;46<br \/>\n13. Mazurka de Servant 2&#8217;44<br \/>\n14. Polka \u00e0 Milounet 1&#8217;15<\/p>\n","protected":false},"excerpt":{"rendered":"<p>Ivan Karvaix : Musette B\u00e9chonnet. Traditionnel : Auvergne (21 titres), Bourbonnais (1 titre). Livret 20 pages. Indication des sources. La musette B\u00e9chonnet : une cornemuse du Centre \u00e0 part. Red\u00e9couverte dans les ann\u00e9es 1980, elle se distingue des autres musettes du Centre par quelques particularit\u00e9s organologiques : un grand bourdon dirig\u00e9 vers l\u2019avant, un soufflet, [&hellip;]<\/p>\n","protected":false},"featured_media":45678,"template":"","meta":{"_acf_changed":false,"_genesis_hide_title":false,"_genesis_hide_breadcrumbs":false,"_genesis_hide_singular_image":false,"_genesis_hide_footer_widgets":false,"_genesis_custom_body_class":"","_genesis_custom_post_class":"","_genesis_layout":""},"product_brand":[],"product_cat":[7228,7216],"product_tag":[],"class_list":{"0":"post-45675","1":"product","2":"type-product","3":"status-publish","4":"has-post-thumbnail","6":"product_cat-modern-folk-en","7":"product_cat-music-en","8":"pa_auteur-karvaix-ivan-en","9":"pa_editeur-aepem-en","10":"entry","12":"first","13":"instock","14":"shipping-taxable","15":"purchasable","16":"product-type-simple"},"acf":[],"_links":{"self":[{"href":"https:\/\/www.libraria-occitana.org\/en\/wp-json\/wp\/v2\/product\/45675","targetHints":{"allow":["GET"]}}],"collection":[{"href":"https:\/\/www.libraria-occitana.org\/en\/wp-json\/wp\/v2\/product"}],"about":[{"href":"https:\/\/www.libraria-occitana.org\/en\/wp-json\/wp\/v2\/types\/product"}],"wp:featuredmedia":[{"embeddable":true,"href":"https:\/\/www.libraria-occitana.org\/en\/wp-json\/wp\/v2\/media\/45678"}],"wp:attachment":[{"href":"https:\/\/www.libraria-occitana.org\/en\/wp-json\/wp\/v2\/media?parent=45675"}],"wp:term":[{"taxonomy":"product_brand","embeddable":true,"href":"https:\/\/www.libraria-occitana.org\/en\/wp-json\/wp\/v2\/product_brand?post=45675"},{"taxonomy":"product_cat","embeddable":true,"href":"https:\/\/www.libraria-occitana.org\/en\/wp-json\/wp\/v2\/product_cat?post=45675"},{"taxonomy":"product_tag","embeddable":true,"href":"https:\/\/www.libraria-occitana.org\/en\/wp-json\/wp\/v2\/product_tag?post=45675"}],"curies":[{"name":"wp","href":"https:\/\/api.w.org\/{rel}","templated":true}]}}