{"id":45684,"date":"2019-10-08T11:52:52","date_gmt":"2019-10-08T09:52:52","guid":{"rendered":"http:\/\/www.libraria-occitana.org\/?post_type=product&#038;p=45684"},"modified":"2026-04-29T02:01:39","modified_gmt":"2026-04-29T00:01:39","slug":"dirty-caps-musique-traditionnelle-du-quercy-et-de-gascogne","status":"publish","type":"product","link":"https:\/\/www.libraria-occitana.org\/en\/product\/dirty-caps-musique-traditionnelle-du-quercy-et-de-gascogne\/","title":{"rendered":"Dirty Caps&#8217; : Musique traditionnelle du Quercy et de Gascogne"},"content":{"rendered":"<p><strong>Victor Dreyfus :<\/strong> Violon, voix.<br \/>\n<strong>Cl\u00e9ment Rousse :<\/strong> Accord\u00e9on diatonique, voix, stomb box.<br \/>\n<strong>Micka\u00ebl Vidal :<\/strong> Clarinette, chant, pieds.<br \/>\n<strong>Invit\u00e9 :<\/strong> Martin Lassouque : boha (7) et voix (5).<\/p>\n<p>Traditionnel : Gascogne (Landes de Gascogne et Haut-Agenais) et B\u00e9arn (12 titres), Quercy (4 titres), Auvergne (1 titre).<br \/>\nCompositions : Dani Detammaecker et Bastien Fontanille (1 titre), Victor Dreyfus (1 titre).<br \/>\nIndication des sources.<\/p>\n<p>La rencontre de 3 jeunes musiciens, un Landais, un Bigourdan et un Quercynois, confrontant et alliant leurs r\u00e9pertoires pour un bal \u00ab sud ouest \u00bb de grande qualit\u00e9 : amour du r\u00e9pertoire traditionnel, allant, cadence et tempo agr\u00e9ables pour la danse (de la \u00ab p\u00eache \u00bb, mais sans fr\u00e9n\u00e9sie) : tout est l\u00e0 pour que ce trio vous fasse partager leur plaisir de vous faire danser, et, nous l\u2019esp\u00e9rons, pour longtemps. Roulez jeunesse !<\/p>\n<p><strong>Titres :<\/strong><br \/>\n1. Dronesca (Scottish) 4&#8217;26<br \/>\n2. La Bolang\u00e8ra \/ La Paura Vi\u00e8lha (Rondes) 4&#8217;08<br \/>\n3. Seguida de Cong\u00f2s (Congos) 2&#8217;52<br \/>\n4. Quand ieu n\u2019\u00e8ri pichon\u00e8la (Mazurka) 4&#8217;12<br \/>\n5. Nau plumetas \/ Devant Bordeaux (Branles) 7&#8217;23<br \/>\n6. Ont anirem gardar \/ Bourr\u00e9e de Saint-P\u00e9-de-L\u00e9ren (Bourr\u00e9es) 4&#8217;47<br \/>\n7. La Paloma (Valse) 4&#8217;29<br \/>\n8. Nau pol\u00f2tas (Rondeau) 5&#8217;30<br \/>\n9. Trapa ta femna (Sauti\u00e8re) 3&#8217;01<\/p>\n","protected":false},"excerpt":{"rendered":"<p>Victor Dreyfus : Violon, voix. Cl\u00e9ment Rousse : Accord\u00e9on diatonique, voix, stomb box. Micka\u00ebl Vidal : Clarinette, chant, pieds. Invit\u00e9 : Martin Lassouque : boha (7) et voix (5). Traditionnel : Gascogne (Landes de Gascogne et Haut-Agenais) et B\u00e9arn (12 titres), Quercy (4 titres), Auvergne (1 titre). Compositions : Dani Detammaecker et Bastien Fontanille (1 [&hellip;]<\/p>\n","protected":false},"featured_media":45690,"template":"","meta":{"_acf_changed":false,"_genesis_hide_title":false,"_genesis_hide_breadcrumbs":false,"_genesis_hide_singular_image":false,"_genesis_hide_footer_widgets":false,"_genesis_custom_body_class":"","_genesis_custom_post_class":"","_genesis_layout":""},"product_brand":[],"product_cat":[7228,7216],"product_tag":[],"class_list":{"0":"post-45684","1":"product","2":"type-product","3":"status-publish","4":"has-post-thumbnail","6":"product_cat-modern-folk-en","7":"product_cat-music-en","8":"pa_auteur-dirty-caps-en","9":"pa_editeur-aepem-en","10":"pa_langue-occitan-en","11":"pa_langue-occitan-gascon-en","12":"pa_langue-occitan-lengadocian-en","13":"entry","15":"first","16":"instock","17":"shipping-taxable","18":"purchasable","19":"product-type-simple"},"acf":[],"_links":{"self":[{"href":"https:\/\/www.libraria-occitana.org\/en\/wp-json\/wp\/v2\/product\/45684","targetHints":{"allow":["GET"]}}],"collection":[{"href":"https:\/\/www.libraria-occitana.org\/en\/wp-json\/wp\/v2\/product"}],"about":[{"href":"https:\/\/www.libraria-occitana.org\/en\/wp-json\/wp\/v2\/types\/product"}],"wp:featuredmedia":[{"embeddable":true,"href":"https:\/\/www.libraria-occitana.org\/en\/wp-json\/wp\/v2\/media\/45690"}],"wp:attachment":[{"href":"https:\/\/www.libraria-occitana.org\/en\/wp-json\/wp\/v2\/media?parent=45684"}],"wp:term":[{"taxonomy":"product_brand","embeddable":true,"href":"https:\/\/www.libraria-occitana.org\/en\/wp-json\/wp\/v2\/product_brand?post=45684"},{"taxonomy":"product_cat","embeddable":true,"href":"https:\/\/www.libraria-occitana.org\/en\/wp-json\/wp\/v2\/product_cat?post=45684"},{"taxonomy":"product_tag","embeddable":true,"href":"https:\/\/www.libraria-occitana.org\/en\/wp-json\/wp\/v2\/product_tag?post=45684"}],"curies":[{"name":"wp","href":"https:\/\/api.w.org\/{rel}","templated":true}]}}