{"id":45704,"date":"1997-10-08T17:31:36","date_gmt":"1997-10-08T15:31:36","guid":{"rendered":"http:\/\/www.libraria-occitana.org\/product\/larcheologie-du-paysage-rural-en-limousin\/"},"modified":"2026-04-26T03:36:29","modified_gmt":"2026-04-26T01:36:29","slug":"larcheologie-du-paysage-rural-en-limousin","status":"publish","type":"product","link":"https:\/\/www.libraria-occitana.org\/en\/product\/larcheologie-du-paysage-rural-en-limousin\/","title":{"rendered":"L&#8217;arch\u00e9ologie du paysage rural en Limousin"},"content":{"rendered":"<p>Les \u00e9rudits qui liront ce petit manuel seront d\u00e9\u00e7us : l&#8217;ouvrage s&#8217;adresse en effet aux novices d\u00e9sireux d&#8217;acqu\u00e9rir les rudiments d&#8217;une m\u00e9thode et un socle de connaissances concr\u00e8tes sur l&#8217;arch\u00e9ologie du paysage rural en Limousin, de la p\u00e9riode gauloise \u00e0 la fin du Moyen \u00c2ge.<\/p>\n<p>Si la d\u00e9marche sugg\u00e9r\u00e9e n&#8217;a gu\u00e8re vocation \u00e0 \u00eatre export\u00e9e en Beauce, en Champagne ou en Picardie, elle peut sans doute \u00eatre appliqu\u00e9e avec succ\u00e8s dans les r\u00e9gions de relief contrast\u00e9, telles la Bretagne int\u00e9rieure, l&#8217;Auvergne, le Morvan, mais aussi le M\u00e2connais en Bourgogne, ou bien encore le Boulonnais dans le nord de la France.<\/p>\n<p><strong>Sommaire :<\/strong><\/p>\n<p>Pr\u00e9face de Bernard Valadas, Professeur de g\u00e9ographie physique \u00e0 l\u2019Universit\u00e9 de Limoges p. 3<br \/>\nAvant-propos de Jean-Michel Desbordes, Directeur honoraire des Antiquit\u00e9s historiques p. 5<\/p>\n<p><strong>Les \u00e9l\u00e9ments naturels du paysage en Limousin p. 11<\/strong><br \/>\nLe cadre g\u00e9ologique du terroir p. 8<br \/>\nLe cadre topographique p. 10<br \/>\nLes climats p. 11<br \/>\nLa v\u00e9g\u00e9tation climacique du Limousin p.12<\/p>\n<p><strong>L\u2019agriculture face au paysage p. 12<\/strong><br \/>\nLes contraintes g\u00e9ologiques p. 13<br \/>\nLes contraintes topographiques p. 13<br \/>\nLes contraintes li\u00e9es au couvert v\u00e9g\u00e9tal p. 16<\/p>\n<p><strong>Les voies de communication p. 18<\/strong><\/p>\n<p><strong>\u00c9l\u00e9ments de toponymie p. 24<\/strong><\/p>\n<p>Lexique p. 29<br \/>\nOrientation bibliographique p. 33<br \/>\nIllustrations p. 37<\/p>\n<p>Suppl\u00e9ment \u00e0 TAL &#8211; 1989 (r\u00e9\u00e9d.1997).<\/p>\n","protected":false},"excerpt":{"rendered":"<p>Les \u00e9rudits qui liront ce petit manuel seront d\u00e9\u00e7us : l&#8217;ouvrage s&#8217;adresse en effet aux novices d\u00e9sireux d&#8217;acqu\u00e9rir les rudiments d&#8217;une m\u00e9thode et un socle de connaissances concr\u00e8tes sur l&#8217;arch\u00e9ologie du paysage rural en Limousin, de la p\u00e9riode gauloise \u00e0 la fin du Moyen \u00c2ge. Si la d\u00e9marche sugg\u00e9r\u00e9e n&#8217;a gu\u00e8re vocation \u00e0 \u00eatre export\u00e9e [&hellip;]<\/p>\n","protected":false},"featured_media":45699,"template":"","meta":{"_acf_changed":false,"_genesis_hide_title":false,"_genesis_hide_breadcrumbs":false,"_genesis_hide_singular_image":false,"_genesis_hide_footer_widgets":false,"_genesis_custom_body_class":"","_genesis_custom_post_class":"","_genesis_layout":""},"product_brand":[],"product_cat":[7132,7152,7148],"product_tag":[],"class_list":{"0":"post-45704","1":"product","2":"type-product","3":"status-publish","4":"has-post-thumbnail","6":"product_cat-books","7":"product_cat-geography-en","8":"product_cat-history-geography-en","9":"pa_auteur-desbordes-jean-michel-en","10":"pa_editeur-association-des-antiquites-historiques-du-limousin-en","11":"pa_langue-francais-en","12":"entry","14":"first","15":"instock","16":"shipping-taxable","17":"purchasable","18":"product-type-simple"},"acf":[],"_links":{"self":[{"href":"https:\/\/www.libraria-occitana.org\/en\/wp-json\/wp\/v2\/product\/45704","targetHints":{"allow":["GET"]}}],"collection":[{"href":"https:\/\/www.libraria-occitana.org\/en\/wp-json\/wp\/v2\/product"}],"about":[{"href":"https:\/\/www.libraria-occitana.org\/en\/wp-json\/wp\/v2\/types\/product"}],"wp:featuredmedia":[{"embeddable":true,"href":"https:\/\/www.libraria-occitana.org\/en\/wp-json\/wp\/v2\/media\/45699"}],"wp:attachment":[{"href":"https:\/\/www.libraria-occitana.org\/en\/wp-json\/wp\/v2\/media?parent=45704"}],"wp:term":[{"taxonomy":"product_brand","embeddable":true,"href":"https:\/\/www.libraria-occitana.org\/en\/wp-json\/wp\/v2\/product_brand?post=45704"},{"taxonomy":"product_cat","embeddable":true,"href":"https:\/\/www.libraria-occitana.org\/en\/wp-json\/wp\/v2\/product_cat?post=45704"},{"taxonomy":"product_tag","embeddable":true,"href":"https:\/\/www.libraria-occitana.org\/en\/wp-json\/wp\/v2\/product_tag?post=45704"}],"curies":[{"name":"wp","href":"https:\/\/api.w.org\/{rel}","templated":true}]}}