{"id":45707,"date":"1990-12-08T18:12:43","date_gmt":"1990-12-08T17:12:43","guid":{"rendered":"http:\/\/www.libraria-occitana.org\/?post_type=product&#038;p=45707"},"modified":"2026-04-29T03:16:58","modified_gmt":"2026-04-29T01:16:58","slug":"les-moyens-de-communication-en-limousin-de-lantiquite-a-nos-jours","status":"publish","type":"product","link":"https:\/\/www.libraria-occitana.org\/en\/product\/les-moyens-de-communication-en-limousin-de-lantiquite-a-nos-jours\/","title":{"rendered":"Les moyens de communication en Limousin de l&#8217;Antiquit\u00e9 \u00e0 nos jours"},"content":{"rendered":"<p>Actes du Colloque r\u00e9gional de Limoges (3-5 mai 1990)<\/p>\n<p><strong>Sommaire :<\/strong><\/p>\n<p>Pr\u00e9face de Robert Savy, Pr\u00e9sident du Conseil R\u00e9gional du Limousin p. 7<br \/>\nAvant-propos de Jean-Michel Desbordes, Directeur honoraire des Antiquit\u00e9s historiques p. 9<\/p>\n<p><strong>Les transports p. 11<\/strong><\/p>\n<p>&#8211; Michel Molin p. 13-24 : \u00c0 propos des attelages qui circulaient sur les voies romaines de la r\u00e9gion d\u2019Augustoritum.<br \/>\n&#8211; Georges Verynaud p. 25-36 : La poste aux chevaux en Limousin.<br \/>\n&#8211; Daniel Perault p. 37-46 : Les r\u00e9seaux de communication en 1990.<\/p>\n<p><strong>Typologie et chronologie des voies de communication p. 47<\/strong><\/p>\n<p>&#8211; Jean-Michel Desbordes p. 49-54, Itin\u00e9raires de long parcours en Limousin.<br \/>\n&#8211; Jean-Pierre Loustaud p. 55-62, La voirie d\u2019Augustoritum : sch\u00e9ma d\u2019\u00e9volution.<br \/>\n&#8211; Jean-Pierre Clapham p. 63-68, Un itin\u00e9raire antique sur la rive nord de la Vienne.<br \/>\n&#8211; Dominique Dussot et Michel Manville p. 69-76 : La voie de Puymanteau (commune de La Celle-Dunoise, Creuse).<br \/>\n&#8211; Jean-Fran\u00e7ois Priot p. 77-82 : Coupes de routes anciennes en Haute-Vienne : \u00e9l\u00e9ments de comparaison.<br \/>\n&#8211; Denise Sauli\u00e8re p. 83-86 : Coupe d\u2019une voie ancienne \u00e0 La Fr\u00e9tille (commune de Salon-la-Tour, Corr\u00e8ze).<br \/>\n&#8211; Philippe Blanchard p. 87-92 : Les architectures des ponts, ponceaux et planches en Limousin.<br \/>\n&#8211; Jean Perrier et Louis Bonnaud p. 93-98 : Relev\u00e9s anciens de quelques ponts m\u00e9di\u00e9vaux disparus du d\u00e9partement de la Haute-Vienne.<br \/>\n&#8211; Marcel Villoutreix p. 99-105 : Franchissement des cours d\u2019eau et toponymie routi\u00e8re.<\/p>\n<p><strong>Les relations interr\u00e9gionales p. 107<\/strong><\/p>\n<p>&#8211; Jean-Louis Tilhard p. 109-116 : Axes de diffusion des c\u00e9ramiques sigill\u00e9es du Rouergue en Limousin.<br \/>\n&#8211; Jean-Pierre Bost p. 117-120 : Limousin et Aquitaine antique : \u00e9pigraphie et itin\u00e9raires.<br \/>\n&#8211; Bernadette Barri\u00e8re p. 121-143 : Itin\u00e9raires m\u00e9di\u00e9vaux : du Limousin \u00e0 l\u2019Aquitaine.<\/p>\n","protected":false},"excerpt":{"rendered":"<p>Actes du Colloque r\u00e9gional de Limoges (3-5 mai 1990) Sommaire : Pr\u00e9face de Robert Savy, Pr\u00e9sident du Conseil R\u00e9gional du Limousin p. 7 Avant-propos de Jean-Michel Desbordes, Directeur honoraire des Antiquit\u00e9s historiques p. 9 Les transports p. 11 &#8211; Michel Molin p. 13-24 : \u00c0 propos des attelages qui circulaient sur les voies romaines de [&hellip;]<\/p>\n","protected":false},"featured_media":45702,"template":"","meta":{"_acf_changed":false,"_genesis_hide_title":false,"_genesis_hide_breadcrumbs":false,"_genesis_hide_singular_image":false,"_genesis_hide_footer_widgets":false,"_genesis_custom_body_class":"","_genesis_custom_post_class":"","_genesis_layout":""},"product_brand":[],"product_cat":[7132,7156,7148],"product_tag":[],"class_list":{"0":"post-45707","1":"product","2":"type-product","3":"status-publish","4":"has-post-thumbnail","6":"product_cat-books","7":"product_cat-general-history-en","8":"product_cat-history-geography-en","9":"pa_auteur-collectiu-en-2","10":"pa_editeur-association-des-antiquites-historiques-du-limousin-en","11":"pa_langue-francais-en","12":"entry","14":"first","15":"instock","16":"shipping-taxable","17":"purchasable","18":"product-type-simple"},"acf":[],"_links":{"self":[{"href":"https:\/\/www.libraria-occitana.org\/en\/wp-json\/wp\/v2\/product\/45707","targetHints":{"allow":["GET"]}}],"collection":[{"href":"https:\/\/www.libraria-occitana.org\/en\/wp-json\/wp\/v2\/product"}],"about":[{"href":"https:\/\/www.libraria-occitana.org\/en\/wp-json\/wp\/v2\/types\/product"}],"wp:featuredmedia":[{"embeddable":true,"href":"https:\/\/www.libraria-occitana.org\/en\/wp-json\/wp\/v2\/media\/45702"}],"wp:attachment":[{"href":"https:\/\/www.libraria-occitana.org\/en\/wp-json\/wp\/v2\/media?parent=45707"}],"wp:term":[{"taxonomy":"product_brand","embeddable":true,"href":"https:\/\/www.libraria-occitana.org\/en\/wp-json\/wp\/v2\/product_brand?post=45707"},{"taxonomy":"product_cat","embeddable":true,"href":"https:\/\/www.libraria-occitana.org\/en\/wp-json\/wp\/v2\/product_cat?post=45707"},{"taxonomy":"product_tag","embeddable":true,"href":"https:\/\/www.libraria-occitana.org\/en\/wp-json\/wp\/v2\/product_tag?post=45707"}],"curies":[{"name":"wp","href":"https:\/\/api.w.org\/{rel}","templated":true}]}}