{"id":45742,"date":"2006-06-09T10:39:43","date_gmt":"2006-06-09T08:39:43","guid":{"rendered":"http:\/\/www.libraria-occitana.org\/?post_type=product&#038;p=45742"},"modified":"2026-04-29T06:21:32","modified_gmt":"2026-04-29T04:21:32","slug":"lo-mainatge-de-neu-libre-cd","status":"publish","type":"product","link":"https:\/\/www.libraria-occitana.org\/en\/product\/lo-mainatge-de-neu-libre-cd\/","title":{"rendered":"Lo mainatge de n\u00e8u (libre + CD)"},"content":{"rendered":"<p>D&#8217;apr\u00e8s un conte traditionnel limousin.<\/p>\n<p>Sur le plateau de Millevaches, un vieil homme et sa compagne regrettaient de ne pas avoir eu d&#8217;enfant. Cette ann\u00e9e, il se mit \u00e0 neiger le premier jour de l&#8217;hiver&#8230;<\/p>\n<p>Livret p\u00e9dagogique sur\u00a0<a href=\"http:\/\/capoc.crdp-aquitaine.fr\/\">http:\/\/capoc.crdp-aquitaine.fr<\/a><br \/>\nCycle 3 &gt; Coll\u00e8ge<\/p>\n","protected":false},"excerpt":{"rendered":"<p>D&#8217;apr\u00e8s un conte traditionnel limousin. Sur le plateau de Millevaches, un vieil homme et sa compagne regrettaient de ne pas avoir eu d&#8217;enfant. Cette ann\u00e9e, il se mit \u00e0 neiger le premier jour de l&#8217;hiver&#8230; Livret p\u00e9dagogique sur\u00a0http:\/\/capoc.crdp-aquitaine.fr Cycle 3 &gt; Coll\u00e8ge<\/p>\n","protected":false},"featured_media":45748,"template":"","meta":{"_acf_changed":false,"_genesis_hide_title":false,"_genesis_hide_breadcrumbs":false,"_genesis_hide_singular_image":false,"_genesis_hide_footer_widgets":false,"_genesis_custom_body_class":"","_genesis_custom_post_class":"","_genesis_layout":""},"product_brand":[],"product_cat":[7132,7170,7164],"product_tag":[],"class_list":{"0":"post-45742","1":"product","2":"type-product","3":"status-publish","4":"has-post-thumbnail","6":"product_cat-books","7":"product_cat-juvenile-en","8":"product_cat-juvenile-and-teen-comics-humour-en","9":"pa_auteur-decamps-domenja-en","10":"pa_auteur-mauhorat-sergi-en","11":"pa_editeur-canope-editions-en","12":"pa_illustrateur-berthoumieux-michel-en","13":"pa_illustrateur-itoiz-mayana-en","14":"pa_langue-occitan-lengadocian-en","15":"pa_langue-occitan-francais-en","16":"entry","18":"first","19":"outofstock","20":"shipping-taxable","21":"purchasable","22":"product-type-simple"},"acf":[],"_links":{"self":[{"href":"https:\/\/www.libraria-occitana.org\/en\/wp-json\/wp\/v2\/product\/45742","targetHints":{"allow":["GET"]}}],"collection":[{"href":"https:\/\/www.libraria-occitana.org\/en\/wp-json\/wp\/v2\/product"}],"about":[{"href":"https:\/\/www.libraria-occitana.org\/en\/wp-json\/wp\/v2\/types\/product"}],"wp:featuredmedia":[{"embeddable":true,"href":"https:\/\/www.libraria-occitana.org\/en\/wp-json\/wp\/v2\/media\/45748"}],"wp:attachment":[{"href":"https:\/\/www.libraria-occitana.org\/en\/wp-json\/wp\/v2\/media?parent=45742"}],"wp:term":[{"taxonomy":"product_brand","embeddable":true,"href":"https:\/\/www.libraria-occitana.org\/en\/wp-json\/wp\/v2\/product_brand?post=45742"},{"taxonomy":"product_cat","embeddable":true,"href":"https:\/\/www.libraria-occitana.org\/en\/wp-json\/wp\/v2\/product_cat?post=45742"},{"taxonomy":"product_tag","embeddable":true,"href":"https:\/\/www.libraria-occitana.org\/en\/wp-json\/wp\/v2\/product_tag?post=45742"}],"curies":[{"name":"wp","href":"https:\/\/api.w.org\/{rel}","templated":true}]}}