{"id":45772,"date":"2011-06-09T12:37:05","date_gmt":"2011-06-09T10:37:05","guid":{"rendered":"http:\/\/www.libraria-occitana.org\/?post_type=product&#038;p=45772"},"modified":"2026-04-29T10:48:12","modified_gmt":"2026-04-29T08:48:12","slug":"dictionnaire-etymologique-des-noms-de-famille-gascons","status":"publish","type":"product","link":"https:\/\/www.libraria-occitana.org\/en\/product\/dictionnaire-etymologique-des-noms-de-famille-gascons\/","title":{"rendered":"Dictionnaire \u00e9tymologique des noms de famille gascons"},"content":{"rendered":"<p><strong>D&#8217;o\u00f9 vient votre nom ?<\/strong><br \/>\nVous vous \u00eates d\u00e9j\u00e0 tr\u00e8s certainement pos\u00e9 la question. Pour toute la Gascogne, de Bordeaux aux Pyr\u00e9n\u00e9es, dans la boucle de la Garonne et une partie de l&#8217;Ari\u00e8ge, le livre de Michel Grosclaude vous proposera un ensemble de r\u00e9ponses.<br \/>\nCet ouvrage repr\u00e9sente un travail de compilation et de recherche consid\u00e9rable, pour lequel l&#8217;auteur a suivi une d\u00e9marche scientifique rigoureuse ; il l&#8217;a compl\u00e9t\u00e9e et tenue \u00e0 jour jusqu&#8217;\u00e0 ses derniers instants.<br \/>\nIl deviendra tr\u00e8s vite une des cl\u00e9s de vos recherches personnelles et vous prom\u00e8nera dans un monde passionnant qui vous fera participer \u00e0 la longue histoire de ce pays.<br \/>\nSi vous cherchez quelques &#8220;pr\u00e9noms&#8221; de vos anc^tres gascons, cet ouvrage est suivi d&#8217;un r\u00e9pertoire des <em>Noms de bapt\u00eame donn\u00e9s au Moyen \u00c2ge en B\u00e9arn et en Bigorre<\/em>.<\/p>\n","protected":false},"excerpt":{"rendered":"<p>D&#8217;o\u00f9 vient votre nom ? Vous vous \u00eates d\u00e9j\u00e0 tr\u00e8s certainement pos\u00e9 la question. Pour toute la Gascogne, de Bordeaux aux Pyr\u00e9n\u00e9es, dans la boucle de la Garonne et une partie de l&#8217;Ari\u00e8ge, le livre de Michel Grosclaude vous proposera un ensemble de r\u00e9ponses. Cet ouvrage repr\u00e9sente un travail de compilation et de recherche consid\u00e9rable, [&hellip;]<\/p>\n","protected":false},"featured_media":45775,"template":"","meta":{"_acf_changed":false,"_genesis_hide_title":false,"_genesis_hide_breadcrumbs":false,"_genesis_hide_singular_image":false,"_genesis_hide_footer_widgets":false,"_genesis_custom_body_class":"","_genesis_custom_post_class":"","_genesis_layout":""},"product_brand":[],"product_cat":[7132,7148,7162],"product_tag":[],"class_list":{"0":"post-45772","1":"product","2":"type-product","3":"status-publish","4":"has-post-thumbnail","6":"product_cat-books","7":"product_cat-history-geography-en","8":"product_cat-place-names-peoples-names-en","9":"pa_auteur-grosclaude-michel-en","10":"pa_editeur-per-noste-en","11":"pa_editeur-radio-pais-en","12":"pa_langue-francais-en","13":"entry","15":"first","16":"instock","17":"shipping-taxable","18":"purchasable","19":"product-type-simple"},"acf":[],"_links":{"self":[{"href":"https:\/\/www.libraria-occitana.org\/en\/wp-json\/wp\/v2\/product\/45772","targetHints":{"allow":["GET"]}}],"collection":[{"href":"https:\/\/www.libraria-occitana.org\/en\/wp-json\/wp\/v2\/product"}],"about":[{"href":"https:\/\/www.libraria-occitana.org\/en\/wp-json\/wp\/v2\/types\/product"}],"wp:featuredmedia":[{"embeddable":true,"href":"https:\/\/www.libraria-occitana.org\/en\/wp-json\/wp\/v2\/media\/45775"}],"wp:attachment":[{"href":"https:\/\/www.libraria-occitana.org\/en\/wp-json\/wp\/v2\/media?parent=45772"}],"wp:term":[{"taxonomy":"product_brand","embeddable":true,"href":"https:\/\/www.libraria-occitana.org\/en\/wp-json\/wp\/v2\/product_brand?post=45772"},{"taxonomy":"product_cat","embeddable":true,"href":"https:\/\/www.libraria-occitana.org\/en\/wp-json\/wp\/v2\/product_cat?post=45772"},{"taxonomy":"product_tag","embeddable":true,"href":"https:\/\/www.libraria-occitana.org\/en\/wp-json\/wp\/v2\/product_tag?post=45772"}],"curies":[{"name":"wp","href":"https:\/\/api.w.org\/{rel}","templated":true}]}}