{"id":45783,"date":"2018-02-09T13:16:13","date_gmt":"2018-02-09T12:16:13","guid":{"rendered":"http:\/\/www.libraria-occitana.org\/?post_type=product&#038;p=45783"},"modified":"2026-04-29T10:49:17","modified_gmt":"2026-04-29T08:49:17","slug":"deu-bohonet-qui-vole-saber-qui-lave-heit-suu-cap","status":"publish","type":"product","link":"https:\/\/www.libraria-occitana.org\/en\/product\/deu-bohonet-qui-vole-saber-qui-lave-heit-suu-cap\/","title":{"rendered":"Deu bohonet qui vol\u00e8 saber qui l&#8217;av\u00e8 h\u00e8it suu cap"},"content":{"rendered":"<p>En sortant de chez elle, la petite taupe re\u00e7oit sur la t\u00eate, une \u00e9norme crotte non identifi\u00e9e. Sploutch ! Pour trouver le responsable, elle m\u00e8ne l&#8217;enqu\u00eate aupr\u00e8s des animaux qu&#8217;elle rencontre. Splatshsh ! Fait le p\u00e2t\u00e9 laiteux du pigeon&#8230; Pouf, pouf, le crottin du cheval&#8230; Ratatata, les petits haricots ronds du lapin&#8230; Jusqu&#8217;\u00e0 ce qu&#8217;elle retrouve Jean-Henri, le chien du boucher ! Et cling ! La petite taupe se venge en d\u00e9posant son (minuscule) forfait sur sa t\u00eate ! Scatologique \u00e0 souhait, mais tr\u00e8s dr\u00f4le, l&#8217;histoire fascine et amuse les petits (d\u00e8s deux ans).<\/p>\n","protected":false},"excerpt":{"rendered":"<p>En sortant de chez elle, la petite taupe re\u00e7oit sur la t\u00eate, une \u00e9norme crotte non identifi\u00e9e. Sploutch ! Pour trouver le responsable, elle m\u00e8ne l&#8217;enqu\u00eate aupr\u00e8s des animaux qu&#8217;elle rencontre. Splatshsh ! Fait le p\u00e2t\u00e9 laiteux du pigeon&#8230; Pouf, pouf, le crottin du cheval&#8230; Ratatata, les petits haricots ronds du lapin&#8230; Jusqu&#8217;\u00e0 ce qu&#8217;elle [&hellip;]<\/p>\n","protected":false},"featured_media":45786,"template":"","meta":{"_acf_changed":false,"_genesis_hide_title":false,"_genesis_hide_breadcrumbs":false,"_genesis_hide_singular_image":false,"_genesis_hide_footer_widgets":false,"_genesis_custom_body_class":"","_genesis_custom_post_class":"","_genesis_layout":""},"product_brand":[],"product_cat":[7132,7170,7164],"product_tag":[],"class_list":{"0":"post-45783","1":"product","2":"type-product","3":"status-publish","4":"has-post-thumbnail","6":"product_cat-books","7":"product_cat-juvenile-en","8":"product_cat-juvenile-and-teen-comics-humour-en","9":"pa_auteur-erlbruch-wolf-en","10":"pa_auteur-holzwarth-werner-en","11":"pa_editeur-per-noste-en","12":"pa_langue-occitan-en","13":"pa_langue-occitan-gascon-en","14":"entry","16":"first","17":"outofstock","18":"shipping-taxable","19":"purchasable","20":"product-type-simple"},"acf":[],"_links":{"self":[{"href":"https:\/\/www.libraria-occitana.org\/en\/wp-json\/wp\/v2\/product\/45783","targetHints":{"allow":["GET"]}}],"collection":[{"href":"https:\/\/www.libraria-occitana.org\/en\/wp-json\/wp\/v2\/product"}],"about":[{"href":"https:\/\/www.libraria-occitana.org\/en\/wp-json\/wp\/v2\/types\/product"}],"wp:featuredmedia":[{"embeddable":true,"href":"https:\/\/www.libraria-occitana.org\/en\/wp-json\/wp\/v2\/media\/45786"}],"wp:attachment":[{"href":"https:\/\/www.libraria-occitana.org\/en\/wp-json\/wp\/v2\/media?parent=45783"}],"wp:term":[{"taxonomy":"product_brand","embeddable":true,"href":"https:\/\/www.libraria-occitana.org\/en\/wp-json\/wp\/v2\/product_brand?post=45783"},{"taxonomy":"product_cat","embeddable":true,"href":"https:\/\/www.libraria-occitana.org\/en\/wp-json\/wp\/v2\/product_cat?post=45783"},{"taxonomy":"product_tag","embeddable":true,"href":"https:\/\/www.libraria-occitana.org\/en\/wp-json\/wp\/v2\/product_tag?post=45783"}],"curies":[{"name":"wp","href":"https:\/\/api.w.org\/{rel}","templated":true}]}}