{"id":45799,"date":"2019-10-09T18:49:13","date_gmt":"2019-10-09T16:49:13","guid":{"rendered":"http:\/\/www.libraria-occitana.org\/product\/escapadas-autboi-hautbois-languedocien\/"},"modified":"2026-04-13T01:26:12","modified_gmt":"2026-04-12T23:26:12","slug":"escapadas-autboi-hautbois-languedocien","status":"publish","type":"product","link":"https:\/\/www.libraria-occitana.org\/en\/product\/escapadas-autboi-hautbois-languedocien\/","title":{"rendered":"Escapadas : Autb\u00f2i &#8211; Hautbois languedocien"},"content":{"rendered":"<p><strong>Philippe Carcass\u00e8s :<\/strong> <em>Autb\u00f2i<\/em> et direction artistique<br \/>\n<strong>Laurent Audemard :<\/strong> 2e autb\u00f2i (6-12), clarinettes (6), claviers, programmations et direction musicale<br \/>\n<strong>Marie Frinking-Carcass\u00e8s :<\/strong> Accord\u00e9on bi-sonore (4-14)<br \/>\n<strong>Floriane Fizaine :<\/strong> Tambour languedocien (11-15)<br \/>\n<strong>Steeve Seriat :<\/strong> Guitare (8)<\/p>\n<p>Dans cet enregistrement, le hautbois du Bas-Languedoc s&#8217;\u00e9chappe de son aire d&#8217;origine pour \u00e9voquer des horizons divers : Paraguay, Colombie, Gr\u00e8ce, Bulgarie, Su\u00e8de, Espagne, Portugal&#8230; mais en proposant aussi quelques airs s\u00e9tois in\u00e9dits, qui le relient \u00e0 un port d&#8217;attache, figur\u00e9 par la pochette illustr\u00e9e par Pierre Fran\u00e7ois. Certains titres sont con\u00e7us comme des hommages \u00e0 de grands musiciens disparus, de France, d&#8217;Argentine ou encore du Qu\u00e9bec. L&#8217;<em>autb\u00f2i<\/em> joue en solo que quelques titres, sur d&#8217;autres son accompagnement est assur\u00e9 par la guitare, l&#8217;accord\u00e9on, ou par son compagnon traditionnel le tambour de joutes&#8230;<br \/>\nSur d&#8217;autres titres encore, le savoir-faire de Laurent Audemard a permis des accompagnements plus inattendus (piano, percussions du monde&#8230;), ainsi que des soutiens harmoniques.<\/p>\n<p><strong>Titres :<\/strong><br \/>\n1. Alma Guaran\u00ed (Damasio Esquivel \/ Osvaldo Sosa Cordero)<br \/>\n2. Aval, dins un tan b\u00e8u bosquet (Th\u00e9odore Aillaud)<br \/>\n3. El coplero (Ignacio Rom\u00e1n)<br \/>\n4. La vraie valse musette (\u00c9mile Vacher)<br \/>\n5. Lang Danz (Traditionnel Su\u00e8de)<br \/>\n6. Air traditionnel bulgare<br \/>\n7. Com que voz (Alain Oulman \/ Luis de Camoes)<br \/>\n8. Valse \u00e0 Philippe (Gilles Lacour)<br \/>\n9. Soledad (Toto la Momposina)<br \/>\n10. Air populaire morave (Traditionnel Moravie)<br \/>\n11. Hommage \u00e0 John Kimmel (Philippe Bruneau)<br \/>\n12. Mandilatos (Traditionnel Thrace)<br \/>\n13. Lo languiment (<em>Vi\u00e8lha roman\u00e7a<\/em>, auteur inconnu)<br \/>\n14. Liseron (U\u00f1a Ramos)<br \/>\n15. D\u00e9fil\u00e9s de joutes (Philippe Carcass\u00e8s)<\/p>\n","protected":false},"excerpt":{"rendered":"<p>Philippe Carcass\u00e8s : Autb\u00f2i et direction artistique Laurent Audemard : 2e autb\u00f2i (6-12), clarinettes (6), claviers, programmations et direction musicale Marie Frinking-Carcass\u00e8s : Accord\u00e9on bi-sonore (4-14) Floriane Fizaine : Tambour languedocien (11-15) Steeve Seriat : Guitare (8) Dans cet enregistrement, le hautbois du Bas-Languedoc s&#8217;\u00e9chappe de son aire d&#8217;origine pour \u00e9voquer des horizons divers : [&hellip;]<\/p>\n","protected":false},"featured_media":45757,"template":"","meta":{"_acf_changed":false,"_genesis_hide_title":false,"_genesis_hide_breadcrumbs":false,"_genesis_hide_singular_image":false,"_genesis_hide_footer_widgets":false,"_genesis_custom_body_class":"","_genesis_custom_post_class":"","_genesis_layout":""},"product_brand":[],"product_cat":[7228,7216],"product_tag":[],"class_list":{"0":"post-45799","1":"product","2":"type-product","3":"status-publish","4":"has-post-thumbnail","6":"product_cat-modern-folk-en","7":"product_cat-music-en","8":"pa_auteur-carcasses-philippe-en","9":"pa_editeur-philippe-carcasses-en","10":"entry","12":"first","13":"instock","14":"shipping-taxable","15":"purchasable","16":"product-type-simple"},"acf":[],"_links":{"self":[{"href":"https:\/\/www.libraria-occitana.org\/en\/wp-json\/wp\/v2\/product\/45799","targetHints":{"allow":["GET"]}}],"collection":[{"href":"https:\/\/www.libraria-occitana.org\/en\/wp-json\/wp\/v2\/product"}],"about":[{"href":"https:\/\/www.libraria-occitana.org\/en\/wp-json\/wp\/v2\/types\/product"}],"wp:featuredmedia":[{"embeddable":true,"href":"https:\/\/www.libraria-occitana.org\/en\/wp-json\/wp\/v2\/media\/45757"}],"wp:attachment":[{"href":"https:\/\/www.libraria-occitana.org\/en\/wp-json\/wp\/v2\/media?parent=45799"}],"wp:term":[{"taxonomy":"product_brand","embeddable":true,"href":"https:\/\/www.libraria-occitana.org\/en\/wp-json\/wp\/v2\/product_brand?post=45799"},{"taxonomy":"product_cat","embeddable":true,"href":"https:\/\/www.libraria-occitana.org\/en\/wp-json\/wp\/v2\/product_cat?post=45799"},{"taxonomy":"product_tag","embeddable":true,"href":"https:\/\/www.libraria-occitana.org\/en\/wp-json\/wp\/v2\/product_tag?post=45799"}],"curies":[{"name":"wp","href":"https:\/\/api.w.org\/{rel}","templated":true}]}}