{"id":45840,"date":"2010-10-10T11:55:36","date_gmt":"2010-10-10T09:55:36","guid":{"rendered":"http:\/\/www.libraria-occitana.org\/?post_type=product&#038;p=45840"},"modified":"2026-04-18T20:16:13","modified_gmt":"2026-04-18T18:16:13","slug":"les-enduits-de-facade-chaux-platre-terre","status":"publish","type":"product","link":"https:\/\/www.libraria-occitana.org\/en\/product\/les-enduits-de-facade-chaux-platre-terre\/","title":{"rendered":"Les enduits de fa\u00e7ade, Chaux, pl\u00e2tre, terre"},"content":{"rendered":"<p><em>Les enduits de fa\u00e7ade, Chaux, pl\u00e2tre, terre<\/em>, est un pr\u00e9cis de mise en \u0153uvre et de restauration d&#8217;enduits traditionnels largement revaloris\u00e9s en protection de fa\u00e7ade depuis quelques ann\u00e9es. Sains, esth\u00e9tiques et performants, compatibles avec la plupart des supports, ces enduits sont des incontournables des chantiers d&#8217;\u00e9co-construction. Voici donc, pour les r\u00e9ussir, un v\u00e9ritable guide, qui s&#8217;int\u00e9resse tant au mat\u00e9riau qu&#8217;\u00e0 l&#8217;outil, au geste, \u00e0 l&#8217;entretien et \u00e0 la r\u00e9fection, et dans lequel vous trouverez des formulations tr\u00e8s pr\u00e9cises des mortiers d&#8217;enduit et des couches de finition, ainsi qu&#8217;une d\u00e9composition minutieuse de chaque \u00e9tape de mise en \u0153uvre.<\/p>\n<p>Pour l&#8217;artisan et l&#8217;auto-constructeur, un compagnon s\u00fbr, fruit de l&#8217;exp\u00e9rience d&#8217;hommes et de femmes de m\u00e9tier, qui leur permettra de r\u00e9aliser des fa\u00e7ades durables et d&#8217;un superbe effet d\u00e9coratif.<\/p>\n<p>Guide pratique r\u00e9alis\u00e9 par :<br \/>\n&#8211; Un collectif d&#8217;auteurs artisans sp\u00e9cialis\u00e9s en techniques d&#8217;\u00e9co-construction et \u00e9co-restauration.<br \/>\n&#8211; Des membres des associations et centres de formation Gabion, Akterre, Okhra, Caracol Eco-construction, Structure et ma terre.<\/p>\n","protected":false},"excerpt":{"rendered":"<p>Les enduits de fa\u00e7ade, Chaux, pl\u00e2tre, terre, est un pr\u00e9cis de mise en \u0153uvre et de restauration d&#8217;enduits traditionnels largement revaloris\u00e9s en protection de fa\u00e7ade depuis quelques ann\u00e9es. Sains, esth\u00e9tiques et performants, compatibles avec la plupart des supports, ces enduits sont des incontournables des chantiers d&#8217;\u00e9co-construction. Voici donc, pour les r\u00e9ussir, un v\u00e9ritable guide, qui [&hellip;]<\/p>\n","protected":false},"featured_media":45843,"template":"","meta":{"_acf_changed":false,"_genesis_hide_title":false,"_genesis_hide_breadcrumbs":false,"_genesis_hide_singular_image":false,"_genesis_hide_footer_widgets":false,"_genesis_custom_body_class":"","_genesis_custom_post_class":"","_genesis_layout":""},"product_brand":[],"product_cat":[7132,7212,7206],"product_tag":[],"class_list":{"0":"post-45840","1":"product","2":"type-product","3":"status-publish","4":"has-post-thumbnail","6":"product_cat-books","7":"product_cat-traditional-skills-savoirs-faire-en","8":"product_cat-traditions-heritage-en","9":"pa_auteur-collectiu-en-2","10":"pa_editeur-eyrolles-en","11":"pa_langue-francais-en","12":"entry","14":"first","15":"outofstock","16":"shipping-taxable","17":"purchasable","18":"product-type-simple"},"acf":[],"_links":{"self":[{"href":"https:\/\/www.libraria-occitana.org\/en\/wp-json\/wp\/v2\/product\/45840","targetHints":{"allow":["GET"]}}],"collection":[{"href":"https:\/\/www.libraria-occitana.org\/en\/wp-json\/wp\/v2\/product"}],"about":[{"href":"https:\/\/www.libraria-occitana.org\/en\/wp-json\/wp\/v2\/types\/product"}],"wp:featuredmedia":[{"embeddable":true,"href":"https:\/\/www.libraria-occitana.org\/en\/wp-json\/wp\/v2\/media\/45843"}],"wp:attachment":[{"href":"https:\/\/www.libraria-occitana.org\/en\/wp-json\/wp\/v2\/media?parent=45840"}],"wp:term":[{"taxonomy":"product_brand","embeddable":true,"href":"https:\/\/www.libraria-occitana.org\/en\/wp-json\/wp\/v2\/product_brand?post=45840"},{"taxonomy":"product_cat","embeddable":true,"href":"https:\/\/www.libraria-occitana.org\/en\/wp-json\/wp\/v2\/product_cat?post=45840"},{"taxonomy":"product_tag","embeddable":true,"href":"https:\/\/www.libraria-occitana.org\/en\/wp-json\/wp\/v2\/product_tag?post=45840"}],"curies":[{"name":"wp","href":"https:\/\/api.w.org\/{rel}","templated":true}]}}