{"id":45855,"date":"2021-12-10T12:06:49","date_gmt":"2021-12-10T11:06:49","guid":{"rendered":"http:\/\/www.libraria-occitana.org\/product\/enduits-chaux-leur-decor-mode-demploi-interieurs-et-exterieurs-a-pierres-vues-isolants-chaux-terre-paille-isolants-chaux-chanvre-finitions-badigeons-et-lait-de-chaux\/"},"modified":"2026-04-29T10:04:53","modified_gmt":"2026-04-29T08:04:53","slug":"enduits-chaux-leur-decor-mode-demploi-interieurs-et-exterieurs-a-pierres-vues-isolants-chaux-terre-paille-isolants-chaux-chanvre-finitions-badigeons-et-lait-de-chaux","status":"publish","type":"product","link":"https:\/\/www.libraria-occitana.org\/en\/product\/enduits-chaux-leur-decor-mode-demploi-interieurs-et-exterieurs-a-pierres-vues-isolants-chaux-terre-paille-isolants-chaux-chanvre-finitions-badigeons-et-lait-de-chaux\/","title":{"rendered":"Enduits chaux &#038; leur d\u00e9cor, mode d&#8217;emploi : Int\u00e9rieurs et ext\u00e9rieurs. \u00c0 pierres vues. Isolants chaux-terre-paille. Isolants chaux-chanvre. Finitions, badigeons et lait de chaux"},"content":{"rendered":"<p>Voici, mis au point par une sp\u00e9cialiste des techniques de la chaux en construction et r\u00e9novation \u00e9cologiques, une pr\u00e9sentation et des pas \u00e0 pas d\u00e9taill\u00e9s de la mise en \u0153uvre de tous les types d&#8217;enduits \u00e0 la chaux applicables en int\u00e9rieur et\/ou en ext\u00e9rieur. Gr\u00e2ce \u00e0 cet ouvrage, vous pourrez commencer par faire un bon diagnostic des murs et choisir, parmi toutes les possibilit\u00e9s, la solution protectrice et d\u00e9corative la mieux adapt\u00e9e.<br \/>\nSavoir se retrouver dans la diversit\u00e9 des enduits chaux est la premi\u00e8re garantie de pouvoir mener un chantier de A \u00e0 Z sans mauvaise surprise ! Ensuite, ce riche petit ouvrage vous d\u00e9livrera peu \u00e0 peu la mine d&#8217;informations n\u00e9cessaires pour aboutir \u00e0 un r\u00e9sultat esth\u00e9tique et durable : approvisionnement et conservation des ingr\u00e9dients, formulations pr\u00e9cises des mortiers, d\u00e9lais d&#8217;ex\u00e9cution et de s\u00e9chage, astuces de professionnel, variantes int\u00e9ressantes, avec les meilleures recettes de finitions, badigeons, laits de chaux, incrustations ou encore cirage&#8230;<\/p>\n","protected":false},"excerpt":{"rendered":"<p>Voici, mis au point par une sp\u00e9cialiste des techniques de la chaux en construction et r\u00e9novation \u00e9cologiques, une pr\u00e9sentation et des pas \u00e0 pas d\u00e9taill\u00e9s de la mise en \u0153uvre de tous les types d&#8217;enduits \u00e0 la chaux applicables en int\u00e9rieur et\/ou en ext\u00e9rieur. Gr\u00e2ce \u00e0 cet ouvrage, vous pourrez commencer par faire un bon [&hellip;]<\/p>\n","protected":false},"featured_media":45846,"template":"","meta":{"_acf_changed":false,"_genesis_hide_title":false,"_genesis_hide_breadcrumbs":false,"_genesis_hide_singular_image":false,"_genesis_hide_footer_widgets":false,"_genesis_custom_body_class":"","_genesis_custom_post_class":"","_genesis_layout":""},"product_brand":[],"product_cat":[7132,7212,7206],"product_tag":[],"class_list":{"0":"post-45855","1":"product","2":"type-product","3":"status-publish","4":"has-post-thumbnail","6":"product_cat-books","7":"product_cat-traditional-skills-savoirs-faire-en","8":"product_cat-traditions-heritage-en","9":"pa_auteur-cerro-monique-en","10":"pa_editeur-eyrolles-en","11":"pa_langue-francais-en","12":"entry","14":"first","15":"instock","16":"shipping-taxable","17":"purchasable","18":"product-type-simple"},"acf":[],"_links":{"self":[{"href":"https:\/\/www.libraria-occitana.org\/en\/wp-json\/wp\/v2\/product\/45855","targetHints":{"allow":["GET"]}}],"collection":[{"href":"https:\/\/www.libraria-occitana.org\/en\/wp-json\/wp\/v2\/product"}],"about":[{"href":"https:\/\/www.libraria-occitana.org\/en\/wp-json\/wp\/v2\/types\/product"}],"wp:featuredmedia":[{"embeddable":true,"href":"https:\/\/www.libraria-occitana.org\/en\/wp-json\/wp\/v2\/media\/45846"}],"wp:attachment":[{"href":"https:\/\/www.libraria-occitana.org\/en\/wp-json\/wp\/v2\/media?parent=45855"}],"wp:term":[{"taxonomy":"product_brand","embeddable":true,"href":"https:\/\/www.libraria-occitana.org\/en\/wp-json\/wp\/v2\/product_brand?post=45855"},{"taxonomy":"product_cat","embeddable":true,"href":"https:\/\/www.libraria-occitana.org\/en\/wp-json\/wp\/v2\/product_cat?post=45855"},{"taxonomy":"product_tag","embeddable":true,"href":"https:\/\/www.libraria-occitana.org\/en\/wp-json\/wp\/v2\/product_tag?post=45855"}],"curies":[{"name":"wp","href":"https:\/\/api.w.org\/{rel}","templated":true}]}}