{"id":45926,"date":"2018-11-11T11:18:55","date_gmt":"2018-11-11T10:18:55","guid":{"rendered":"http:\/\/www.libraria-occitana.org\/product\/cachavielha-psicomotritz\/"},"modified":"2026-04-29T10:43:16","modified_gmt":"2026-04-29T08:43:16","slug":"cachavielha-psicomotritz","status":"publish","type":"product","link":"https:\/\/www.libraria-occitana.org\/en\/product\/cachavielha-psicomotritz\/","title":{"rendered":"Cachavi\u00e8lha psicomotritz"},"content":{"rendered":"<blockquote>\n<p>[&#8230;] Mai que mai, quin sola\u00e7 de constatar qu\u2019i avi\u00e1 pas cap de punt comun entre la situacion occitana presenta (que, c\u00e8rtas, me p\u00f2t preocupar de c\u00f2ps, al punt que n\u2019ai l\u2019apet\u00eds trebolat), e la d\u2019aquesta pietadosa Eterotopia, d\u2019aquestes infortunats eterotopians, negats, alienats, divisats, tra\u00efts, incapables de trabalhar amassa e efica\u00e7ament per poder viure autrament que jos la f\u00f2rma d\u2019un marrit espectacle e lor cultura e lor lenga. [&#8230;]<\/p>\n<\/blockquote>\n<p>Avec <em>Cachavi\u00e8lha psicomotritz<\/em>, Florian Vernet souhaite mettre un point final (?) \u00e0 un \u00ab triptyque \u00bb, d\u00e9but\u00e9 avec <a href=\"http:\/\/www.libraria-occitana.org\/oc\/produch\/jrdindelasdelicias-com\/\"><em>J@rdindelasdelicias.com<\/em><\/a>, puis poursuivi avec <a href=\"http:\/\/www.libraria-occitana.org\/produit\/la-nau-dels-fols\/\"><em>La Nau dels f\u00f2ls<\/em><\/a>, qui interpelle les travers du microcosme occitaniste.<\/p>\n","protected":false},"excerpt":{"rendered":"<p>[&#8230;] Mai que mai, quin sola\u00e7 de constatar qu\u2019i avi\u00e1 pas cap de punt comun entre la situacion occitana presenta (que, c\u00e8rtas, me p\u00f2t preocupar de c\u00f2ps, al punt que n\u2019ai l\u2019apet\u00eds trebolat), e la d\u2019aquesta pietadosa Eterotopia, d\u2019aquestes infortunats eterotopians, negats, alienats, divisats, tra\u00efts, incapables de trabalhar amassa e efica\u00e7ament per poder viure autrament [&hellip;]<\/p>\n","protected":false},"featured_media":45924,"template":"","meta":{"_acf_changed":false,"_genesis_hide_title":false,"_genesis_hide_breadcrumbs":false,"_genesis_hide_singular_image":false,"_genesis_hide_footer_widgets":false,"_genesis_custom_body_class":"","_genesis_custom_post_class":"","_genesis_layout":""},"product_brand":[],"product_cat":[7132,7174,7182],"product_tag":[],"class_list":{"0":"post-45926","1":"product","2":"type-product","3":"status-publish","4":"has-post-thumbnail","6":"product_cat-books","7":"product_cat-literature-en","8":"product_cat-novels-short-stories-en","9":"pa_auteur-vernet-florian-en","10":"pa_editeur-ieo-fr-en","11":"pa_langue-occitan-en","12":"pa_langue-occitan-lengadocian-en","13":"entry","15":"first","16":"outofstock","17":"shipping-taxable","18":"purchasable","19":"product-type-simple"},"acf":[],"_links":{"self":[{"href":"https:\/\/www.libraria-occitana.org\/en\/wp-json\/wp\/v2\/product\/45926","targetHints":{"allow":["GET"]}}],"collection":[{"href":"https:\/\/www.libraria-occitana.org\/en\/wp-json\/wp\/v2\/product"}],"about":[{"href":"https:\/\/www.libraria-occitana.org\/en\/wp-json\/wp\/v2\/types\/product"}],"wp:featuredmedia":[{"embeddable":true,"href":"https:\/\/www.libraria-occitana.org\/en\/wp-json\/wp\/v2\/media\/45924"}],"wp:attachment":[{"href":"https:\/\/www.libraria-occitana.org\/en\/wp-json\/wp\/v2\/media?parent=45926"}],"wp:term":[{"taxonomy":"product_brand","embeddable":true,"href":"https:\/\/www.libraria-occitana.org\/en\/wp-json\/wp\/v2\/product_brand?post=45926"},{"taxonomy":"product_cat","embeddable":true,"href":"https:\/\/www.libraria-occitana.org\/en\/wp-json\/wp\/v2\/product_cat?post=45926"},{"taxonomy":"product_tag","embeddable":true,"href":"https:\/\/www.libraria-occitana.org\/en\/wp-json\/wp\/v2\/product_tag?post=45926"}],"curies":[{"name":"wp","href":"https:\/\/api.w.org\/{rel}","templated":true}]}}