{"id":45945,"date":"2018-11-11T12:15:49","date_gmt":"2018-11-11T11:15:49","guid":{"rendered":"http:\/\/www.libraria-occitana.org\/?post_type=product&#038;p=45945"},"modified":"2026-04-02T22:06:52","modified_gmt":"2026-04-02T20:06:52","slug":"est-o-las-orasons","status":"publish","type":"product","link":"https:\/\/www.libraria-occitana.org\/en\/product\/est-o-las-orasons\/","title":{"rendered":"Est o las orasons"},"content":{"rendered":"<p>Apr\u00e8s l\u2019<em>\u00d2di del c\u00e8rcle<\/em>, son premier roman, puis ses chroniques salu\u00e9es par la critique, S\u00e8rgi Labatut revient avec un roman qui ambitionne de r\u00e9volutionner, \u00e0 sa mani\u00e8re, la litt\u00e9rature occitane.<br \/>\nOn y suit Jo, moiti\u00e9 chanteur maudit, moiti\u00e9 proph\u00e8te, sur des chemins multiples et polychromes. C&#8217;est une errance, une qu\u00eate sans but dans un monde sans entrain.<\/p>\n","protected":false},"excerpt":{"rendered":"<p>Apr\u00e8s l\u2019\u00d2di del c\u00e8rcle, son premier roman, puis ses chroniques salu\u00e9es par la critique, S\u00e8rgi Labatut revient avec un roman qui ambitionne de r\u00e9volutionner, \u00e0 sa mani\u00e8re, la litt\u00e9rature occitane. On y suit Jo, moiti\u00e9 chanteur maudit, moiti\u00e9 proph\u00e8te, sur des chemins multiples et polychromes. C&#8217;est une errance, une qu\u00eate sans but dans un monde [&hellip;]<\/p>\n","protected":false},"featured_media":45948,"template":"","meta":{"_acf_changed":false,"_genesis_hide_title":false,"_genesis_hide_breadcrumbs":false,"_genesis_hide_singular_image":false,"_genesis_hide_footer_widgets":false,"_genesis_custom_body_class":"","_genesis_custom_post_class":"","_genesis_layout":""},"product_brand":[],"product_cat":[7132,7174,7182],"product_tag":[],"class_list":{"0":"post-45945","1":"product","2":"type-product","3":"status-publish","4":"has-post-thumbnail","6":"product_cat-books","7":"product_cat-literature-en","8":"product_cat-novels-short-stories-en","9":"pa_auteur-labatut-sergi-en","10":"pa_editeur-ieo-fr-en","11":"pa_langue-occitan-en","12":"pa_langue-occitan-lengadocian-en","13":"entry","15":"first","16":"instock","17":"shipping-taxable","18":"purchasable","19":"product-type-simple"},"acf":[],"_links":{"self":[{"href":"https:\/\/www.libraria-occitana.org\/en\/wp-json\/wp\/v2\/product\/45945","targetHints":{"allow":["GET"]}}],"collection":[{"href":"https:\/\/www.libraria-occitana.org\/en\/wp-json\/wp\/v2\/product"}],"about":[{"href":"https:\/\/www.libraria-occitana.org\/en\/wp-json\/wp\/v2\/types\/product"}],"wp:featuredmedia":[{"embeddable":true,"href":"https:\/\/www.libraria-occitana.org\/en\/wp-json\/wp\/v2\/media\/45948"}],"wp:attachment":[{"href":"https:\/\/www.libraria-occitana.org\/en\/wp-json\/wp\/v2\/media?parent=45945"}],"wp:term":[{"taxonomy":"product_brand","embeddable":true,"href":"https:\/\/www.libraria-occitana.org\/en\/wp-json\/wp\/v2\/product_brand?post=45945"},{"taxonomy":"product_cat","embeddable":true,"href":"https:\/\/www.libraria-occitana.org\/en\/wp-json\/wp\/v2\/product_cat?post=45945"},{"taxonomy":"product_tag","embeddable":true,"href":"https:\/\/www.libraria-occitana.org\/en\/wp-json\/wp\/v2\/product_tag?post=45945"}],"curies":[{"name":"wp","href":"https:\/\/api.w.org\/{rel}","templated":true}]}}