{"id":45962,"date":"2019-01-11T13:24:38","date_gmt":"2019-01-11T12:24:38","guid":{"rendered":"http:\/\/www.libraria-occitana.org\/product\/contes-a-rebors\/"},"modified":"2026-04-29T10:43:08","modified_gmt":"2026-04-29T08:43:08","slug":"contes-a-rebors","status":"publish","type":"product","link":"https:\/\/www.libraria-occitana.org\/en\/product\/contes-a-rebors\/","title":{"rendered":"Contes a rebors"},"content":{"rendered":"<p>Dans la lign\u00e9e de ses deux recueils pr\u00e9c\u00e9dents, cinq contes merveilleux inspir\u00e9s de la tradition orale, mais r\u00e9\u00e9crits par Florian Vernet, tant\u00f4t avec s\u00e9rieux et sans avoir l\u2019air d\u2019y toucher, tant\u00f4t avec une fantaisie pleine d\u2019humour :<\/p>\n<ul>\n<li>Conte du soldat qui revenait de la guerre<\/li>\n<li>Conte du Roi orgueilleux<\/li>\n<li>Le lapin qui devint Roi<\/li>\n<li>Joan B\u00e8stia\u2026 pas si b\u00eate !<\/li>\n<li>Histoire de pont, de marmite et de r\u00eaves<\/li>\n<\/ul>\n<p>Avec une traduction en fran\u00e7ais.<\/p>\n","protected":false},"excerpt":{"rendered":"<p>Dans la lign\u00e9e de ses deux recueils pr\u00e9c\u00e9dents, cinq contes merveilleux inspir\u00e9s de la tradition orale, mais r\u00e9\u00e9crits par Florian Vernet, tant\u00f4t avec s\u00e9rieux et sans avoir l\u2019air d\u2019y toucher, tant\u00f4t avec une fantaisie pleine d\u2019humour : Conte du soldat qui revenait de la guerre Conte du Roi orgueilleux Le lapin qui devint Roi Joan [&hellip;]<\/p>\n","protected":false},"featured_media":45960,"template":"","meta":{"_acf_changed":false,"_genesis_hide_title":false,"_genesis_hide_breadcrumbs":false,"_genesis_hide_singular_image":false,"_genesis_hide_footer_widgets":false,"_genesis_custom_body_class":"","_genesis_custom_post_class":"","_genesis_layout":""},"product_brand":[],"product_cat":[7132,7170,7164],"product_tag":[],"class_list":{"0":"post-45962","1":"product","2":"type-product","3":"status-publish","4":"has-post-thumbnail","6":"product_cat-books","7":"product_cat-juvenile-en","8":"product_cat-juvenile-and-teen-comics-humour-en","9":"pa_auteur-vernet-florian-en","10":"pa_editeur-ieo-fr-en","11":"pa_illustrateur-caussade-jaumeta-en","12":"pa_illustrateur-delacroix-sybille-en","13":"pa_langue-occitan-lengadocian-en","14":"pa_langue-occitan-francais-en","15":"entry","17":"first","18":"instock","19":"shipping-taxable","20":"purchasable","21":"product-type-simple"},"acf":[],"_links":{"self":[{"href":"https:\/\/www.libraria-occitana.org\/en\/wp-json\/wp\/v2\/product\/45962","targetHints":{"allow":["GET"]}}],"collection":[{"href":"https:\/\/www.libraria-occitana.org\/en\/wp-json\/wp\/v2\/product"}],"about":[{"href":"https:\/\/www.libraria-occitana.org\/en\/wp-json\/wp\/v2\/types\/product"}],"wp:featuredmedia":[{"embeddable":true,"href":"https:\/\/www.libraria-occitana.org\/en\/wp-json\/wp\/v2\/media\/45960"}],"wp:attachment":[{"href":"https:\/\/www.libraria-occitana.org\/en\/wp-json\/wp\/v2\/media?parent=45962"}],"wp:term":[{"taxonomy":"product_brand","embeddable":true,"href":"https:\/\/www.libraria-occitana.org\/en\/wp-json\/wp\/v2\/product_brand?post=45962"},{"taxonomy":"product_cat","embeddable":true,"href":"https:\/\/www.libraria-occitana.org\/en\/wp-json\/wp\/v2\/product_cat?post=45962"},{"taxonomy":"product_tag","embeddable":true,"href":"https:\/\/www.libraria-occitana.org\/en\/wp-json\/wp\/v2\/product_tag?post=45962"}],"curies":[{"name":"wp","href":"https:\/\/api.w.org\/{rel}","templated":true}]}}