{"id":45968,"date":"2019-01-16T11:37:28","date_gmt":"2019-01-16T10:37:28","guid":{"rendered":"http:\/\/www.libraria-occitana.org\/product\/la-granda-corsa-al-formatge\/"},"modified":"2026-04-25T05:21:55","modified_gmt":"2026-04-25T03:21:55","slug":"la-granda-corsa-al-formatge","status":"publish","type":"product","link":"https:\/\/www.libraria-occitana.org\/en\/product\/la-granda-corsa-al-formatge\/","title":{"rendered":"La granda corsa al formatge"},"content":{"rendered":"<p>Version occitane du long-m\u00e9trage d&#8217;animation norv\u00e9gien <em>Herfra til Fl\u00e5klypa<\/em> (La Grande course au fromage) (Qvisten, Little Kmbo).<\/p>\n<p>Solan veut participer \u00e0 la grande course au fromage qui opposera son village au village voisin et ainsi montrer \u00e0 tous qu\u2019il est un vrai champion. En secret, il parie m\u00eame la maison qu\u2019il partage avec F\u00e9odor l\u2019inventeur g\u00e9nial et Ludwig le H\u00e9risson timide. Solan et ses amis vont vite d\u00e9couvrir qu\u2019ils auront \u00e0 affronter de nombreux obstacles et adversaires de taille lors de cette grande aventure ! Pour remporter la course et sauver leur maison, ils vont braver montagnes, lacs gel\u00e9s et pr\u00e9cipices avec un fromage g\u00e9ant.<\/p>\n<p>En occitan. Sous-titrage possible en fran\u00e7ais.<\/p>\n<p>Avec les voix de J\u00f2rdi Besombes, Joan-Lo\u00eds Blenet, Bruno Cecillon, Alban Garr\u00f2s, Lauren\u00e7 Labadia, Delfina Lafon, Serge Moulin, Philippe Neyrat, Olivier Pijasson, Guilhem Surpas.<\/p>\n<p><iframe loading=\"lazy\" title=\"YouTube video player\" src=\"https:\/\/www.youtube.com\/embed\/wPhe7zcewyY\" width=\"560\" height=\"315\" frameborder=\"0\" allowfullscreen=\"allowfullscreen\"><\/iframe><\/p>\n","protected":false},"excerpt":{"rendered":"<p>Version occitane du long-m\u00e9trage d&#8217;animation norv\u00e9gien Herfra til Fl\u00e5klypa (La Grande course au fromage) (Qvisten, Little Kmbo). Solan veut participer \u00e0 la grande course au fromage qui opposera son village au village voisin et ainsi montrer \u00e0 tous qu\u2019il est un vrai champion. En secret, il parie m\u00eame la maison qu\u2019il partage avec F\u00e9odor l\u2019inventeur [&hellip;]<\/p>\n","protected":false},"featured_media":45193,"template":"","meta":{"_acf_changed":false,"_genesis_hide_title":false,"_genesis_hide_breadcrumbs":false,"_genesis_hide_singular_image":false,"_genesis_hide_footer_widgets":false,"_genesis_custom_body_class":"","_genesis_custom_post_class":"","_genesis_layout":""},"product_brand":[],"product_cat":[7245,7249],"product_tag":[],"class_list":{"0":"post-45968","1":"product","2":"type-product","3":"status-publish","4":"has-post-thumbnail","6":"product_cat-juvenile-and-teen-videos-2-en","7":"product_cat-videos-3-en","8":"pa_auteur-sivertsen-rasmus-a-en","9":"pa_editeur-contam-en","10":"pa_editeur-little-kmbo-en","11":"pa_editeur-qvisten-en","12":"pa_langue-occitan-francais-en","13":"entry","15":"first","16":"instock","17":"shipping-taxable","18":"purchasable","19":"product-type-simple"},"acf":[],"_links":{"self":[{"href":"https:\/\/www.libraria-occitana.org\/en\/wp-json\/wp\/v2\/product\/45968","targetHints":{"allow":["GET"]}}],"collection":[{"href":"https:\/\/www.libraria-occitana.org\/en\/wp-json\/wp\/v2\/product"}],"about":[{"href":"https:\/\/www.libraria-occitana.org\/en\/wp-json\/wp\/v2\/types\/product"}],"wp:featuredmedia":[{"embeddable":true,"href":"https:\/\/www.libraria-occitana.org\/en\/wp-json\/wp\/v2\/media\/45193"}],"wp:attachment":[{"href":"https:\/\/www.libraria-occitana.org\/en\/wp-json\/wp\/v2\/media?parent=45968"}],"wp:term":[{"taxonomy":"product_brand","embeddable":true,"href":"https:\/\/www.libraria-occitana.org\/en\/wp-json\/wp\/v2\/product_brand?post=45968"},{"taxonomy":"product_cat","embeddable":true,"href":"https:\/\/www.libraria-occitana.org\/en\/wp-json\/wp\/v2\/product_cat?post=45968"},{"taxonomy":"product_tag","embeddable":true,"href":"https:\/\/www.libraria-occitana.org\/en\/wp-json\/wp\/v2\/product_tag?post=45968"}],"curies":[{"name":"wp","href":"https:\/\/api.w.org\/{rel}","templated":true}]}}