{"id":45977,"date":"2009-06-11T15:26:14","date_gmt":"2009-06-11T13:26:14","guid":{"rendered":"http:\/\/www.libraria-occitana.org\/?post_type=product&#038;p=45977"},"modified":"2026-04-03T05:06:34","modified_gmt":"2026-04-03T03:06:34","slug":"lo-caton-delodia-libre-cd","status":"publish","type":"product","link":"https:\/\/www.libraria-occitana.org\/en\/product\/lo-caton-delodia-libre-cd\/","title":{"rendered":"Lo caton d&#8217;Elodia (libre + CD)"},"content":{"rendered":"<p>L&#8217;histoire en bande dessin\u00e9e du petit chat d&#8217;\u00c9lodie, qui ennuy\u00e9 par le chien, entend parler d&#8217;un fortifiant qui redonne l&#8217;app\u00e9tit aux enfants. Et si&#8230;<\/p>\n<p>Cycle 3<br \/>\nLivret p\u00e9dagogique sur\u00a0<a href=\"http:\/\/capoc.crdp-aquitaine.fr\/\">http:\/\/capoc.crdp-aquitaine.fr<\/a><\/p>\n","protected":false},"excerpt":{"rendered":"<p>L&#8217;histoire en bande dessin\u00e9e du petit chat d&#8217;\u00c9lodie, qui ennuy\u00e9 par le chien, entend parler d&#8217;un fortifiant qui redonne l&#8217;app\u00e9tit aux enfants. Et si&#8230; Cycle 3 Livret p\u00e9dagogique sur\u00a0http:\/\/capoc.crdp-aquitaine.fr<\/p>\n","protected":false},"featured_media":45980,"template":"","meta":{"_acf_changed":false,"_genesis_hide_title":false,"_genesis_hide_breadcrumbs":false,"_genesis_hide_singular_image":false,"_genesis_hide_footer_widgets":false,"_genesis_custom_body_class":"","_genesis_custom_post_class":"","_genesis_layout":""},"product_brand":[],"product_cat":[7132,7164,7170],"product_tag":[],"class_list":{"0":"post-45977","1":"product","2":"type-product","3":"status-publish","4":"has-post-thumbnail","6":"product_cat-books","7":"product_cat-juvenile-and-teen-comics-humour-en","8":"product_cat-juvenile-en","9":"pa_auteur-capoc-en","10":"pa_auteur-cassagnau-alain-en","11":"pa_editeur-canope-editions-en","12":"pa_illustrateur-monsieur-puzzle-en","13":"pa_langue-occitan-lengadocian-en","14":"pa_langue-occitan-francais-en","15":"entry","17":"first","18":"outofstock","19":"shipping-taxable","20":"purchasable","21":"product-type-simple"},"acf":[],"_links":{"self":[{"href":"https:\/\/www.libraria-occitana.org\/en\/wp-json\/wp\/v2\/product\/45977","targetHints":{"allow":["GET"]}}],"collection":[{"href":"https:\/\/www.libraria-occitana.org\/en\/wp-json\/wp\/v2\/product"}],"about":[{"href":"https:\/\/www.libraria-occitana.org\/en\/wp-json\/wp\/v2\/types\/product"}],"wp:featuredmedia":[{"embeddable":true,"href":"https:\/\/www.libraria-occitana.org\/en\/wp-json\/wp\/v2\/media\/45980"}],"wp:attachment":[{"href":"https:\/\/www.libraria-occitana.org\/en\/wp-json\/wp\/v2\/media?parent=45977"}],"wp:term":[{"taxonomy":"product_brand","embeddable":true,"href":"https:\/\/www.libraria-occitana.org\/en\/wp-json\/wp\/v2\/product_brand?post=45977"},{"taxonomy":"product_cat","embeddable":true,"href":"https:\/\/www.libraria-occitana.org\/en\/wp-json\/wp\/v2\/product_cat?post=45977"},{"taxonomy":"product_tag","embeddable":true,"href":"https:\/\/www.libraria-occitana.org\/en\/wp-json\/wp\/v2\/product_tag?post=45977"}],"curies":[{"name":"wp","href":"https:\/\/api.w.org\/{rel}","templated":true}]}}