{"id":45986,"date":"2017-03-11T17:15:18","date_gmt":"2017-03-11T16:15:18","guid":{"rendered":"http:\/\/www.libraria-occitana.org\/?post_type=product&#038;p=45986"},"modified":"2026-04-25T06:26:07","modified_gmt":"2026-04-25T04:26:07","slug":"mauresca-fracas-dub-best-of-lessencial","status":"publish","type":"product","link":"https:\/\/www.libraria-occitana.org\/en\/product\/mauresca-fracas-dub-best-of-lessencial\/","title":{"rendered":"Mauresca Frac\u00e0s Dub : Best of \/ L&#8217;essencial"},"content":{"rendered":"<p>Ce best of, L\u2019essencial, compile dix-sept des meilleurs morceaux de Mauresca, \u00e0 l\u2019image du groupe : sans langue de bois ! En prime un titre in\u00e9dit et un remix du c\u00e9l\u00e8bre \u00ab Anam Manjar \u00bb !<\/p>\n<p><strong>Titres :<\/strong><br \/>\n1. Identit\u00e9 2&#8217;34<br \/>\n2. Fai la rota 3&#8217;22<br \/>\n3. Anam Manjar 4&#8217;25<br \/>\n4. Miegjornau (feat. Manu Th\u00e9ron) 3&#8217;28<br \/>\n5. Indians de las Americas 4&#8217;36<br \/>\n6. Revoutas 4&#8217;11<br \/>\n7. St\u00e9r\u00e9otypes 4&#8217;48<br \/>\n8. La coop\u00e9rative 3&#8217;49<br \/>\n9. Seta 6&#8217;00<br \/>\n10. Vai-z-i (feat. Massilia Sound System) 3&#8217;49<br \/>\n11. Sud de France 4&#8217;49<br \/>\n12. Mauvaises id\u00e9es 4&#8217;04<br \/>\n13. Cambusa (feat. Roland Ramade) 4&#8217;45<br \/>\n14. Montpelli\u00e9rain 4&#8217;19<br \/>\n15. Salvajes 3&#8217;19<br \/>\n16. Anam manjar (Inti-fadat remix) 4&#8217;26<br \/>\n17. Mon blues (in\u00e9dit) 3&#8217;48<\/p>\n","protected":false},"excerpt":{"rendered":"<p>Ce best of, L\u2019essencial, compile dix-sept des meilleurs morceaux de Mauresca, \u00e0 l\u2019image du groupe : sans langue de bois ! En prime un titre in\u00e9dit et un remix du c\u00e9l\u00e8bre \u00ab Anam Manjar \u00bb ! Titres : 1. Identit\u00e9 2&#8217;34 2. Fai la rota 3&#8217;22 3. Anam Manjar 4&#8217;25 4. Miegjornau (feat. Manu Th\u00e9ron) [&hellip;]<\/p>\n","protected":false},"featured_media":45763,"template":"","meta":{"_acf_changed":false,"_genesis_hide_title":false,"_genesis_hide_breadcrumbs":false,"_genesis_hide_singular_image":false,"_genesis_hide_footer_widgets":false,"_genesis_custom_body_class":"","_genesis_custom_post_class":"","_genesis_layout":""},"product_brand":[],"product_cat":[7216,7234],"product_tag":[],"class_list":{"0":"post-45986","1":"product","2":"type-product","3":"status-publish","4":"has-post-thumbnail","6":"product_cat-music-en","7":"product_cat-ska-reggae-dub-en","8":"pa_auteur-mauresca-fracas-dub-en","9":"pa_editeur-lo-sage-e-lo-fol-en","10":"pa_langue-autras-lingas-en","11":"pa_langue-francais-en","12":"pa_langue-occitan-en","13":"pa_langue-occitan-lengadocian-en","14":"entry","16":"first","17":"instock","18":"shipping-taxable","19":"purchasable","20":"product-type-simple"},"acf":[],"_links":{"self":[{"href":"https:\/\/www.libraria-occitana.org\/en\/wp-json\/wp\/v2\/product\/45986","targetHints":{"allow":["GET"]}}],"collection":[{"href":"https:\/\/www.libraria-occitana.org\/en\/wp-json\/wp\/v2\/product"}],"about":[{"href":"https:\/\/www.libraria-occitana.org\/en\/wp-json\/wp\/v2\/types\/product"}],"wp:featuredmedia":[{"embeddable":true,"href":"https:\/\/www.libraria-occitana.org\/en\/wp-json\/wp\/v2\/media\/45763"}],"wp:attachment":[{"href":"https:\/\/www.libraria-occitana.org\/en\/wp-json\/wp\/v2\/media?parent=45986"}],"wp:term":[{"taxonomy":"product_brand","embeddable":true,"href":"https:\/\/www.libraria-occitana.org\/en\/wp-json\/wp\/v2\/product_brand?post=45986"},{"taxonomy":"product_cat","embeddable":true,"href":"https:\/\/www.libraria-occitana.org\/en\/wp-json\/wp\/v2\/product_cat?post=45986"},{"taxonomy":"product_tag","embeddable":true,"href":"https:\/\/www.libraria-occitana.org\/en\/wp-json\/wp\/v2\/product_tag?post=45986"}],"curies":[{"name":"wp","href":"https:\/\/api.w.org\/{rel}","templated":true}]}}