{"id":46083,"date":"2013-09-15T12:55:50","date_gmt":"2013-09-15T10:55:50","guid":{"rendered":"http:\/\/www.libraria-occitana.org\/?post_type=product&#038;p=46083"},"modified":"2026-04-25T22:42:04","modified_gmt":"2026-04-25T20:42:04","slug":"dictionnaire-occitan-francais-des-termes-darchitecture-xvie-xixe-siecles","status":"publish","type":"product","link":"https:\/\/www.libraria-occitana.org\/en\/product\/dictionnaire-occitan-francais-des-termes-darchitecture-xvie-xixe-siecles\/","title":{"rendered":"Dictionnaire occitan-fran\u00e7ais des termes d&#8217;architecture : XVIe &#8211; XIXe si\u00e8cles"},"content":{"rendered":"<p>L\u2019architecture du midi de la France s\u2019est longtemps \u00e9crite dans une langue m\u00e2tin\u00e9e de patois et d\u2019expressions locales. Que l\u2019on f\u00fbt architecte ou simple ouvrier du b\u00e2timent, on utilisait, pour se faire comprendre, des termes en usage depuis des lustres. L\u2019amour d\u2019un m\u00e9tier, la tradition des mises en \u0153uvre, comme les habitudes constructives, s\u2019\u00e9voquaient dans un \u00ab fran\u00e7ais du Midi \u00bb qui puisait ses sources dans la langue d\u2019oc et que perp\u00e9tuaient les gestes et les tours de main appris sur le chantier ou dans l\u2019\u00e9choppe. L\u2019objet de ce dictionnaire fut de rendre perceptible les mots de cette histoire locale des techniques. Les historiens, comme les simples amateurs, rencontrent dans les archives, dans les textes anciens et dans les documents manuscrits de l\u2019ancienne France, des mots et des vocables qui paraissent d\u00e9suets, mais qui furent l\u2019\u00e2me m\u00eame de l\u2019architecture m\u00e9ridionale \u2013 du XVIe au XIXe si\u00e8cles. Ce dictionnaire souhaitait en dresser l\u2019inventaire.<\/p>\n","protected":false},"excerpt":{"rendered":"<p>L\u2019architecture du midi de la France s\u2019est longtemps \u00e9crite dans une langue m\u00e2tin\u00e9e de patois et d\u2019expressions locales. Que l\u2019on f\u00fbt architecte ou simple ouvrier du b\u00e2timent, on utilisait, pour se faire comprendre, des termes en usage depuis des lustres. L\u2019amour d\u2019un m\u00e9tier, la tradition des mises en \u0153uvre, comme les habitudes constructives, s\u2019\u00e9voquaient dans [&hellip;]<\/p>\n","protected":false},"featured_media":46086,"template":"","meta":{"_acf_changed":false,"_genesis_hide_title":false,"_genesis_hide_breadcrumbs":false,"_genesis_hide_singular_image":false,"_genesis_hide_footer_widgets":false,"_genesis_custom_body_class":"","_genesis_custom_post_class":"","_genesis_layout":""},"product_brand":[],"product_cat":[7132,7136,7146],"product_tag":[],"class_list":{"0":"post-46083","1":"product","2":"type-product","3":"status-publish","4":"has-post-thumbnail","6":"product_cat-books","7":"product_cat-dictionaries-language-educational-en","8":"product_cat-vocabulary-idioms-en","9":"pa_auteur-verdier-thierry-en","10":"pa_editeur-les-editions-de-paris-en","11":"pa_illustrateur-verdier-antoine-en","12":"pa_langue-occitan-lengadocian-en","13":"pa_langue-occitan-francais-en","14":"entry","16":"first","17":"instock","18":"shipping-taxable","19":"purchasable","20":"product-type-simple"},"acf":[],"_links":{"self":[{"href":"https:\/\/www.libraria-occitana.org\/en\/wp-json\/wp\/v2\/product\/46083","targetHints":{"allow":["GET"]}}],"collection":[{"href":"https:\/\/www.libraria-occitana.org\/en\/wp-json\/wp\/v2\/product"}],"about":[{"href":"https:\/\/www.libraria-occitana.org\/en\/wp-json\/wp\/v2\/types\/product"}],"wp:featuredmedia":[{"embeddable":true,"href":"https:\/\/www.libraria-occitana.org\/en\/wp-json\/wp\/v2\/media\/46086"}],"wp:attachment":[{"href":"https:\/\/www.libraria-occitana.org\/en\/wp-json\/wp\/v2\/media?parent=46083"}],"wp:term":[{"taxonomy":"product_brand","embeddable":true,"href":"https:\/\/www.libraria-occitana.org\/en\/wp-json\/wp\/v2\/product_brand?post=46083"},{"taxonomy":"product_cat","embeddable":true,"href":"https:\/\/www.libraria-occitana.org\/en\/wp-json\/wp\/v2\/product_cat?post=46083"},{"taxonomy":"product_tag","embeddable":true,"href":"https:\/\/www.libraria-occitana.org\/en\/wp-json\/wp\/v2\/product_tag?post=46083"}],"curies":[{"name":"wp","href":"https:\/\/api.w.org\/{rel}","templated":true}]}}