{"id":46118,"date":"2015-08-15T17:58:36","date_gmt":"2015-08-15T15:58:36","guid":{"rendered":"http:\/\/www.libraria-occitana.org\/?post_type=product&#038;p=46118"},"modified":"2026-04-29T10:29:46","modified_gmt":"2026-04-29T08:29:46","slug":"la-reception-des-troubadours-en-languedoc-et-en-france-xvie-xviiie-siecle","status":"publish","type":"product","link":"https:\/\/www.libraria-occitana.org\/en\/product\/la-reception-des-troubadours-en-languedoc-et-en-france-xvie-xviiie-siecle\/","title":{"rendered":"La R\u00e9ception des troubadours en Languedoc et en France XVIe-XVIIIe si\u00e8cle"},"content":{"rendered":"<p>Ce n&#8217;est qu&#8217;\u00e0 partir de la publication des <em>Vies<\/em> de Jean de Nostredame que la France red\u00e9couvre les troubadours occitans. Plusieurs discours se constituent alors, dont celui produit par les humanistes fran\u00e7ais, repris sous forme \u00e9dulcor\u00e9e, dans les milieux mondains parisiens, et celui des \u00e9rudits du Languedoc.<\/p>\n<p><strong>Somari :<\/strong><\/p>\n<ul>\n<li>Courouau Jean-Fran\u00e7ois, Luciani Isabelle : Introduction<\/li>\n<li>Demonet Marie-Luce\u00a0: La langue des troubadours, origine de la langue fran\u00e7aise ? (Pasquier, Fauchet, Vigen\u00e8re, Rabelais)<\/li>\n<li>Courouau Jean-Fran\u00e7ois : Des troubadours dans les Bibliotheques fran\u00e7oises (Du Verdier, La Croix du Maine)<\/li>\n<li>Rosenstein Roy : Entre deux Nostredame, Jean (1575) et C\u00e9sar (1614). Jean Nicot de N\u00eemes (1606) et Jacques Ferrand d\u2019Agen (1610), lecteurs des Italiens<\/li>\n<li>Cavaill\u00e9 Jean-Pierre : \u00ab Ce pa\u00efs semble estre une pepiniere de Po\u00ebtes \u00bb. La r\u00e9f\u00e9rence aux troubadours dans le <em>Tr\u00e9sor de recherches et antiquit\u00e9s gauloises et fran\u00e7oises<\/em> de Pierre Borel (1655)<\/li>\n<li>Courouau Jean-Fran\u00e7ois : Toulouse \u00ab Capitale de la Langue Proven\u00e7ale \u00bb ou les troubadours vus par Pierre de Caseneuve (1659)<\/li>\n<li>Biedma Sabine : Guillaume Colletet et l\u2019origine du sonnet. Une histoire litt\u00e9raire bien fran\u00e7aise<\/li>\n<li>Montoya Alicia C. : Jouer aux troubadours \u00e0 l\u2019aube des Lumi\u00e8res (S\u00e9vign\u00e9, L\u2019H\u00e9ritier)<\/li>\n<li>Roussillon Marine : Les \u00ab galants troubadours \u00bb. Usages des troubadours \u00e0 l\u2019\u00e2ge classique<\/li>\n<li>Martel Philippe : Le souvenir des troubadours chez les historiens du Languedoc (XVIe-XVIIIe si\u00e8cles)<\/li>\n<li>Duranton Henri : Trouv\u00e8res et troubadours. Une guerre litt\u00e9raire au temps des Lumi\u00e8res<\/li>\n<li>Pascal Jean-No\u00ebl : Les troubadours de l\u2019Almanach\u2026 et de ses alentours. Remarques sur une absence (1765-1789)<\/li>\n<li>Bessire Fran\u00e7ois : Les troubadours au XVIIIe si\u00e8cle en France. Savoirs et repr\u00e9sentations<\/li>\n<li>Bouyssy Ma\u00eft\u00e9 : 1783-1788. Un \u00ab moment troubadour \u00bb ?<\/li>\n<li>Bibliographie<\/li>\n<li>Index des troubadours<\/li>\n<li>Index<\/li>\n<li>R\u00e9sum\u00e9s\/Abstracts<\/li>\n<\/ul>\n","protected":false},"excerpt":{"rendered":"<p>Ce n&#8217;est qu&#8217;\u00e0 partir de la publication des Vies de Jean de Nostredame que la France red\u00e9couvre les troubadours occitans. Plusieurs discours se constituent alors, dont celui produit par les humanistes fran\u00e7ais, repris sous forme \u00e9dulcor\u00e9e, dans les milieux mondains parisiens, et celui des \u00e9rudits du Languedoc. Somari : Courouau Jean-Fran\u00e7ois, Luciani Isabelle : Introduction [&hellip;]<\/p>\n","protected":false},"featured_media":46115,"template":"","meta":{"_acf_changed":false,"_genesis_hide_title":false,"_genesis_hide_breadcrumbs":false,"_genesis_hide_singular_image":false,"_genesis_hide_footer_widgets":false,"_genesis_custom_body_class":"","_genesis_custom_post_class":"","_genesis_layout":""},"product_brand":[],"product_cat":[7188,7132,7174],"product_tag":[],"class_list":{"0":"post-46118","1":"product","2":"type-product","3":"status-publish","4":"has-post-thumbnail","6":"product_cat-arts-studies-en","7":"product_cat-books","8":"product_cat-literature-en","9":"pa_auteur-collectiu-en-2","10":"pa_auteur-courouau-jean-francois-en","11":"pa_auteur-luciani-isabelle-en","12":"pa_editeur-classiques-garnier-en","13":"pa_langue-francais-en","14":"entry","16":"first","17":"instock","18":"shipping-taxable","19":"purchasable","20":"product-type-simple"},"acf":[],"_links":{"self":[{"href":"https:\/\/www.libraria-occitana.org\/en\/wp-json\/wp\/v2\/product\/46118","targetHints":{"allow":["GET"]}}],"collection":[{"href":"https:\/\/www.libraria-occitana.org\/en\/wp-json\/wp\/v2\/product"}],"about":[{"href":"https:\/\/www.libraria-occitana.org\/en\/wp-json\/wp\/v2\/types\/product"}],"wp:featuredmedia":[{"embeddable":true,"href":"https:\/\/www.libraria-occitana.org\/en\/wp-json\/wp\/v2\/media\/46115"}],"wp:attachment":[{"href":"https:\/\/www.libraria-occitana.org\/en\/wp-json\/wp\/v2\/media?parent=46118"}],"wp:term":[{"taxonomy":"product_brand","embeddable":true,"href":"https:\/\/www.libraria-occitana.org\/en\/wp-json\/wp\/v2\/product_brand?post=46118"},{"taxonomy":"product_cat","embeddable":true,"href":"https:\/\/www.libraria-occitana.org\/en\/wp-json\/wp\/v2\/product_cat?post=46118"},{"taxonomy":"product_tag","embeddable":true,"href":"https:\/\/www.libraria-occitana.org\/en\/wp-json\/wp\/v2\/product_tag?post=46118"}],"curies":[{"name":"wp","href":"https:\/\/api.w.org\/{rel}","templated":true}]}}