{"id":46859,"date":"2019-11-18T12:07:48","date_gmt":"2019-11-18T11:07:48","guid":{"rendered":"http:\/\/www.libraria-occitana.org\/?post_type=product&#038;p=46859"},"modified":"2024-07-05T00:38:11","modified_gmt":"2024-07-04T22:38:11","slug":"lo-diari-52-la-cultura-en-occitan","status":"publish","type":"product","link":"https:\/\/www.libraria-occitana.org\/en\/product\/lo-diari-52-la-cultura-en-occitan\/","title":{"rendered":"Lo diari : La cultura, en occitan #52 \u2013 Sorne, fantastic"},"content":{"rendered":"<p><em>Lo Diari<\/em>\u00a0est le magazine de la culture, toute la culture, mais en occitan. Litt\u00e9rature, musique, sport, soci\u00e9t\u00e9, audiovisuel, nouvelles technologies, vous y trouverez de tout pour chacun, pr\u00e9par\u00e9 par une \u00e9quipe de r\u00e9dacteurs de partout.<\/p>\n","protected":false},"excerpt":{"rendered":"<p>Lo Diari\u00a0est le magazine de la culture, toute la culture, mais en occitan. Litt\u00e9rature, musique, sport, soci\u00e9t\u00e9, audiovisuel, nouvelles technologies, vous y trouverez de tout pour chacun, pr\u00e9par\u00e9 par une \u00e9quipe de r\u00e9dacteurs de partout.<\/p>\n","protected":false},"featured_media":46865,"template":"","meta":{"_acf_changed":false,"_genesis_hide_title":false,"_genesis_hide_breadcrumbs":false,"_genesis_hide_singular_image":false,"_genesis_hide_footer_widgets":false,"_genesis_custom_body_class":"","_genesis_custom_post_class":"","_genesis_layout":""},"product_brand":[],"product_cat":[7132,7202],"product_tag":[],"class_list":{"0":"post-46859","1":"product","2":"type-product","3":"status-publish","4":"has-post-thumbnail","6":"product_cat-books","7":"product_cat-politics-sociology-current-affairs-en","8":"pa_auteur-collectiu-en-2","9":"pa_editeur-ieo-opm-en","10":"pa_langue-occitan-en","11":"entry","13":"first","14":"outofstock","15":"shipping-taxable","16":"purchasable","17":"product-type-simple"},"acf":[],"_links":{"self":[{"href":"https:\/\/www.libraria-occitana.org\/en\/wp-json\/wp\/v2\/product\/46859","targetHints":{"allow":["GET"]}}],"collection":[{"href":"https:\/\/www.libraria-occitana.org\/en\/wp-json\/wp\/v2\/product"}],"about":[{"href":"https:\/\/www.libraria-occitana.org\/en\/wp-json\/wp\/v2\/types\/product"}],"wp:featuredmedia":[{"embeddable":true,"href":"https:\/\/www.libraria-occitana.org\/en\/wp-json\/wp\/v2\/media\/46865"}],"wp:attachment":[{"href":"https:\/\/www.libraria-occitana.org\/en\/wp-json\/wp\/v2\/media?parent=46859"}],"wp:term":[{"taxonomy":"product_brand","embeddable":true,"href":"https:\/\/www.libraria-occitana.org\/en\/wp-json\/wp\/v2\/product_brand?post=46859"},{"taxonomy":"product_cat","embeddable":true,"href":"https:\/\/www.libraria-occitana.org\/en\/wp-json\/wp\/v2\/product_cat?post=46859"},{"taxonomy":"product_tag","embeddable":true,"href":"https:\/\/www.libraria-occitana.org\/en\/wp-json\/wp\/v2\/product_tag?post=46859"}],"curies":[{"name":"wp","href":"https:\/\/api.w.org\/{rel}","templated":true}]}}