{"id":46940,"date":"2013-03-20T13:51:21","date_gmt":"2013-03-20T12:51:21","guid":{"rendered":"http:\/\/www.libraria-occitana.org\/product\/contes-dels-quatre-vents-libre-cd\/"},"modified":"2026-04-16T21:01:48","modified_gmt":"2026-04-16T19:01:48","slug":"contes-dels-quatre-vents-libre-cd","status":"publish","type":"product","link":"https:\/\/www.libraria-occitana.org\/en\/product\/contes-dels-quatre-vents-libre-cd\/","title":{"rendered":"Contes dels Quatre Vents (libre + CD)"},"content":{"rendered":"<p>Adapt\u00e9s en occitan, voici un bel \u00e9ventail de contes choisis parmi les plus grands cr\u00e9ateurs de contes d\u2019Europe : Charles Perrault, les fr\u00e8res Grimm, Hans Andersen ou Robert Browning.<br \/>\nC\u2019est Andr\u00e9 Lagarde, le ma\u00eetre des contes d\u2019Oc, qui les a traduits pour le plus grand plaisir du lecteur.<br \/>\n\u00c0 savourer par les enfants comme par les adultes.<br \/>\nEnregistrement int\u00e9gral par Camille Bilhac.<\/p>\n","protected":false},"excerpt":{"rendered":"<p>Adapt\u00e9s en occitan, voici un bel \u00e9ventail de contes choisis parmi les plus grands cr\u00e9ateurs de contes d\u2019Europe : Charles Perrault, les fr\u00e8res Grimm, Hans Andersen ou Robert Browning. C\u2019est Andr\u00e9 Lagarde, le ma\u00eetre des contes d\u2019Oc, qui les a traduits pour le plus grand plaisir du lecteur. \u00c0 savourer par les enfants comme par [&hellip;]<\/p>\n","protected":false},"featured_media":46938,"template":"","meta":{"_acf_changed":false,"_genesis_hide_title":false,"_genesis_hide_breadcrumbs":false,"_genesis_hide_singular_image":false,"_genesis_hide_footer_widgets":false,"_genesis_custom_body_class":"","_genesis_custom_post_class":"","_genesis_layout":""},"product_brand":[],"product_cat":[7132,7174,7176],"product_tag":[],"class_list":{"0":"post-46940","1":"product","2":"type-product","3":"status-publish","4":"has-post-thumbnail","6":"product_cat-books","7":"product_cat-literature-en","8":"product_cat-tales-fables-en","9":"pa_auteur-lagarda-andrieu-en","10":"pa_editeur-letras-doc-en","11":"pa_illustrateur-fauche-jacques-en","12":"pa_langue-occitan-en","13":"pa_langue-occitan-lengadocian-en","14":"entry","16":"first","17":"instock","18":"shipping-taxable","19":"purchasable","20":"product-type-simple"},"acf":[],"_links":{"self":[{"href":"https:\/\/www.libraria-occitana.org\/en\/wp-json\/wp\/v2\/product\/46940","targetHints":{"allow":["GET"]}}],"collection":[{"href":"https:\/\/www.libraria-occitana.org\/en\/wp-json\/wp\/v2\/product"}],"about":[{"href":"https:\/\/www.libraria-occitana.org\/en\/wp-json\/wp\/v2\/types\/product"}],"wp:featuredmedia":[{"embeddable":true,"href":"https:\/\/www.libraria-occitana.org\/en\/wp-json\/wp\/v2\/media\/46938"}],"wp:attachment":[{"href":"https:\/\/www.libraria-occitana.org\/en\/wp-json\/wp\/v2\/media?parent=46940"}],"wp:term":[{"taxonomy":"product_brand","embeddable":true,"href":"https:\/\/www.libraria-occitana.org\/en\/wp-json\/wp\/v2\/product_brand?post=46940"},{"taxonomy":"product_cat","embeddable":true,"href":"https:\/\/www.libraria-occitana.org\/en\/wp-json\/wp\/v2\/product_cat?post=46940"},{"taxonomy":"product_tag","embeddable":true,"href":"https:\/\/www.libraria-occitana.org\/en\/wp-json\/wp\/v2\/product_tag?post=46940"}],"curies":[{"name":"wp","href":"https:\/\/api.w.org\/{rel}","templated":true}]}}