{"id":46947,"date":"2019-08-20T14:07:15","date_gmt":"2019-08-20T12:07:15","guid":{"rendered":"http:\/\/www.libraria-occitana.org\/product\/se-rauqueja-ma-votz\/"},"modified":"2026-04-17T21:11:06","modified_gmt":"2026-04-17T19:11:06","slug":"se-rauqueja-ma-votz","status":"publish","type":"product","link":"https:\/\/www.libraria-occitana.org\/en\/product\/se-rauqueja-ma-votz\/","title":{"rendered":"Se rauqueja ma votz"},"content":{"rendered":"<p>Plus de trente ans apr\u00e8s la publication de ses <em>\u0152uvres po\u00e9tiques<\/em>, suivies de quelques rares recueils, <em>Se rauqueja ma votz<\/em> d\u00e9voile toute une partie rest\u00e9e in\u00e9dite de la po\u00e9sie de Joan Larzac. Car le po\u00e8te n\u2019a jamais cess\u00e9 d\u2019\u00e9crire au long des ann\u00e9es.<br \/>\nEn continuit\u00e9 avec ses premiers recueils, l\u2019\u00e9criture de J. Larzac est \u00e0 l\u2019\u00e9coute de tout ce qui est humain, aujourd\u2019hui comme hier : interrogations sur l\u2019existence comme contemplation des paysages du Liban et du Languedoc.<\/p>\n<p>La traduction en fran\u00e7ais : <a href=\"http:\/\/www.libraria-occitana.org\/produit\/si-ma-voix-devient-rauque\/\"><em>Si ma voix devient rauque<\/em><\/a><\/p>\n","protected":false},"excerpt":{"rendered":"<p>Plus de trente ans apr\u00e8s la publication de ses \u0152uvres po\u00e9tiques, suivies de quelques rares recueils, Se rauqueja ma votz d\u00e9voile toute une partie rest\u00e9e in\u00e9dite de la po\u00e9sie de Joan Larzac. Car le po\u00e8te n\u2019a jamais cess\u00e9 d\u2019\u00e9crire au long des ann\u00e9es. En continuit\u00e9 avec ses premiers recueils, l\u2019\u00e9criture de J. Larzac est \u00e0 [&hellip;]<\/p>\n","protected":false},"featured_media":46945,"template":"","meta":{"_acf_changed":false,"_genesis_hide_title":false,"_genesis_hide_breadcrumbs":false,"_genesis_hide_singular_image":false,"_genesis_hide_footer_widgets":false,"_genesis_custom_body_class":"","_genesis_custom_post_class":"","_genesis_layout":""},"product_brand":[],"product_cat":[7132,7174,7180],"product_tag":[],"class_list":{"0":"post-46947","1":"product","2":"type-product","3":"status-publish","4":"has-post-thumbnail","6":"product_cat-books","7":"product_cat-literature-en","8":"product_cat-poetry-en","9":"pa_auteur-roqueta-larzac-joan-en","10":"pa_editeur-letras-doc-en","11":"pa_langue-occitan-en","12":"pa_langue-occitan-lengadocian-en","13":"entry","15":"first","16":"instock","17":"shipping-taxable","18":"purchasable","19":"product-type-simple"},"acf":[],"_links":{"self":[{"href":"https:\/\/www.libraria-occitana.org\/en\/wp-json\/wp\/v2\/product\/46947","targetHints":{"allow":["GET"]}}],"collection":[{"href":"https:\/\/www.libraria-occitana.org\/en\/wp-json\/wp\/v2\/product"}],"about":[{"href":"https:\/\/www.libraria-occitana.org\/en\/wp-json\/wp\/v2\/types\/product"}],"wp:featuredmedia":[{"embeddable":true,"href":"https:\/\/www.libraria-occitana.org\/en\/wp-json\/wp\/v2\/media\/46945"}],"wp:attachment":[{"href":"https:\/\/www.libraria-occitana.org\/en\/wp-json\/wp\/v2\/media?parent=46947"}],"wp:term":[{"taxonomy":"product_brand","embeddable":true,"href":"https:\/\/www.libraria-occitana.org\/en\/wp-json\/wp\/v2\/product_brand?post=46947"},{"taxonomy":"product_cat","embeddable":true,"href":"https:\/\/www.libraria-occitana.org\/en\/wp-json\/wp\/v2\/product_cat?post=46947"},{"taxonomy":"product_tag","embeddable":true,"href":"https:\/\/www.libraria-occitana.org\/en\/wp-json\/wp\/v2\/product_tag?post=46947"}],"curies":[{"name":"wp","href":"https:\/\/api.w.org\/{rel}","templated":true}]}}