{"id":46953,"date":"2014-11-20T16:16:52","date_gmt":"2014-11-20T15:16:52","guid":{"rendered":"http:\/\/www.libraria-occitana.org\/?post_type=product&#038;p=46953"},"modified":"2026-04-29T10:29:13","modified_gmt":"2026-04-29T08:29:13","slug":"calades-et-pavements-decoratifs-du-xiie-au-xxe-siecle","status":"publish","type":"product","link":"https:\/\/www.libraria-occitana.org\/en\/product\/calades-et-pavements-decoratifs-du-xiie-au-xxe-siecle\/","title":{"rendered":"Calades et pavements d\u00e9coratifs du XIIe au XXe si\u00e8cle"},"content":{"rendered":"<p>Ils appartiennent tellement \u00e0 l&#8217;espace urbain et quotidien, que le passant ne les voit parfois plus. Et pourtant, depuis les temps les plus anciens, pavements et calades participent \u00e0 l&#8217;identit\u00e9 des villes et villages et sont le r\u00e9v\u00e9lateur d&#8217;une qualit\u00e9 de vie.<br \/>\nCet ouvrage porte un regard particulier sur les am\u00e9nagements dans les centres anciens en s&#8217;int\u00e9ressant aux rev\u00eatements de sol en pierre dont il signale les r\u00e9alisations les plus remarquables.<br \/>\nLes auteurs se sont principalement int\u00e9ress\u00e9s \u00e0 leur dessin pour en montrer toutes les richesses et leur apport \u00e0 la qualit\u00e9 des am\u00e9nagements. Pour illustrer les diff\u00e9rents probl\u00e8mes trait\u00e9s \u00e0 l&#8217;occasion de tels travaux, il a \u00e9t\u00e9 joint aux exemples anciens des am\u00e9nagements r\u00e9cents t\u00e9moignant de l&#8217;adaptation aux usages actuels. Cette documentation alimentera le travail des concepteurs et le dialogue qu&#8217;ils engagent avec les ma\u00eetres d&#8217;ouvrage responsables de la mise en valeur du patrimoine urbain. De Versailles \u00e0 Cordes-sur-Ciel, du Puy-en-Velay \u00e0 Chamb\u00e9ry, de Monpazier \u00e0 Bastia, l&#8217;ouvrage propose un \u00e9tonnant voyage.<\/p>\n<p>Nouvelle \u00e9dition de<br \/>\n<em>Rev\u00eatements de sol en pierre en site historique<\/em><br \/>\n<em>dalles, pav\u00e9s, calades, empierrements : exemples anciens et r\u00e9cents<\/em><br \/>\nCerema (Ex-Certu) et CRMH\/M\u00e9diath\u00e8que de l&#8217;architecture et du patrimoine<\/p>\n<p>augment\u00e9e de<br \/>\n<em>\u00ab Calades et pavements d\u00e9coratifs, sols priv\u00e9s et int\u00e9rieurs \u00bb<\/em> (troisi\u00e8me partie)<br \/>\npar Jannie Mayer.<\/p>\n","protected":false},"excerpt":{"rendered":"<p>Ils appartiennent tellement \u00e0 l&#8217;espace urbain et quotidien, que le passant ne les voit parfois plus. Et pourtant, depuis les temps les plus anciens, pavements et calades participent \u00e0 l&#8217;identit\u00e9 des villes et villages et sont le r\u00e9v\u00e9lateur d&#8217;une qualit\u00e9 de vie. Cet ouvrage porte un regard particulier sur les am\u00e9nagements dans les centres anciens [&hellip;]<\/p>\n","protected":false},"featured_media":46951,"template":"","meta":{"_acf_changed":false,"_genesis_hide_title":false,"_genesis_hide_breadcrumbs":false,"_genesis_hide_singular_image":false,"_genesis_hide_footer_widgets":false,"_genesis_custom_body_class":"","_genesis_custom_post_class":"","_genesis_layout":""},"product_brand":[],"product_cat":[7132,7212,7206],"product_tag":[],"class_list":{"0":"post-46953","1":"product","2":"type-product","3":"status-publish","4":"has-post-thumbnail","6":"product_cat-books","7":"product_cat-traditional-skills-savoirs-faire-en","8":"product_cat-traditions-heritage-en","9":"pa_auteur-collectiu-en-2","10":"pa_editeur-editions-du-patrimoine-en","11":"pa_langue-francais-en","12":"entry","14":"first","15":"outofstock","16":"shipping-taxable","17":"purchasable","18":"product-type-simple"},"acf":[],"_links":{"self":[{"href":"https:\/\/www.libraria-occitana.org\/en\/wp-json\/wp\/v2\/product\/46953","targetHints":{"allow":["GET"]}}],"collection":[{"href":"https:\/\/www.libraria-occitana.org\/en\/wp-json\/wp\/v2\/product"}],"about":[{"href":"https:\/\/www.libraria-occitana.org\/en\/wp-json\/wp\/v2\/types\/product"}],"wp:featuredmedia":[{"embeddable":true,"href":"https:\/\/www.libraria-occitana.org\/en\/wp-json\/wp\/v2\/media\/46951"}],"wp:attachment":[{"href":"https:\/\/www.libraria-occitana.org\/en\/wp-json\/wp\/v2\/media?parent=46953"}],"wp:term":[{"taxonomy":"product_brand","embeddable":true,"href":"https:\/\/www.libraria-occitana.org\/en\/wp-json\/wp\/v2\/product_brand?post=46953"},{"taxonomy":"product_cat","embeddable":true,"href":"https:\/\/www.libraria-occitana.org\/en\/wp-json\/wp\/v2\/product_cat?post=46953"},{"taxonomy":"product_tag","embeddable":true,"href":"https:\/\/www.libraria-occitana.org\/en\/wp-json\/wp\/v2\/product_tag?post=46953"}],"curies":[{"name":"wp","href":"https:\/\/api.w.org\/{rel}","templated":true}]}}