{"id":46959,"date":"2019-11-20T18:07:36","date_gmt":"2019-11-20T17:07:36","guid":{"rendered":"http:\/\/www.libraria-occitana.org\/product\/terre-mere\/"},"modified":"2026-04-29T01:51:45","modified_gmt":"2026-04-28T23:51:45","slug":"terre-mere","status":"publish","type":"product","link":"https:\/\/www.libraria-occitana.org\/en\/product\/terre-mere\/","title":{"rendered":"Terre m\u00e8re"},"content":{"rendered":"<p>Textes de Marcelle Delpastre, gravures de Pavel Macek.<br \/>\nTextes bilingues : fran\u00e7ais et tch\u00e8que (traduction Pavel Macek).<\/p>\n<p><strong>Marcelle Delpastre<\/strong> (1925-1998), \u00e9crivain, po\u00e8te, ethnologue, agricultrice, est n\u00e9e, a v\u00e9cu, est d\u00e9c\u00e9d\u00e9e \u00e0 Germont en limousin.<br \/>\nElle est l&#8217;auteur de plus d&#8217;une quarantaine d&#8217;ouvrages en fran\u00e7ais et\/ou en occitan \u2013 \u00e9dit\u00e9s principalement chez Payot et aux \u00e9ditions Lo chamin de Sent Jaume \u2013, et a publi\u00e9 de nombreuses contributions dans divers p\u00e9riodiques.<\/p>\n<p><strong>Pavel Macek<\/strong>, graveur, n\u00e9 \u00e0 Prague, a v\u00e9cu en Limousin de 1978 \u00e0 2017.<br \/>\nEn 1986 il a re\u00e7u \u00e0 Paris le prix Jean Chi\u00e8ze pour ses gravures sur bois.<br \/>\nIl utilise la technique dite \u00ab \u00e0 bois perdu \u00bb et ses estampes peuvent pr\u00e9senter de trois \u00e0 onze couleurs. Les illustrations de cet ouvrage sont des gravures sur lino, technique qu&#8217;il pr\u00e9f\u00e8re depuis son retour \u00e0 Prague.<br \/>\nIl a expos\u00e9 ses \u0153uvres dans diverses villes d&#8217;Europe (Prague, Belgrade, Sarajevo, Silkeborg&#8230;), mais aussi en France (Gu\u00e9ret, Limoges, \u00c9vian, Rodez, Gordes&#8230;).<\/p>\n","protected":false},"excerpt":{"rendered":"<p>Textes de Marcelle Delpastre, gravures de Pavel Macek. Textes bilingues : fran\u00e7ais et tch\u00e8que (traduction Pavel Macek). Marcelle Delpastre (1925-1998), \u00e9crivain, po\u00e8te, ethnologue, agricultrice, est n\u00e9e, a v\u00e9cu, est d\u00e9c\u00e9d\u00e9e \u00e0 Germont en limousin. Elle est l&#8217;auteur de plus d&#8217;une quarantaine d&#8217;ouvrages en fran\u00e7ais et\/ou en occitan \u2013 \u00e9dit\u00e9s principalement chez Payot et aux \u00e9ditions [&hellip;]<\/p>\n","protected":false},"featured_media":46957,"template":"","meta":{"_acf_changed":false,"_genesis_hide_title":false,"_genesis_hide_breadcrumbs":false,"_genesis_hide_singular_image":false,"_genesis_hide_footer_widgets":false,"_genesis_custom_body_class":"","_genesis_custom_post_class":"","_genesis_layout":""},"product_brand":[],"product_cat":[7134,7132,7174,7180],"product_tag":[],"class_list":{"0":"post-46959","1":"product","2":"type-product","3":"status-publish","4":"has-post-thumbnail","6":"product_cat-arts-en","7":"product_cat-books","8":"product_cat-literature-en","9":"product_cat-poetry-en","10":"pa_auteur-delpastre-marcela-en","11":"pa_auteur-macek-pavel-en","12":"pa_editeur-marsa-publications-en","13":"pa_langue-autras-lingas-en","14":"pa_langue-francais-en","15":"entry","17":"first","18":"outofstock","19":"shipping-taxable","20":"purchasable","21":"product-type-simple"},"acf":[],"_links":{"self":[{"href":"https:\/\/www.libraria-occitana.org\/en\/wp-json\/wp\/v2\/product\/46959","targetHints":{"allow":["GET"]}}],"collection":[{"href":"https:\/\/www.libraria-occitana.org\/en\/wp-json\/wp\/v2\/product"}],"about":[{"href":"https:\/\/www.libraria-occitana.org\/en\/wp-json\/wp\/v2\/types\/product"}],"wp:featuredmedia":[{"embeddable":true,"href":"https:\/\/www.libraria-occitana.org\/en\/wp-json\/wp\/v2\/media\/46957"}],"wp:attachment":[{"href":"https:\/\/www.libraria-occitana.org\/en\/wp-json\/wp\/v2\/media?parent=46959"}],"wp:term":[{"taxonomy":"product_brand","embeddable":true,"href":"https:\/\/www.libraria-occitana.org\/en\/wp-json\/wp\/v2\/product_brand?post=46959"},{"taxonomy":"product_cat","embeddable":true,"href":"https:\/\/www.libraria-occitana.org\/en\/wp-json\/wp\/v2\/product_cat?post=46959"},{"taxonomy":"product_tag","embeddable":true,"href":"https:\/\/www.libraria-occitana.org\/en\/wp-json\/wp\/v2\/product_tag?post=46959"}],"curies":[{"name":"wp","href":"https:\/\/api.w.org\/{rel}","templated":true}]}}