{"id":46993,"date":"2019-05-22T11:58:28","date_gmt":"2019-05-22T09:58:28","guid":{"rendered":"http:\/\/www.libraria-occitana.org\/?post_type=product&#038;p=46993"},"modified":"2026-04-29T10:49:33","modified_gmt":"2026-04-29T08:49:33","slug":"beroja-vita-de-can","status":"publish","type":"product","link":"https:\/\/www.libraria-occitana.org\/en\/product\/beroja-vita-de-can\/","title":{"rendered":"Ber\u00f2ja vita de can !"},"content":{"rendered":"<p>Brrr quel froid de canard ce matin, un vrai temps de chien ! La journ\u00e9e commence mal et notre bonhomme va la traverser comme un grand zoo peupl\u00e9 de toute la panoplie des expressions animales. Tous les noms d&#8217;oiseaux vont y passer, mais une seule rencontre tr\u00e8s inattendue en fera un moment au final tr\u00e8s humain !<\/p>\n","protected":false},"excerpt":{"rendered":"<p>Brrr quel froid de canard ce matin, un vrai temps de chien ! La journ\u00e9e commence mal et notre bonhomme va la traverser comme un grand zoo peupl\u00e9 de toute la panoplie des expressions animales. Tous les noms d&#8217;oiseaux vont y passer, mais une seule rencontre tr\u00e8s inattendue en fera un moment au final tr\u00e8s [&hellip;]<\/p>\n","protected":false},"featured_media":46999,"template":"","meta":{"_acf_changed":false,"_genesis_hide_title":false,"_genesis_hide_breadcrumbs":false,"_genesis_hide_singular_image":false,"_genesis_hide_footer_widgets":false,"_genesis_custom_body_class":"","_genesis_custom_post_class":"","_genesis_layout":""},"product_brand":[],"product_cat":[7132,7170,7164],"product_tag":[],"class_list":{"0":"post-46993","1":"product","2":"type-product","3":"status-publish","4":"has-post-thumbnail","6":"product_cat-books","7":"product_cat-juvenile-en","8":"product_cat-juvenile-and-teen-comics-humour-en","9":"pa_auteur-voltz-christian-en","10":"pa_editeur-per-noste-en","11":"pa_illustrateur-guilhemjoan-patric-1-en","12":"pa_illustrateur-labandes-claudia-en","13":"pa_langue-occitan-en","14":"pa_langue-occitan-gascon-en","15":"entry","17":"first","18":"outofstock","19":"shipping-taxable","20":"purchasable","21":"product-type-simple"},"acf":[],"_links":{"self":[{"href":"https:\/\/www.libraria-occitana.org\/en\/wp-json\/wp\/v2\/product\/46993","targetHints":{"allow":["GET"]}}],"collection":[{"href":"https:\/\/www.libraria-occitana.org\/en\/wp-json\/wp\/v2\/product"}],"about":[{"href":"https:\/\/www.libraria-occitana.org\/en\/wp-json\/wp\/v2\/types\/product"}],"wp:featuredmedia":[{"embeddable":true,"href":"https:\/\/www.libraria-occitana.org\/en\/wp-json\/wp\/v2\/media\/46999"}],"wp:attachment":[{"href":"https:\/\/www.libraria-occitana.org\/en\/wp-json\/wp\/v2\/media?parent=46993"}],"wp:term":[{"taxonomy":"product_brand","embeddable":true,"href":"https:\/\/www.libraria-occitana.org\/en\/wp-json\/wp\/v2\/product_brand?post=46993"},{"taxonomy":"product_cat","embeddable":true,"href":"https:\/\/www.libraria-occitana.org\/en\/wp-json\/wp\/v2\/product_cat?post=46993"},{"taxonomy":"product_tag","embeddable":true,"href":"https:\/\/www.libraria-occitana.org\/en\/wp-json\/wp\/v2\/product_tag?post=46993"}],"curies":[{"name":"wp","href":"https:\/\/api.w.org\/{rel}","templated":true}]}}