{"id":47029,"date":"2019-10-22T18:14:05","date_gmt":"2019-10-22T16:14:05","guid":{"rendered":"http:\/\/www.libraria-occitana.org\/?post_type=product&#038;p=47029"},"modified":"2026-04-29T01:36:40","modified_gmt":"2026-04-28T23:36:40","slug":"les-races-de-pays-de-nouvelle-aquitaine","status":"publish","type":"product","link":"https:\/\/www.libraria-occitana.org\/en\/product\/les-races-de-pays-de-nouvelle-aquitaine\/","title":{"rendered":"Les races de pays de Nouvelle-Aquitaine"},"content":{"rendered":"<p>Voici l\u2019ouvrage de r\u00e9f\u00e9rence pour tout conna\u00eetre des races d\u2019animaux qui ont \u00e9t\u00e9 domestiqu\u00e9s par l\u2019homme en Nouvelle-Aquitaine.<br \/>\nDes bovins aux abeilles, \u00c9ric Rousseaux, pr\u00e9sente l\u2019histoire des races, leurs caract\u00e9ristiques ainsi que le travail des \u00e9leveurs et leur r\u00f4le dans la protection et la conservation des esp\u00e8ces. Ce livre met en avant les enjeux de la domestication du point de vue de la valorisation p\u00e9dagogique, culturelle, patrimoniale et identitaire de la diversit\u00e9 des populations animales domestiques que l\u2019on peut rencontrer dans un pays ou une r\u00e9gion.<\/p>\n","protected":false},"excerpt":{"rendered":"<p>Voici l\u2019ouvrage de r\u00e9f\u00e9rence pour tout conna\u00eetre des races d\u2019animaux qui ont \u00e9t\u00e9 domestiqu\u00e9s par l\u2019homme en Nouvelle-Aquitaine. Des bovins aux abeilles, \u00c9ric Rousseaux, pr\u00e9sente l\u2019histoire des races, leurs caract\u00e9ristiques ainsi que le travail des \u00e9leveurs et leur r\u00f4le dans la protection et la conservation des esp\u00e8ces. Ce livre met en avant les enjeux de [&hellip;]<\/p>\n","protected":false},"featured_media":51837,"template":"","meta":{"_acf_changed":false,"_genesis_hide_title":false,"_genesis_hide_breadcrumbs":false,"_genesis_hide_singular_image":false,"_genesis_hide_footer_widgets":false,"_genesis_custom_body_class":"","_genesis_custom_post_class":"","_genesis_layout":""},"product_brand":[],"product_cat":[7132,7212,7206],"product_tag":[],"class_list":{"0":"post-47029","1":"product","2":"type-product","3":"status-publish","4":"has-post-thumbnail","6":"product_cat-books","7":"product_cat-traditional-skills-savoirs-faire-en","8":"product_cat-traditions-heritage-en","9":"pa_auteur-rousseaux-eric-en","10":"pa_editeur-geste-en","11":"pa_langue-francais-en","12":"entry","14":"first","15":"outofstock","16":"shipping-taxable","17":"purchasable","18":"product-type-simple"},"acf":[],"_links":{"self":[{"href":"https:\/\/www.libraria-occitana.org\/en\/wp-json\/wp\/v2\/product\/47029","targetHints":{"allow":["GET"]}}],"collection":[{"href":"https:\/\/www.libraria-occitana.org\/en\/wp-json\/wp\/v2\/product"}],"about":[{"href":"https:\/\/www.libraria-occitana.org\/en\/wp-json\/wp\/v2\/types\/product"}],"wp:featuredmedia":[{"embeddable":true,"href":"https:\/\/www.libraria-occitana.org\/en\/wp-json\/wp\/v2\/media\/51837"}],"wp:attachment":[{"href":"https:\/\/www.libraria-occitana.org\/en\/wp-json\/wp\/v2\/media?parent=47029"}],"wp:term":[{"taxonomy":"product_brand","embeddable":true,"href":"https:\/\/www.libraria-occitana.org\/en\/wp-json\/wp\/v2\/product_brand?post=47029"},{"taxonomy":"product_cat","embeddable":true,"href":"https:\/\/www.libraria-occitana.org\/en\/wp-json\/wp\/v2\/product_cat?post=47029"},{"taxonomy":"product_tag","embeddable":true,"href":"https:\/\/www.libraria-occitana.org\/en\/wp-json\/wp\/v2\/product_tag?post=47029"}],"curies":[{"name":"wp","href":"https:\/\/api.w.org\/{rel}","templated":true}]}}