{"id":47036,"date":"2019-11-22T19:06:06","date_gmt":"2019-11-22T18:06:06","guid":{"rendered":"http:\/\/www.libraria-occitana.org\/?post_type=product&#038;p=47036"},"modified":"2026-04-29T01:36:46","modified_gmt":"2026-04-28T23:36:46","slug":"le-loup-en-correze","status":"publish","type":"product","link":"https:\/\/www.libraria-occitana.org\/en\/product\/le-loup-en-correze\/","title":{"rendered":"Le loup en Corr\u00e8ze"},"content":{"rendered":"<p>On parle, on atteste m\u00eame aujourd&#8217;hui du retour de la b\u00eate mythique en Corr\u00e8ze. Or, si le loup, depuis les ann\u00e9es 1920-30, avait disparu du paysage r\u00e9el, jamais son souvenir, dans la toponymie et la tradition orale ne s&#8217;est d\u00e9menti : lieux-dits, fosses, leberons (l\u00e9b\u00e9rous), danses, contes&#8230; Il est l&#8217;un des animaux parmi les plus pr\u00e9sents dans les repr\u00e9sentations populaires, du pr\u00e9dateur au s\u00e9ducteur&#8230;<br \/>\nL&#8217;itin\u00e9raire pr\u00e9sent\u00e9 dans cet ouvrage propose un jeu de pistes anecdotiques, historiques, symboliques, sacr\u00e9es&#8230; De quoi se poser les bases d&#8217;une r\u00e9flexion et, qui sait, d&#8217;un r\u00e9el dialogue, \u00e0 l&#8217;\u00e9coute des traces concernant le loup dans les m\u00e9moires et dans le paysage, ainsi que des r\u00e9alit\u00e9s mat\u00e9rielles et scientifiques des uns et des autres&#8230;<\/p>\n","protected":false},"excerpt":{"rendered":"<p>On parle, on atteste m\u00eame aujourd&#8217;hui du retour de la b\u00eate mythique en Corr\u00e8ze. Or, si le loup, depuis les ann\u00e9es 1920-30, avait disparu du paysage r\u00e9el, jamais son souvenir, dans la toponymie et la tradition orale ne s&#8217;est d\u00e9menti : lieux-dits, fosses, leberons (l\u00e9b\u00e9rous), danses, contes&#8230; Il est l&#8217;un des animaux parmi les plus [&hellip;]<\/p>\n","protected":false},"featured_media":51831,"template":"","meta":{"_acf_changed":false,"_genesis_hide_title":false,"_genesis_hide_breadcrumbs":false,"_genesis_hide_singular_image":false,"_genesis_hide_footer_widgets":false,"_genesis_custom_body_class":"","_genesis_custom_post_class":"","_genesis_layout":""},"product_brand":[],"product_cat":[7132,7208,7200,7196,7206],"product_tag":[],"class_list":{"0":"post-47036","1":"product","2":"type-product","3":"status-publish","4":"has-post-thumbnail","6":"product_cat-books","7":"product_cat-customs-rites-and-beliefs-en","8":"product_cat-nature-gardening-en","9":"product_cat-nature-tourism-en","10":"product_cat-traditions-heritage-en","11":"pa_auteur-dumerchat-frederic-en","12":"pa_auteur-ribouillault-claude-en","13":"pa_editeur-geste-en","14":"pa_langue-francais-en","15":"entry","17":"first","18":"instock","19":"shipping-taxable","20":"purchasable","21":"product-type-simple"},"acf":[],"_links":{"self":[{"href":"https:\/\/www.libraria-occitana.org\/en\/wp-json\/wp\/v2\/product\/47036","targetHints":{"allow":["GET"]}}],"collection":[{"href":"https:\/\/www.libraria-occitana.org\/en\/wp-json\/wp\/v2\/product"}],"about":[{"href":"https:\/\/www.libraria-occitana.org\/en\/wp-json\/wp\/v2\/types\/product"}],"wp:featuredmedia":[{"embeddable":true,"href":"https:\/\/www.libraria-occitana.org\/en\/wp-json\/wp\/v2\/media\/51831"}],"wp:attachment":[{"href":"https:\/\/www.libraria-occitana.org\/en\/wp-json\/wp\/v2\/media?parent=47036"}],"wp:term":[{"taxonomy":"product_brand","embeddable":true,"href":"https:\/\/www.libraria-occitana.org\/en\/wp-json\/wp\/v2\/product_brand?post=47036"},{"taxonomy":"product_cat","embeddable":true,"href":"https:\/\/www.libraria-occitana.org\/en\/wp-json\/wp\/v2\/product_cat?post=47036"},{"taxonomy":"product_tag","embeddable":true,"href":"https:\/\/www.libraria-occitana.org\/en\/wp-json\/wp\/v2\/product_tag?post=47036"}],"curies":[{"name":"wp","href":"https:\/\/api.w.org\/{rel}","templated":true}]}}