{"id":47150,"date":"2012-07-27T10:54:20","date_gmt":"2012-07-27T08:54:20","guid":{"rendered":"http:\/\/www.libraria-occitana.org\/?post_type=product&#038;p=47150"},"modified":"2026-04-18T05:56:21","modified_gmt":"2026-04-18T03:56:21","slug":"solstice-and-other-poems-poems-in-occitan","status":"publish","type":"product","link":"https:\/\/www.libraria-occitana.org\/en\/product\/solstice-and-other-poems-poems-in-occitan\/","title":{"rendered":"Solstice and Other Poems : Poems in occitan"},"content":{"rendered":"<p><span style=\"color: #ff0000;\">[oc] Mens char (vielha edicion, libre passat) \u2013 [fr] Prix r\u00e9duit (vieille \u00e9dition, livre d\u00e9fra\u00eechi) \u2013 [en] Discount price (early edition, worn book)<\/span><\/p>\n<p><em>Solstice and Other Poems<\/em> is the first major parallel Occitan-English publication of prize-winning Occitan and French poet Aur\u00e9lia Lassaque.<br \/>\nIn <em>Solstice, the Call of Janus<\/em> (<em>Solstici, lo Bram de Janus<\/em>), her most recent work, a woman (Bella in the English version) arrives alone amongst a rural community on the eve of the summer solstice. As annual rituals are performed, she encounters the sensual forces of a universe that questions the fixed nature of temporal and earthly borders. <em>Dawn of Wolves<\/em> (<em>L&#8217;Alba dels Lops<\/em>) brings together nineteen other poems, highly-polished fragments of a powerfully-imagined world of surreal encounters and unresolved emotions. This volume confirms Aur\u00e9lia Lassaque as one of the leading contemporary voices in Occitan literature.<\/p>\n","protected":false},"excerpt":{"rendered":"<p>[oc] Mens char (vielha edicion, libre passat) \u2013 [fr] Prix r\u00e9duit (vieille \u00e9dition, livre d\u00e9fra\u00eechi) \u2013 [en] Discount price (early edition, worn book) Solstice and Other Poems is the first major parallel Occitan-English publication of prize-winning Occitan and French poet Aur\u00e9lia Lassaque. In Solstice, the Call of Janus (Solstici, lo Bram de Janus), her most [&hellip;]<\/p>\n","protected":false},"featured_media":47130,"template":"","meta":{"_acf_changed":false,"_genesis_hide_title":false,"_genesis_hide_breadcrumbs":false,"_genesis_hide_singular_image":false,"_genesis_hide_footer_widgets":false,"_genesis_custom_body_class":"","_genesis_custom_post_class":"","_genesis_layout":""},"product_brand":[],"product_cat":[7132,7174,7180,7238],"product_tag":[],"class_list":{"0":"post-47150","1":"product","2":"type-product","3":"status-publish","4":"has-post-thumbnail","6":"product_cat-books","7":"product_cat-literature-en","8":"product_cat-poetry-en","9":"product_cat-promotions-en","10":"pa_auteur-lassaque-aurelia-en","11":"pa_editeur-francis-boutle-publishers-en","12":"pa_illustrateur-thomas-james-1-en","13":"pa_langue-autras-lingas-en","14":"pa_langue-occitan-en","15":"pa_langue-occitan-lengadocian-en","16":"entry","18":"first","19":"outofstock","20":"sale","21":"shipping-taxable","22":"purchasable","23":"product-type-simple"},"acf":[],"_links":{"self":[{"href":"https:\/\/www.libraria-occitana.org\/en\/wp-json\/wp\/v2\/product\/47150","targetHints":{"allow":["GET"]}}],"collection":[{"href":"https:\/\/www.libraria-occitana.org\/en\/wp-json\/wp\/v2\/product"}],"about":[{"href":"https:\/\/www.libraria-occitana.org\/en\/wp-json\/wp\/v2\/types\/product"}],"wp:featuredmedia":[{"embeddable":true,"href":"https:\/\/www.libraria-occitana.org\/en\/wp-json\/wp\/v2\/media\/47130"}],"wp:attachment":[{"href":"https:\/\/www.libraria-occitana.org\/en\/wp-json\/wp\/v2\/media?parent=47150"}],"wp:term":[{"taxonomy":"product_brand","embeddable":true,"href":"https:\/\/www.libraria-occitana.org\/en\/wp-json\/wp\/v2\/product_brand?post=47150"},{"taxonomy":"product_cat","embeddable":true,"href":"https:\/\/www.libraria-occitana.org\/en\/wp-json\/wp\/v2\/product_cat?post=47150"},{"taxonomy":"product_tag","embeddable":true,"href":"https:\/\/www.libraria-occitana.org\/en\/wp-json\/wp\/v2\/product_tag?post=47150"}],"curies":[{"name":"wp","href":"https:\/\/api.w.org\/{rel}","templated":true}]}}