{"id":47353,"date":"2019-11-06T12:46:15","date_gmt":"2019-11-06T11:46:15","guid":{"rendered":"http:\/\/www.libraria-occitana.org\/product\/prestige-de-rochechouart-les-destinees-dun-nom-et-dun-chateau\/"},"modified":"2026-04-25T21:46:39","modified_gmt":"2026-04-25T19:46:39","slug":"prestige-de-rochechouart-les-destinees-dun-nom-et-dun-chateau","status":"publish","type":"product","link":"https:\/\/www.libraria-occitana.org\/en\/product\/prestige-de-rochechouart-les-destinees-dun-nom-et-dun-chateau\/","title":{"rendered":"Prestige de Rochechouart : Les destin\u00e9es d&#8217;un nom et d&#8217;un ch\u00e2teau"},"content":{"rendered":"<p>Rochechouart est l\u2019un de ces noms connu de tous. Associ\u00e9 \u00e0 un boulevard et \u00e0 un bel h\u00f4tel parisiens, il correspond d\u2019abord \u00e0 une localit\u00e9 des confins du Limousin, du Poitou et du P\u00e9rigord, au c\u0153ur de la Nouvelle-Aquitaine. N\u00e9e vers l\u2019An Mil, elle devient vite le si\u00e8ge d\u2019une vicomt\u00e9. Ses seigneurs donnent naissance \u00e0 de nombreuses branches cadettes qui exportent le nom prestigieux de Rochechouart dans d\u2019autres r\u00e9gions.<br \/>\nParall\u00e8lement, la petite ville n\u00e9e de son ch\u00e2teau a tiss\u00e9 sa propre histoire. Impact\u00e9e par toutes les guerres qui agitent la France, cette modeste capitale de \u00ab pa\u00efs \u00bb a peu \u00e0 peu \u00e9t\u00e9 submerg\u00e9e par l\u2019essor \u00e9conomique de p\u00f4les concurrents. Mais, avec le concours de ses vicomtes et l\u2019obstination de ses habitants, la ville a su se maintenir comme chef-lieu et \u00e9voluer dans ses fonctions.<br \/>\n\u00c0 l\u2019\u00e8re de la m\u00e9tropolisation en marche, Rochechouart conserve de ses heures de gloire de nombreux atours : un superbe ch\u00e2teau, un patrimoine b\u00e2ti remarquable, un terroir riche en authenticit\u00e9, en manoirs et en histoires. C\u2019est \u00e0 la d\u00e9couverte de ce pass\u00e9 prestigieux que convie cet ouvrage.<\/p>\n","protected":false},"excerpt":{"rendered":"<p>Rochechouart est l\u2019un de ces noms connu de tous. Associ\u00e9 \u00e0 un boulevard et \u00e0 un bel h\u00f4tel parisiens, il correspond d\u2019abord \u00e0 une localit\u00e9 des confins du Limousin, du Poitou et du P\u00e9rigord, au c\u0153ur de la Nouvelle-Aquitaine. N\u00e9e vers l\u2019An Mil, elle devient vite le si\u00e8ge d\u2019une vicomt\u00e9. Ses seigneurs donnent naissance \u00e0 [&hellip;]<\/p>\n","protected":false},"featured_media":47351,"template":"","meta":{"_acf_changed":false,"_genesis_hide_title":false,"_genesis_hide_breadcrumbs":false,"_genesis_hide_singular_image":false,"_genesis_hide_footer_widgets":false,"_genesis_custom_body_class":"","_genesis_custom_post_class":"","_genesis_layout":""},"product_brand":[],"product_cat":[7132,7156,7148],"product_tag":[],"class_list":{"0":"post-47353","1":"product","2":"type-product","3":"status-publish","4":"has-post-thumbnail","6":"product_cat-books","7":"product_cat-general-history-en","8":"product_cat-history-geography-en","9":"pa_auteur-remy-christian-en","10":"pa_editeur-les-ardents-editeurs-en","11":"pa_langue-francais-en","12":"entry","14":"first","15":"instock","16":"shipping-taxable","17":"purchasable","18":"product-type-simple"},"acf":[],"_links":{"self":[{"href":"https:\/\/www.libraria-occitana.org\/en\/wp-json\/wp\/v2\/product\/47353","targetHints":{"allow":["GET"]}}],"collection":[{"href":"https:\/\/www.libraria-occitana.org\/en\/wp-json\/wp\/v2\/product"}],"about":[{"href":"https:\/\/www.libraria-occitana.org\/en\/wp-json\/wp\/v2\/types\/product"}],"wp:featuredmedia":[{"embeddable":true,"href":"https:\/\/www.libraria-occitana.org\/en\/wp-json\/wp\/v2\/media\/47351"}],"wp:attachment":[{"href":"https:\/\/www.libraria-occitana.org\/en\/wp-json\/wp\/v2\/media?parent=47353"}],"wp:term":[{"taxonomy":"product_brand","embeddable":true,"href":"https:\/\/www.libraria-occitana.org\/en\/wp-json\/wp\/v2\/product_brand?post=47353"},{"taxonomy":"product_cat","embeddable":true,"href":"https:\/\/www.libraria-occitana.org\/en\/wp-json\/wp\/v2\/product_cat?post=47353"},{"taxonomy":"product_tag","embeddable":true,"href":"https:\/\/www.libraria-occitana.org\/en\/wp-json\/wp\/v2\/product_tag?post=47353"}],"curies":[{"name":"wp","href":"https:\/\/api.w.org\/{rel}","templated":true}]}}