{"id":47362,"date":"2020-06-06T13:37:27","date_gmt":"2020-06-06T11:37:27","guid":{"rendered":"http:\/\/www.libraria-occitana.org\/product\/une-histoire-des-langues-et-des-peuples-qui-les-parlent\/"},"modified":"2026-04-24T20:51:33","modified_gmt":"2026-04-24T18:51:33","slug":"une-histoire-des-langues-et-des-peuples-qui-les-parlent","status":"publish","type":"product","link":"https:\/\/www.libraria-occitana.org\/en\/product\/une-histoire-des-langues-et-des-peuples-qui-les-parlent\/","title":{"rendered":"Une histoire des langues et des peuples qui les parlent"},"content":{"rendered":"<p>Comment raconter l\u2019histoire des langues, d\u2019avant la naissance de l\u2019\u00e9criture jusqu\u2019\u00e0 nos jours ? Comment rendre compte de ce fait social, qui joue un r\u00f4le majeur dans le destin de tous les peuples ? Comment saisir les langues, aux fronti\u00e8res poreuses, dans leur mouvement perp\u00e9tuel et leur inventivit\u00e9, elles qui se heurtent, cohabitent, s\u2019influencent, s\u2019\u00e9teignent ou se recr\u00e9ent ?<br \/>\nCompte tenu du grand nombre de langues \u2013 environ 6 000 aujourd\u2019hui \u2013, l\u2019ouvrage se concentre sur celles dont il est possible de raconter l\u2019histoire.<br \/>\nUn r\u00e9cit en trois temps : celui d\u2019avant l\u2019\u00e9criture, le plus souvent myst\u00e9rieux ; celui des traditions orales et de l\u2019\u00e9criture pratiqu\u00e9e par des \u00e9lites ; celui, enfin, de la large diffusion des textes imprim\u00e9s. Des phases qui, selon les r\u00e9gions, s\u2019encha\u00eenent \u00e0 des p\u00e9riodes diff\u00e9rentes.<br \/>\nCompos\u00e9 de modules \u2013 une r\u00e9gion, une \u00e9poque \u2013, le livre m\u00e9nage diff\u00e9rents parcours. Le lecteur suit le fil d\u2019Ariane, du d\u00e9but \u00e0 la fin, ou \u00ab entre \u00bb par un sujet qui l\u2019int\u00e9resse, puis circule au gr\u00e9 de ses curiosit\u00e9s. Un voyage dans le temps et l\u2019espace qui invite, sans n\u00e9gliger les classiques (l\u2019h\u00e9breu, le grec, le latin, le sanskrit, etc.), \u00e0 partir \u00e0 la rencontre du javanais, du persan, du breton, du yiddish, du swahili, du quechua\u2026 ou des pidgins m\u00e9lan\u00e9siens.<\/p>\n<p><strong>Une synth\u00e8se unique et accessible : 5000 ans d&#8217;histoire, pr\u00e8s de 70 cartes in\u00e9dites et illustrations.<\/strong><\/p>\n","protected":false},"excerpt":{"rendered":"<p>Comment raconter l\u2019histoire des langues, d\u2019avant la naissance de l\u2019\u00e9criture jusqu\u2019\u00e0 nos jours ? Comment rendre compte de ce fait social, qui joue un r\u00f4le majeur dans le destin de tous les peuples ? Comment saisir les langues, aux fronti\u00e8res poreuses, dans leur mouvement perp\u00e9tuel et leur inventivit\u00e9, elles qui se heurtent, cohabitent, s\u2019influencent, s\u2019\u00e9teignent [&hellip;]<\/p>\n","protected":false},"featured_media":47360,"template":"","meta":{"_acf_changed":false,"_genesis_hide_title":false,"_genesis_hide_breadcrumbs":false,"_genesis_hide_singular_image":false,"_genesis_hide_footer_widgets":false,"_genesis_custom_body_class":"","_genesis_custom_post_class":"","_genesis_layout":""},"product_brand":[],"product_cat":[7132,7156,7148,7202],"product_tag":[],"class_list":{"0":"post-47362","1":"product","2":"type-product","3":"status-publish","4":"has-post-thumbnail","6":"product_cat-books","7":"product_cat-general-history-en","8":"product_cat-history-geography-en","9":"product_cat-politics-sociology-current-affairs-en","10":"pa_auteur-sellier-jean-en","11":"pa_editeur-la-decouverte-en","12":"pa_langue-francais-en","13":"entry","15":"first","16":"instock","17":"shipping-taxable","18":"purchasable","19":"product-type-simple"},"acf":[],"_links":{"self":[{"href":"https:\/\/www.libraria-occitana.org\/en\/wp-json\/wp\/v2\/product\/47362","targetHints":{"allow":["GET"]}}],"collection":[{"href":"https:\/\/www.libraria-occitana.org\/en\/wp-json\/wp\/v2\/product"}],"about":[{"href":"https:\/\/www.libraria-occitana.org\/en\/wp-json\/wp\/v2\/types\/product"}],"wp:featuredmedia":[{"embeddable":true,"href":"https:\/\/www.libraria-occitana.org\/en\/wp-json\/wp\/v2\/media\/47360"}],"wp:attachment":[{"href":"https:\/\/www.libraria-occitana.org\/en\/wp-json\/wp\/v2\/media?parent=47362"}],"wp:term":[{"taxonomy":"product_brand","embeddable":true,"href":"https:\/\/www.libraria-occitana.org\/en\/wp-json\/wp\/v2\/product_brand?post=47362"},{"taxonomy":"product_cat","embeddable":true,"href":"https:\/\/www.libraria-occitana.org\/en\/wp-json\/wp\/v2\/product_cat?post=47362"},{"taxonomy":"product_tag","embeddable":true,"href":"https:\/\/www.libraria-occitana.org\/en\/wp-json\/wp\/v2\/product_tag?post=47362"}],"curies":[{"name":"wp","href":"https:\/\/api.w.org\/{rel}","templated":true}]}}