{"id":47711,"date":"2019-12-21T19:21:56","date_gmt":"2019-12-21T18:21:56","guid":{"rendered":"http:\/\/www.libraria-occitana.org\/?post_type=product&#038;p=47711"},"modified":"2026-04-03T05:51:21","modified_gmt":"2026-04-03T03:51:21","slug":"contes-de-veillees-au-coin-du-feu","status":"publish","type":"product","link":"https:\/\/www.libraria-occitana.org\/en\/product\/contes-de-veillees-au-coin-du-feu\/","title":{"rendered":"Contes de veill\u00e9es au coin du feu"},"content":{"rendered":"<p>\u00ab Jean-Louis Qu\u00e9riaud est un ancien professeur de lettres du lyc\u00e9e de Confolens qui a collect\u00e9 des documents et des reportages oraux pour pr\u00e9parer un doctorat obtenu \u00e0 l&#8217;Universit\u00e9 de Poitiers et portant sur le sujet suivant : \u00ab Litt\u00e9rature orale occitane : \u00e9dition d&#8217;un corpus de contes de l&#8217;Est du Confolentais (Charente) \u00bb. Jean-Louis Qu\u00e9riaud n&#8217;est pas seulement un porteur de relais de l&#8217;occitan, il vit l&#8217;occitan, pour cela il suffit de lire ce livre et de sentir cet \u00e9tat d&#8217;esprit plein d&#8217;humour et de joie de vivre. S&#8217;il vous raconte ses histoires c&#8217;est une tranche de vie, qui vous transporte dans cette langue chantante et touchante, s&#8217;il prend son instrument de pr\u00e9dilection, il vous jouera de la vielle, un instrument qu&#8217;il partage et transmet \u00e0 de jeunes musiciens, si vous lui parlez de danse, il fera les danses qu&#8217;il travaille avec son groupe international \u00ab Lo Gerbo baudo \u00bb.<br \/>\nIl y a une dizaine d&#8217;ann\u00e9es lorsque nous avons convenu avec Jean-Louis Qu\u00e9riaud de passer un article par mois dans notre journal mensuel <em>Est Charente<\/em>, il s&#8217;agissait d&#8217;un pari qui tr\u00e8s vite est devenu un texte incontournable et que les lecteurs attendent avec impatience. Dans ce livre nous vous souhaitons de retrouver des histoires et des contes que Jean-Louis Qu\u00e9riaud vous a retrouv\u00e9s et concoct\u00e9s avec plaisir&#8230; Nous tenons \u00e0 le remercier pour ce livre qui nous l&#8217;esp\u00e9rons vous fera plaisir tel un cadeau sur notre histoire, nous sommes heureux de participer \u00e0 son \u00e9dition et \u00e0 sa diffusion&#8230; Bonne lecture (en occitan, ce serait bien)&#8230; \u00bb<\/p>\n","protected":false},"excerpt":{"rendered":"<p>\u00ab Jean-Louis Qu\u00e9riaud est un ancien professeur de lettres du lyc\u00e9e de Confolens qui a collect\u00e9 des documents et des reportages oraux pour pr\u00e9parer un doctorat obtenu \u00e0 l&#8217;Universit\u00e9 de Poitiers et portant sur le sujet suivant : \u00ab Litt\u00e9rature orale occitane : \u00e9dition d&#8217;un corpus de contes de l&#8217;Est du Confolentais (Charente) \u00bb. Jean-Louis [&hellip;]<\/p>\n","protected":false},"featured_media":47714,"template":"","meta":{"_acf_changed":false,"_genesis_hide_title":false,"_genesis_hide_breadcrumbs":false,"_genesis_hide_singular_image":false,"_genesis_hide_footer_widgets":false,"_genesis_custom_body_class":"","_genesis_custom_post_class":"","_genesis_layout":""},"product_brand":[],"product_cat":[7132,7174,7176],"product_tag":[],"class_list":{"0":"post-47711","1":"product","2":"type-product","3":"status-publish","4":"has-post-thumbnail","6":"product_cat-books","7":"product_cat-literature-en","8":"product_cat-tales-fables-en","9":"pa_auteur-queriaud-jean-louis-en","10":"pa_editeur-est-charente-en","11":"pa_langue-occitan-lemosin-en","12":"pa_langue-occitan-francais-en","13":"entry","15":"first","16":"outofstock","17":"shipping-taxable","18":"purchasable","19":"product-type-simple"},"acf":[],"_links":{"self":[{"href":"https:\/\/www.libraria-occitana.org\/en\/wp-json\/wp\/v2\/product\/47711","targetHints":{"allow":["GET"]}}],"collection":[{"href":"https:\/\/www.libraria-occitana.org\/en\/wp-json\/wp\/v2\/product"}],"about":[{"href":"https:\/\/www.libraria-occitana.org\/en\/wp-json\/wp\/v2\/types\/product"}],"wp:featuredmedia":[{"embeddable":true,"href":"https:\/\/www.libraria-occitana.org\/en\/wp-json\/wp\/v2\/media\/47714"}],"wp:attachment":[{"href":"https:\/\/www.libraria-occitana.org\/en\/wp-json\/wp\/v2\/media?parent=47711"}],"wp:term":[{"taxonomy":"product_brand","embeddable":true,"href":"https:\/\/www.libraria-occitana.org\/en\/wp-json\/wp\/v2\/product_brand?post=47711"},{"taxonomy":"product_cat","embeddable":true,"href":"https:\/\/www.libraria-occitana.org\/en\/wp-json\/wp\/v2\/product_cat?post=47711"},{"taxonomy":"product_tag","embeddable":true,"href":"https:\/\/www.libraria-occitana.org\/en\/wp-json\/wp\/v2\/product_tag?post=47711"}],"curies":[{"name":"wp","href":"https:\/\/api.w.org\/{rel}","templated":true}]}}