{"id":47722,"date":"2006-05-21T19:23:14","date_gmt":"2006-05-21T17:23:14","guid":{"rendered":"http:\/\/www.libraria-occitana.org\/product\/toponymie-gasconne\/"},"modified":"2026-04-29T10:52:39","modified_gmt":"2026-04-29T08:52:39","slug":"toponymie-gasconne","status":"publish","type":"product","link":"https:\/\/www.libraria-occitana.org\/en\/product\/toponymie-gasconne\/","title":{"rendered":"Toponymie gasconne"},"content":{"rendered":"<p>Argelouse, Arjuzanx, Baigt, B\u00e9tharram, Captieux, Casteljaloux, En Chon ou En Bonet, Moncuq, Sault-de Navailles ou le Truc de la Truque\u2026 Autant de communes, de lieux-dits, de rivi\u00e8res ou de provinces au nom parfois \u00e9tonnant, souvent \u00e9nigmatique.<br \/>\nLa toponymie \u2013 au carrefour de la linguistique, de la g\u00e9ographie et de l\u2019histoire \u2013 est une discipline d\u00e9licate. Les racines de nos villages et de nos hameaux plongent si loin dans le pass\u00e9 ! Entre Pyr\u00e9n\u00e9es, Garonne et Atlantique, le triangle gascon est le versant occidental des pays de langue d\u2019oc. De par ses premiers occupants aquitains, la Gascogne a h\u00e9rit\u00e9 d\u2019un dialecte \u00e0 la phon\u00e9tique bien particuli\u00e8re.<br \/>\nT\u00e9moins de l\u2019occupation ancienne des hommes, reflets des for\u00eats ou des landes qui couvraient le territoire avant les grands d\u00e9frichement, miroirs des rivi\u00e8res, des gaves ou des lacs de l\u2019Aquitaine \u2013 \u00ab pays des eaux \u00bb \u2013, les noms de lieux ont une histoire.<\/p>\n","protected":false},"excerpt":{"rendered":"<p>Argelouse, Arjuzanx, Baigt, B\u00e9tharram, Captieux, Casteljaloux, En Chon ou En Bonet, Moncuq, Sault-de Navailles ou le Truc de la Truque\u2026 Autant de communes, de lieux-dits, de rivi\u00e8res ou de provinces au nom parfois \u00e9tonnant, souvent \u00e9nigmatique. La toponymie \u2013 au carrefour de la linguistique, de la g\u00e9ographie et de l\u2019histoire \u2013 est une discipline d\u00e9licate. [&hellip;]<\/p>\n","protected":false},"featured_media":47720,"template":"","meta":{"_acf_changed":false,"_genesis_hide_title":false,"_genesis_hide_breadcrumbs":false,"_genesis_hide_singular_image":false,"_genesis_hide_footer_widgets":false,"_genesis_custom_body_class":"","_genesis_custom_post_class":"","_genesis_layout":""},"product_brand":[],"product_cat":[7132,7148,7162],"product_tag":[],"class_list":{"0":"post-47722","1":"product","2":"type-product","3":"status-publish","4":"has-post-thumbnail","6":"product_cat-books","7":"product_cat-history-geography-en","8":"product_cat-place-names-peoples-names-en","9":"pa_auteur-fenie-benedicte-en","10":"pa_auteur-fenie-jean-jacques-en","11":"pa_editeur-sud-ouest-en","12":"pa_langue-francais-en","13":"entry","15":"first","16":"outofstock","17":"shipping-taxable","18":"purchasable","19":"product-type-simple"},"acf":[],"_links":{"self":[{"href":"https:\/\/www.libraria-occitana.org\/en\/wp-json\/wp\/v2\/product\/47722","targetHints":{"allow":["GET"]}}],"collection":[{"href":"https:\/\/www.libraria-occitana.org\/en\/wp-json\/wp\/v2\/product"}],"about":[{"href":"https:\/\/www.libraria-occitana.org\/en\/wp-json\/wp\/v2\/types\/product"}],"wp:featuredmedia":[{"embeddable":true,"href":"https:\/\/www.libraria-occitana.org\/en\/wp-json\/wp\/v2\/media\/47720"}],"wp:attachment":[{"href":"https:\/\/www.libraria-occitana.org\/en\/wp-json\/wp\/v2\/media?parent=47722"}],"wp:term":[{"taxonomy":"product_brand","embeddable":true,"href":"https:\/\/www.libraria-occitana.org\/en\/wp-json\/wp\/v2\/product_brand?post=47722"},{"taxonomy":"product_cat","embeddable":true,"href":"https:\/\/www.libraria-occitana.org\/en\/wp-json\/wp\/v2\/product_cat?post=47722"},{"taxonomy":"product_tag","embeddable":true,"href":"https:\/\/www.libraria-occitana.org\/en\/wp-json\/wp\/v2\/product_tag?post=47722"}],"curies":[{"name":"wp","href":"https:\/\/api.w.org\/{rel}","templated":true}]}}