{"id":48235,"date":"2011-09-16T15:32:23","date_gmt":"2011-09-16T13:32:23","guid":{"rendered":"http:\/\/www.libraria-occitana.org\/product\/harry-potter-e-la-cramba-deus-secrets\/"},"modified":"2026-04-02T22:26:57","modified_gmt":"2026-04-02T20:26:57","slug":"harry-potter-e-la-crampa-deus-secrets","status":"publish","type":"product","link":"https:\/\/www.libraria-occitana.org\/en\/product\/harry-potter-e-la-crampa-deus-secrets\/","title":{"rendered":"Harry Potter e la crampa deus secrets"},"content":{"rendered":"<p>Harry Potter est un sorcier. Il est en deuxi\u00e8me ann\u00e9e \u00e0 l&#8217;\u00e9cole de sorcellerie de Hogwarts. Il ne se doute pas encore que cette ann\u00e9e sera aussi remplie d&#8217;\u00e9v\u00e9nements que la pr\u00e9c\u00e9dente\u2026<\/p>\n<p>\u00ab Le second livre de Joanne Rowling est aussi amusant, effrayant et inattendu que le premier. \u00bb<\/p>\n<p style=\"text-align: right;\">The Daily Mail<\/p>\n<p style=\"text-align: left;\">\u00ab Harry Potter et la chambre des secrets est aussi bon que son pr\u00e9d\u00e9cesseur. Hogwarts est une cr\u00e9ation de g\u00e9nie. \u00bb<\/p>\n<p style=\"text-align: right;\">The Times Literary Supplement<\/p>\n<p style=\"text-align: left;\">\u00c2ge : D\u00e8s 9 ans.<\/p>\n","protected":false},"excerpt":{"rendered":"<p>Harry Potter est un sorcier. Il est en deuxi\u00e8me ann\u00e9e \u00e0 l&#8217;\u00e9cole de sorcellerie de Hogwarts. Il ne se doute pas encore que cette ann\u00e9e sera aussi remplie d&#8217;\u00e9v\u00e9nements que la pr\u00e9c\u00e9dente\u2026 \u00ab Le second livre de Joanne Rowling est aussi amusant, effrayant et inattendu que le premier. \u00bb The Daily Mail \u00ab Harry Potter [&hellip;]<\/p>\n","protected":false},"featured_media":48233,"template":"","meta":{"_acf_changed":false,"_genesis_hide_title":false,"_genesis_hide_breadcrumbs":false,"_genesis_hide_singular_image":false,"_genesis_hide_footer_widgets":false,"_genesis_custom_body_class":"","_genesis_custom_post_class":"","_genesis_layout":""},"product_brand":[],"product_cat":[7132,7164,7166],"product_tag":[],"class_list":{"0":"post-48235","1":"product","2":"type-product","3":"status-publish","4":"has-post-thumbnail","6":"product_cat-books","7":"product_cat-juvenile-and-teen-comics-humour-en","8":"product_cat-teen-en","9":"pa_auteur-rowling-j-k-en","10":"pa_editeur-per-noste-en","11":"pa_illustrateur-guilhemjoan-patric-1-en","12":"pa_langue-occitan-en","13":"pa_langue-occitan-gascon-en","14":"entry","16":"first","17":"instock","18":"shipping-taxable","19":"purchasable","20":"product-type-simple"},"acf":[],"_links":{"self":[{"href":"https:\/\/www.libraria-occitana.org\/en\/wp-json\/wp\/v2\/product\/48235","targetHints":{"allow":["GET"]}}],"collection":[{"href":"https:\/\/www.libraria-occitana.org\/en\/wp-json\/wp\/v2\/product"}],"about":[{"href":"https:\/\/www.libraria-occitana.org\/en\/wp-json\/wp\/v2\/types\/product"}],"wp:featuredmedia":[{"embeddable":true,"href":"https:\/\/www.libraria-occitana.org\/en\/wp-json\/wp\/v2\/media\/48233"}],"wp:attachment":[{"href":"https:\/\/www.libraria-occitana.org\/en\/wp-json\/wp\/v2\/media?parent=48235"}],"wp:term":[{"taxonomy":"product_brand","embeddable":true,"href":"https:\/\/www.libraria-occitana.org\/en\/wp-json\/wp\/v2\/product_brand?post=48235"},{"taxonomy":"product_cat","embeddable":true,"href":"https:\/\/www.libraria-occitana.org\/en\/wp-json\/wp\/v2\/product_cat?post=48235"},{"taxonomy":"product_tag","embeddable":true,"href":"https:\/\/www.libraria-occitana.org\/en\/wp-json\/wp\/v2\/product_tag?post=48235"}],"curies":[{"name":"wp","href":"https:\/\/api.w.org\/{rel}","templated":true}]}}