{"id":48238,"date":"2009-09-16T20:17:36","date_gmt":"2009-09-16T18:17:36","guid":{"rendered":"http:\/\/www.libraria-occitana.org\/?post_type=product&#038;p=48238"},"modified":"2026-04-29T10:48:42","modified_gmt":"2026-04-29T08:48:42","slug":"harry-potter-e-la-peira-filosofau","status":"publish","type":"product","link":"https:\/\/www.libraria-occitana.org\/en\/product\/harry-potter-e-la-peira-filosofau\/","title":{"rendered":"Harry Potter e la p\u00e8ira filosofau"},"content":{"rendered":"<p>Harry Potter pense \u00eatre un gar\u00e7on ordinaire, jusqu&#8217;\u00e0 ce qu&#8217;un g\u00e9ant aux sourcils broussailleux vienne le sauver, qu&#8217;il s&#8217;inscrive \u00e0 Hogwarts, l&#8217;\u00e9cole de sorcellerie, qu&#8217;il apprenne \u00e0 jouer au quidditch, et qu&#8217;il se batte dans un duel mortel. La raison\u2026 HARRY POTTER EST UN SORCIER !<\/p>\n<p>\u00c2ge : D\u00e8s 9 ans.<\/p>\n<p>Joanne Kathleen Rowling naquit \u00e0 Chipping Sodbury, au Gloucestershire en Angleterre en 1965. Elle fit des \u00e9tudes \u00e0 l&#8217;Universit\u00e9 d&#8217;Exeter et \u00e0 la Sorbonne \u00e0 Paris. Elle est dipl\u00f4m\u00e9e en litt\u00e9rature fran\u00e7aise et en philologie.<br \/>\nCette \u0153uvre parut en anglais en 1997 et rencontra aussit\u00f4t un succ\u00e8s immense. L&#8217;auteur vit actuellement en \u00c9cosse et se consacre \u00e0 l&#8217;\u00e9criture.<\/p>\n","protected":false},"excerpt":{"rendered":"<p>Harry Potter pense \u00eatre un gar\u00e7on ordinaire, jusqu&#8217;\u00e0 ce qu&#8217;un g\u00e9ant aux sourcils broussailleux vienne le sauver, qu&#8217;il s&#8217;inscrive \u00e0 Hogwarts, l&#8217;\u00e9cole de sorcellerie, qu&#8217;il apprenne \u00e0 jouer au quidditch, et qu&#8217;il se batte dans un duel mortel. La raison\u2026 HARRY POTTER EST UN SORCIER ! \u00c2ge : D\u00e8s 9 ans. Joanne Kathleen Rowling naquit [&hellip;]<\/p>\n","protected":false},"featured_media":48230,"template":"","meta":{"_acf_changed":false,"_genesis_hide_title":false,"_genesis_hide_breadcrumbs":false,"_genesis_hide_singular_image":false,"_genesis_hide_footer_widgets":false,"_genesis_custom_body_class":"","_genesis_custom_post_class":"","_genesis_layout":""},"product_brand":[],"product_cat":[7132,7164,7166],"product_tag":[],"class_list":{"0":"post-48238","1":"product","2":"type-product","3":"status-publish","4":"has-post-thumbnail","6":"product_cat-books","7":"product_cat-juvenile-and-teen-comics-humour-en","8":"product_cat-teen-en","9":"pa_auteur-rowling-j-k-en","10":"pa_editeur-per-noste-en","11":"pa_illustrateur-richard-bordanava-karina-en","12":"pa_langue-occitan-en","13":"pa_langue-occitan-gascon-en","14":"entry","16":"first","17":"instock","18":"shipping-taxable","19":"purchasable","20":"product-type-simple"},"acf":[],"_links":{"self":[{"href":"https:\/\/www.libraria-occitana.org\/en\/wp-json\/wp\/v2\/product\/48238","targetHints":{"allow":["GET"]}}],"collection":[{"href":"https:\/\/www.libraria-occitana.org\/en\/wp-json\/wp\/v2\/product"}],"about":[{"href":"https:\/\/www.libraria-occitana.org\/en\/wp-json\/wp\/v2\/types\/product"}],"wp:featuredmedia":[{"embeddable":true,"href":"https:\/\/www.libraria-occitana.org\/en\/wp-json\/wp\/v2\/media\/48230"}],"wp:attachment":[{"href":"https:\/\/www.libraria-occitana.org\/en\/wp-json\/wp\/v2\/media?parent=48238"}],"wp:term":[{"taxonomy":"product_brand","embeddable":true,"href":"https:\/\/www.libraria-occitana.org\/en\/wp-json\/wp\/v2\/product_brand?post=48238"},{"taxonomy":"product_cat","embeddable":true,"href":"https:\/\/www.libraria-occitana.org\/en\/wp-json\/wp\/v2\/product_cat?post=48238"},{"taxonomy":"product_tag","embeddable":true,"href":"https:\/\/www.libraria-occitana.org\/en\/wp-json\/wp\/v2\/product_tag?post=48238"}],"curies":[{"name":"wp","href":"https:\/\/api.w.org\/{rel}","templated":true}]}}