{"id":48244,"date":"2020-01-16T20:57:11","date_gmt":"2020-01-16T19:57:11","guid":{"rendered":"http:\/\/www.libraria-occitana.org\/product\/grammaire-du-parler-marchois-de-dompierre-les-eglises-haute-vienne\/"},"modified":"2026-04-29T10:09:29","modified_gmt":"2026-04-29T08:09:29","slug":"grammaire-du-parler-marchois-de-dompierre-les-eglises-haute-vienne","status":"publish","type":"product","link":"https:\/\/www.libraria-occitana.org\/en\/product\/grammaire-du-parler-marchois-de-dompierre-les-eglises-haute-vienne\/","title":{"rendered":"Grammaire du parler marchois de Dompierre-les-\u00c9glises (Haute-Vienne)"},"content":{"rendered":"<p>Ce livre est la premi\u00e8re \u00e9tude de cette ampleur consacr\u00e9e au dompierrois ou parler de Dompierre-les-\u00c9glises (Haute-Vienne), aujourd&#8217;hui menac\u00e9 de disparition et situ\u00e9 dans la zone linguistique dite du Croissant. Dans cette zone, qui correspond \u00e0 la frange nord du Massif Central, on pratique traditionnellement des parlers gallo-romans de transition, pr\u00e9sentant simultan\u00e9ment des traits typiques des vari\u00e9t\u00e9s d&#8217;oc (occitan limousin et auvergnat) et d&#8217;o\u00efl (fran\u00e7ais, poitevin-saintongeais, berrichon, bourbonnais d&#8217;o\u00efl). Au sein du Croissant, le dompierrois peut \u00eatre consid\u00e9r\u00e9 comme un parler marchois (partie limousine du Croissant), ou plus sp\u00e9cifiquement bas-marchois.<\/p>\n<p>Cet ouvrage se fonde sur des donn\u00e9es de premi\u00e8re main, recueillies entre 2016 et 2019 aupr\u00e8s de locuteurs natifs. Il s&#8217;agit d&#8217;une description approfondie de la grammaire de la langue, \u00e9labor\u00e9e selon la m\u00e9thodologie actuelle en linguistique descriptive : phonologie, morphologie d\u00e9rivationnelle, morphologie flexionnelle (pluriel et genre des noms, conjugaison des verbes) et syntaxe. L&#8217;ouvrage propose \u00e9galement une introduction pr\u00e9sentant l&#8217;histoire et la situation sociolinguistique actuelle de la langue. En outre, il contient un corpus transcrit d&#8217;expressions idiomatiques, ainsi que des textes originaux ou traduits. On y trouvera \u00e9galement un lexique dompierrois- fran\u00e7ais de plus de 3000 entr\u00e9es, suivi d&#8217;un index fran\u00e7ais-dompierrois.<\/p>\n<p>L&#8217;ouvrage s&#8217;adresse tout autant aux linguistes romanistes qu&#8217;aux sp\u00e9cialistes de typologie ou de comparatisme. Il pourra int\u00e9resser les locuteurs du bas-marchois, mais \u00e9galement les enfants ou petits-enfants de locuteurs qui souhaitent d\u00e9couvrir ou red\u00e9couvrir leur langue familiale.<\/p>\n<p><strong>Inclut le tapuscrit in\u00e9dit de Jean Pommier.<\/strong><\/p>\n","protected":false},"excerpt":{"rendered":"<p>Ce livre est la premi\u00e8re \u00e9tude de cette ampleur consacr\u00e9e au dompierrois ou parler de Dompierre-les-\u00c9glises (Haute-Vienne), aujourd&#8217;hui menac\u00e9 de disparition et situ\u00e9 dans la zone linguistique dite du Croissant. Dans cette zone, qui correspond \u00e0 la frange nord du Massif Central, on pratique traditionnellement des parlers gallo-romans de transition, pr\u00e9sentant simultan\u00e9ment des traits typiques [&hellip;]<\/p>\n","protected":false},"featured_media":48242,"template":"","meta":{"_acf_changed":false,"_genesis_hide_title":false,"_genesis_hide_breadcrumbs":false,"_genesis_hide_singular_image":false,"_genesis_hide_footer_widgets":false,"_genesis_custom_body_class":"","_genesis_custom_post_class":"","_genesis_layout":""},"product_brand":[],"product_cat":[7132,7138,7136,7140],"product_tag":[],"class_list":{"0":"post-48244","1":"product","2":"type-product","3":"status-publish","4":"has-post-thumbnail","6":"product_cat-books","7":"product_cat-dictionaries-grammars-en","8":"product_cat-dictionaries-language-educational-en","9":"product_cat-linguistics-en","10":"pa_auteur-guerin-maximilien-en","11":"pa_auteur-pommier-jean-en","12":"pa_editeur-lharmattan-en","13":"pa_langue-francais-en","14":"pa_langue-occitan-en","15":"pa_langue-occitan-lemosin-en","16":"entry","18":"first","19":"outofstock","20":"shipping-taxable","21":"purchasable","22":"product-type-simple"},"acf":[],"_links":{"self":[{"href":"https:\/\/www.libraria-occitana.org\/en\/wp-json\/wp\/v2\/product\/48244","targetHints":{"allow":["GET"]}}],"collection":[{"href":"https:\/\/www.libraria-occitana.org\/en\/wp-json\/wp\/v2\/product"}],"about":[{"href":"https:\/\/www.libraria-occitana.org\/en\/wp-json\/wp\/v2\/types\/product"}],"wp:featuredmedia":[{"embeddable":true,"href":"https:\/\/www.libraria-occitana.org\/en\/wp-json\/wp\/v2\/media\/48242"}],"wp:attachment":[{"href":"https:\/\/www.libraria-occitana.org\/en\/wp-json\/wp\/v2\/media?parent=48244"}],"wp:term":[{"taxonomy":"product_brand","embeddable":true,"href":"https:\/\/www.libraria-occitana.org\/en\/wp-json\/wp\/v2\/product_brand?post=48244"},{"taxonomy":"product_cat","embeddable":true,"href":"https:\/\/www.libraria-occitana.org\/en\/wp-json\/wp\/v2\/product_cat?post=48244"},{"taxonomy":"product_tag","embeddable":true,"href":"https:\/\/www.libraria-occitana.org\/en\/wp-json\/wp\/v2\/product_tag?post=48244"}],"curies":[{"name":"wp","href":"https:\/\/api.w.org\/{rel}","templated":true}]}}