{"id":48976,"date":"2019-03-20T18:02:12","date_gmt":"2019-03-20T17:02:12","guid":{"rendered":"http:\/\/www.libraria-occitana.org\/product\/ebte-electro-trad\/"},"modified":"2026-04-25T02:41:32","modified_gmt":"2026-04-25T00:41:32","slug":"ebte-electro-trad","status":"publish","type":"product","link":"https:\/\/www.libraria-occitana.org\/en\/product\/ebte-electro-trad\/","title":{"rendered":"EBT\u00e8 ! Electro trad"},"content":{"rendered":"<p><strong>Joan Franc\u00e9s Tisn\u00e8r :<\/strong> Voix, arrangements<br \/>\n<strong>Jakes Aymonino :<\/strong> Voix, machines<br \/>\n<strong>Franc\u00e9s Dumeaux :<\/strong> Machines<br \/>\n<strong>Arnau Obiols :<\/strong> Drums<\/p>\n<p>C\u2019est la rencontre de la musique \u00e9lectronique et de la danse traditionnelle&#8230; Ou la rencontre de la musique traditionnelle et de la dance \u00e9lectronique&#8230; en tout cas c\u2019est pour danser.<br \/>\nSur sc\u00e8ne et dans la salle ! Pr\u00eats ?<\/p>\n<p>L&#8217;achat du disque physique ouvre au t\u00e9l\u00e9chargement.<\/p>\n<p><strong>Titres :<\/strong><br \/>\n1. A bicicleta 2 [ronda barrada irregulara] 3&#8217;27<br \/>\n2. Sorrom Borrom [masurc\u00e0] 2&#8217;52<br \/>\n3. Peiroton dormouse&#8217;s egg [saut bearn\u00e9s] 2&#8217;41<br \/>\n4. Ah mam\u00e0 Kochanie [cong\u00f2] 2&#8217;58<br \/>\n5. Kat\u00e0 [rond\u00e8u a dus] 3&#8217;58<br \/>\n6. Mariana [saut bearn\u00e9s] 1&#8217;57<br \/>\n7. La baish en t\u00e8rra plana [branlo en c\u00f2rda] 3&#8217;36<br \/>\n8. P\u00e8ir de Garr\u00f2s &#8211; Epist\u00f2li [rond\u00e8u en cadena] 4&#8217;00<br \/>\n9. L&#8217;aute jorn en la tuta [valsa] 5&#8217;21<br \/>\n10. Taler\u00e0 optrol [rond\u00e8u en cadena] 4&#8217;29<br \/>\n11. Dus [saut bearn\u00e9s] 2&#8217;32<br \/>\n12. Crusp\u00e8ths [escotisha] 1&#8217;39<br \/>\n13. \u00dastrias [escotisha] 3&#8217;28<br \/>\n14. Au vente de la vaca [saut bearn\u00e9s] 2&#8217;15<\/p>\n","protected":false},"excerpt":{"rendered":"<p>Joan Franc\u00e9s Tisn\u00e8r : Voix, arrangements Jakes Aymonino : Voix, machines Franc\u00e9s Dumeaux : Machines Arnau Obiols : Drums C\u2019est la rencontre de la musique \u00e9lectronique et de la danse traditionnelle&#8230; Ou la rencontre de la musique traditionnelle et de la dance \u00e9lectronique&#8230; en tout cas c\u2019est pour danser. Sur sc\u00e8ne et dans la salle [&hellip;]<\/p>\n","protected":false},"featured_media":48970,"template":"","meta":{"_acf_changed":false,"_genesis_hide_title":false,"_genesis_hide_breadcrumbs":false,"_genesis_hide_singular_image":false,"_genesis_hide_footer_widgets":false,"_genesis_custom_body_class":"","_genesis_custom_post_class":"","_genesis_layout":""},"product_brand":[],"product_cat":[7220,7228,7216],"product_tag":[],"class_list":{"0":"post-48976","1":"product","2":"type-product","3":"status-publish","4":"has-post-thumbnail","6":"product_cat-hip-hop-electronic-music-en","7":"product_cat-modern-folk-en","8":"product_cat-music-en","9":"pa_auteur-tisner-joan-frances-en","10":"pa_editeur-lo-nau-en","11":"pa_langue-occitan-en","12":"pa_langue-occitan-gascon-en","13":"entry","15":"first","16":"instock","17":"shipping-taxable","18":"purchasable","19":"product-type-simple"},"acf":[],"_links":{"self":[{"href":"https:\/\/www.libraria-occitana.org\/en\/wp-json\/wp\/v2\/product\/48976","targetHints":{"allow":["GET"]}}],"collection":[{"href":"https:\/\/www.libraria-occitana.org\/en\/wp-json\/wp\/v2\/product"}],"about":[{"href":"https:\/\/www.libraria-occitana.org\/en\/wp-json\/wp\/v2\/types\/product"}],"wp:featuredmedia":[{"embeddable":true,"href":"https:\/\/www.libraria-occitana.org\/en\/wp-json\/wp\/v2\/media\/48970"}],"wp:attachment":[{"href":"https:\/\/www.libraria-occitana.org\/en\/wp-json\/wp\/v2\/media?parent=48976"}],"wp:term":[{"taxonomy":"product_brand","embeddable":true,"href":"https:\/\/www.libraria-occitana.org\/en\/wp-json\/wp\/v2\/product_brand?post=48976"},{"taxonomy":"product_cat","embeddable":true,"href":"https:\/\/www.libraria-occitana.org\/en\/wp-json\/wp\/v2\/product_cat?post=48976"},{"taxonomy":"product_tag","embeddable":true,"href":"https:\/\/www.libraria-occitana.org\/en\/wp-json\/wp\/v2\/product_tag?post=48976"}],"curies":[{"name":"wp","href":"https:\/\/api.w.org\/{rel}","templated":true}]}}