{"id":49103,"date":"2020-02-26T12:52:39","date_gmt":"2020-02-26T11:52:39","guid":{"rendered":"http:\/\/www.libraria-occitana.org\/?post_type=product&#038;p=49103"},"modified":"2026-04-23T02:41:34","modified_gmt":"2026-04-23T00:41:34","slug":"le-cri-la-parabole-des-loups","status":"publish","type":"product","link":"https:\/\/www.libraria-occitana.org\/en\/product\/le-cri-la-parabole-des-loups\/","title":{"rendered":"Le cri &#8211; La parabole des loups"},"content":{"rendered":"<p>Deux po\u00e8mes de Marcelle Delpastre mis en voix. Ces deux textes ont \u00e9t\u00e9 \u00e9dit\u00e9s dans les <em>Po\u00e8mes dramatiques<\/em> <a href=\"http:\/\/www.libraria-occitana.org\/produit\/poemes-dramatiques-i\/\">I<\/a> et <a href=\"http:\/\/www.libraria-occitana.org\/produit\/poemes-dramatiques-ii\/\">II<\/a>.<\/p>\n<p><strong>Le cri<\/strong><\/p>\n<p>Celui qui crie : Bernard Comby<br \/>\nLes voix, le ch\u0153ur : Jean-Claude Bergon, Th\u00e9r\u00e8se Canet, Brigitte Fleygnac, Jan dau Melhau<\/p>\n<p><strong>La parabole des loups<\/strong><\/p>\n<p>Le r\u00e9citant : Jan dau Melhau<br \/>\nLes voix, le ch\u0153ur : Th\u00e9r\u00e8se Canet, Bernard Comby, Brigitte Fleygnac<\/p>\n<p>Direction artistique : Jan dau Melhau<\/p>\n","protected":false},"excerpt":{"rendered":"<p>Deux po\u00e8mes de Marcelle Delpastre mis en voix. Ces deux textes ont \u00e9t\u00e9 \u00e9dit\u00e9s dans les Po\u00e8mes dramatiques I et II. Le cri Celui qui crie : Bernard Comby Les voix, le ch\u0153ur : Jean-Claude Bergon, Th\u00e9r\u00e8se Canet, Brigitte Fleygnac, Jan dau Melhau La parabole des loups Le r\u00e9citant : Jan dau Melhau Les voix, [&hellip;]<\/p>\n","protected":false},"featured_media":49106,"template":"","meta":{"_acf_changed":false,"_genesis_hide_title":false,"_genesis_hide_breadcrumbs":false,"_genesis_hide_singular_image":false,"_genesis_hide_footer_widgets":false,"_genesis_custom_body_class":"","_genesis_custom_post_class":"","_genesis_layout":""},"product_brand":[],"product_cat":[7224,7216],"product_tag":[],"class_list":{"0":"post-49103","1":"product","2":"type-product","3":"status-publish","4":"has-post-thumbnail","6":"product_cat-litterature-musique-en","7":"product_cat-music-en","8":"pa_auteur-delpastre-marcela-en","9":"pa_editeur-lo-chamin-de-sent-jaume-en","10":"pa_langue-francais-en","11":"entry","13":"first","14":"instock","15":"shipping-taxable","16":"purchasable","17":"product-type-simple"},"acf":[],"_links":{"self":[{"href":"https:\/\/www.libraria-occitana.org\/en\/wp-json\/wp\/v2\/product\/49103","targetHints":{"allow":["GET"]}}],"collection":[{"href":"https:\/\/www.libraria-occitana.org\/en\/wp-json\/wp\/v2\/product"}],"about":[{"href":"https:\/\/www.libraria-occitana.org\/en\/wp-json\/wp\/v2\/types\/product"}],"wp:featuredmedia":[{"embeddable":true,"href":"https:\/\/www.libraria-occitana.org\/en\/wp-json\/wp\/v2\/media\/49106"}],"wp:attachment":[{"href":"https:\/\/www.libraria-occitana.org\/en\/wp-json\/wp\/v2\/media?parent=49103"}],"wp:term":[{"taxonomy":"product_brand","embeddable":true,"href":"https:\/\/www.libraria-occitana.org\/en\/wp-json\/wp\/v2\/product_brand?post=49103"},{"taxonomy":"product_cat","embeddable":true,"href":"https:\/\/www.libraria-occitana.org\/en\/wp-json\/wp\/v2\/product_cat?post=49103"},{"taxonomy":"product_tag","embeddable":true,"href":"https:\/\/www.libraria-occitana.org\/en\/wp-json\/wp\/v2\/product_tag?post=49103"}],"curies":[{"name":"wp","href":"https:\/\/api.w.org\/{rel}","templated":true}]}}