{"id":49122,"date":"2019-11-26T15:49:31","date_gmt":"2019-11-26T14:49:31","guid":{"rendered":"http:\/\/www.libraria-occitana.org\/?post_type=product&#038;p=49122"},"modified":"2026-04-29T10:19:19","modified_gmt":"2026-04-29T08:19:19","slug":"laucelon-de-las-set-colors","status":"publish","type":"product","link":"https:\/\/www.libraria-occitana.org\/en\/product\/laucelon-de-las-set-colors\/","title":{"rendered":"L&#8217;aucelon de las s\u00e8t colors"},"content":{"rendered":"<p>Dans ce recueil de contes, Andr\u00e9 Lagarde a rassembl\u00e9 des r\u00e9cits de la tradition populaire, aussi bien occitane qu\u2019europ\u00e9enne, pour faire suite aux <em>Contes de la calandreta<\/em>.<br \/>\nVous prendrez ainsi plaisir \u00e0 lire les aventures de l\u2019Oiseau aux 7 couleurs, de Poucette, du Loup et du Renard, de l\u2019Ours, du Grillon et du Lion, du chat Mistigris, du Soleil et de la Lune\u2026<br \/>\nUn livre qui fera la joie des enfants comme des parents.<\/p>\n<p>Illustration de couverture de Sophie Vissi\u00e8re.<\/p>\n","protected":false},"excerpt":{"rendered":"<p>Dans ce recueil de contes, Andr\u00e9 Lagarde a rassembl\u00e9 des r\u00e9cits de la tradition populaire, aussi bien occitane qu\u2019europ\u00e9enne, pour faire suite aux Contes de la calandreta. Vous prendrez ainsi plaisir \u00e0 lire les aventures de l\u2019Oiseau aux 7 couleurs, de Poucette, du Loup et du Renard, de l\u2019Ours, du Grillon et du Lion, du [&hellip;]<\/p>\n","protected":false},"featured_media":49115,"template":"","meta":{"_acf_changed":false,"_genesis_hide_title":false,"_genesis_hide_breadcrumbs":false,"_genesis_hide_singular_image":false,"_genesis_hide_footer_widgets":false,"_genesis_custom_body_class":"","_genesis_custom_post_class":"","_genesis_layout":""},"product_brand":[],"product_cat":[7132,7174,7176],"product_tag":[],"class_list":{"0":"post-49122","1":"product","2":"type-product","3":"status-publish","4":"has-post-thumbnail","6":"product_cat-books","7":"product_cat-literature-en","8":"product_cat-tales-fables-en","9":"pa_auteur-lagarda-andrieu-en","10":"pa_editeur-letras-doc-en","11":"pa_langue-occitan-en","12":"pa_langue-occitan-lengadocian-en","13":"entry","15":"first","16":"instock","17":"shipping-taxable","18":"purchasable","19":"product-type-simple"},"acf":[],"_links":{"self":[{"href":"https:\/\/www.libraria-occitana.org\/en\/wp-json\/wp\/v2\/product\/49122","targetHints":{"allow":["GET"]}}],"collection":[{"href":"https:\/\/www.libraria-occitana.org\/en\/wp-json\/wp\/v2\/product"}],"about":[{"href":"https:\/\/www.libraria-occitana.org\/en\/wp-json\/wp\/v2\/types\/product"}],"wp:featuredmedia":[{"embeddable":true,"href":"https:\/\/www.libraria-occitana.org\/en\/wp-json\/wp\/v2\/media\/49115"}],"wp:attachment":[{"href":"https:\/\/www.libraria-occitana.org\/en\/wp-json\/wp\/v2\/media?parent=49122"}],"wp:term":[{"taxonomy":"product_brand","embeddable":true,"href":"https:\/\/www.libraria-occitana.org\/en\/wp-json\/wp\/v2\/product_brand?post=49122"},{"taxonomy":"product_cat","embeddable":true,"href":"https:\/\/www.libraria-occitana.org\/en\/wp-json\/wp\/v2\/product_cat?post=49122"},{"taxonomy":"product_tag","embeddable":true,"href":"https:\/\/www.libraria-occitana.org\/en\/wp-json\/wp\/v2\/product_tag?post=49122"}],"curies":[{"name":"wp","href":"https:\/\/api.w.org\/{rel}","templated":true}]}}