{"id":49306,"date":"2020-01-05T16:49:10","date_gmt":"2020-01-05T15:49:10","guid":{"rendered":"http:\/\/www.libraria-occitana.org\/product\/lenga-doliu\/"},"modified":"2026-04-14T04:46:07","modified_gmt":"2026-04-14T02:46:07","slug":"lenga-doliu","status":"publish","type":"product","link":"https:\/\/www.libraria-occitana.org\/en\/product\/lenga-doliu\/","title":{"rendered":"Lenga d&#8217;oliu"},"content":{"rendered":"<p><strong>Laurent Cavali\u00e9 :<\/strong> Voix, accord\u00e9on, tar, tambour, m\u00e2choire d&#8217;\u00e2ne, grosse caisse<br \/>\n<strong>Guilhem Verger :<\/strong> Accord\u00e9on, voix<\/p>\n<p>Premier album.<br \/>\nQuand se gonflent les poumons de l\u2019un et le soufflet de l\u2019autre, l\u2019air raconte toujours une histoire. L\u2019accord\u00e9on de Guilhem Verger met en relief le chant de Laurent Cavali\u00e9, et colore son groove puissant \u00e0 la Bombe du Lauragais.<br \/>\nConnect\u00e9s au patrimoine po\u00e9tique occitan mais aussi \u00e0 leur imaginaire, attach\u00e9s \u00e0 leur sol et aux gens qui l\u2019habitent, ils se sont r\u00e9unis autour de la vision commune d\u2019un monde d\u2019\u00e9change permanent entre l\u2019ici et l\u2019ailleurs, gageant que c\u2019est en ayant bien les pieds dans sa terre que l\u2019on s\u2019ouvre \u00e0 l\u2019ext\u00e9rieur.<br \/>\nLaurent et Guilhem sillonnent sur des pistes qui passent entre plusieurs univers, flirtent discr\u00e8tement avec la danse, reli\u00e9s par leurs sens du rythme, la m\u00e9lodie de la po\u00e9sie et la po\u00e9sie de la m\u00e9lodie\u2026<\/p>\n<p><strong>Titres :<\/strong><br \/>\n1. Lenga d\u2019oliu 4&#8217;35<br \/>\n2. Adieu te cal partir 6&#8217;56<br \/>\n3. De Femna e d\u2019\u00d2me 5&#8217;38<br \/>\n4. Pescaire 4&#8217;24<br \/>\n5. La petite fille et la roue 4&#8217;09<br \/>\n6. Lo carboni\u00e8r 6&#8217;29<br \/>\n7. Lo papeta 3&#8217;02<br \/>\n8. Germinator 4&#8217;43<br \/>\n9. A vendemia la Magdalena 6&#8217;21<\/p>\n","protected":false},"excerpt":{"rendered":"<p>Laurent Cavali\u00e9 : Voix, accord\u00e9on, tar, tambour, m\u00e2choire d&#8217;\u00e2ne, grosse caisse Guilhem Verger : Accord\u00e9on, voix Premier album. Quand se gonflent les poumons de l\u2019un et le soufflet de l\u2019autre, l\u2019air raconte toujours une histoire. L\u2019accord\u00e9on de Guilhem Verger met en relief le chant de Laurent Cavali\u00e9, et colore son groove puissant \u00e0 la Bombe [&hellip;]<\/p>\n","protected":false},"featured_media":49297,"template":"","meta":{"_acf_changed":false,"_genesis_hide_title":false,"_genesis_hide_breadcrumbs":false,"_genesis_hide_singular_image":false,"_genesis_hide_footer_widgets":false,"_genesis_custom_body_class":"","_genesis_custom_post_class":"","_genesis_layout":""},"product_brand":[],"product_cat":[7216,7218],"product_tag":[],"class_list":{"0":"post-49306","1":"product","2":"type-product","3":"status-publish","4":"has-post-thumbnail","6":"product_cat-music-en","7":"product_cat-voice-en","8":"pa_auteur-cavalie-laurent-en","9":"pa_auteur-verger-guilhem-en","10":"pa_editeur-sirventes-en","11":"pa_langue-francais-en","12":"pa_langue-occitan-en","13":"pa_langue-occitan-lengadocian-en","14":"entry","16":"first","17":"instock","18":"shipping-taxable","19":"purchasable","20":"product-type-simple"},"acf":[],"_links":{"self":[{"href":"https:\/\/www.libraria-occitana.org\/en\/wp-json\/wp\/v2\/product\/49306","targetHints":{"allow":["GET"]}}],"collection":[{"href":"https:\/\/www.libraria-occitana.org\/en\/wp-json\/wp\/v2\/product"}],"about":[{"href":"https:\/\/www.libraria-occitana.org\/en\/wp-json\/wp\/v2\/types\/product"}],"wp:featuredmedia":[{"embeddable":true,"href":"https:\/\/www.libraria-occitana.org\/en\/wp-json\/wp\/v2\/media\/49297"}],"wp:attachment":[{"href":"https:\/\/www.libraria-occitana.org\/en\/wp-json\/wp\/v2\/media?parent=49306"}],"wp:term":[{"taxonomy":"product_brand","embeddable":true,"href":"https:\/\/www.libraria-occitana.org\/en\/wp-json\/wp\/v2\/product_brand?post=49306"},{"taxonomy":"product_cat","embeddable":true,"href":"https:\/\/www.libraria-occitana.org\/en\/wp-json\/wp\/v2\/product_cat?post=49306"},{"taxonomy":"product_tag","embeddable":true,"href":"https:\/\/www.libraria-occitana.org\/en\/wp-json\/wp\/v2\/product_tag?post=49306"}],"curies":[{"name":"wp","href":"https:\/\/api.w.org\/{rel}","templated":true}]}}