{"id":49312,"date":"2020-03-05T17:22:00","date_gmt":"2020-03-05T16:22:00","guid":{"rendered":"http:\/\/www.libraria-occitana.org\/product\/ton-bal\/"},"modified":"2026-04-20T05:36:42","modified_gmt":"2026-04-20T03:36:42","slug":"ton-bal","status":"publish","type":"product","link":"https:\/\/www.libraria-occitana.org\/en\/product\/ton-bal\/","title":{"rendered":"Ton bal !"},"content":{"rendered":"<p><strong>Paulin Courtial :<\/strong> Guitare classique, \u00e9lectrique, basse, ch\u0153urs<br \/>\n<strong>Arnaud Cance :<\/strong> Chant, percussions, vents<\/p>\n<p>Les guitares s\u2019\u00e9tirent, vrombissent, le caj\u00f3n respire et palpite. Les voix \u00e9clatent de ces mots anciens n\u00e9cessaires aujourd\u2019hui. Alors les corps glissent et soupirent, les souliers crissent et transpirent. La fi\u00e8vre s\u2019empare du parquet qui rougit, fume de d\u00e9sir. Paulin Courtial et Arnaud Cance puisent dans la mati\u00e8re du chant populaire occitan une \u00e9nergie qui d\u00e9clenche les rouages de la machine \u00e0 danser. Leurs arrangements, entre force brutale et infinie douceur, rendent hommage aux textes de ces po\u00e8tes inconnus qui ont marqu\u00e9 la m\u00e9moire collective. Chaussez-vous solidement et laissez-vous happer par la transe, Mbraia balance ton bal !<\/p>\n<p><strong>Titres :<\/strong><br \/>\n1. Lo companhon d&#8217;Avairon<br \/>\n2. Quand lo m\u00e8stre ven d&#8217;al mercat<br \/>\n3. Las filhetas del Saul\u00e0<br \/>\n4. La moli\u00e8ira<br \/>\n5. Lo petit aucelon<br \/>\n6. Que donarai<br \/>\n7. Entre midi et deux<br \/>\n8. Passat deman<br \/>\n9. Sur la place<br \/>\n10. Joan De Niv\u00e8la<br \/>\n11. Borr\u00e8ias<\/p>\n","protected":false},"excerpt":{"rendered":"<p>Paulin Courtial : Guitare classique, \u00e9lectrique, basse, ch\u0153urs Arnaud Cance : Chant, percussions, vents Les guitares s\u2019\u00e9tirent, vrombissent, le caj\u00f3n respire et palpite. Les voix \u00e9clatent de ces mots anciens n\u00e9cessaires aujourd\u2019hui. Alors les corps glissent et soupirent, les souliers crissent et transpirent. La fi\u00e8vre s\u2019empare du parquet qui rougit, fume de d\u00e9sir. Paulin Courtial [&hellip;]<\/p>\n","protected":false},"featured_media":49300,"template":"","meta":{"_acf_changed":false,"_genesis_hide_title":false,"_genesis_hide_breadcrumbs":false,"_genesis_hide_singular_image":false,"_genesis_hide_footer_widgets":false,"_genesis_custom_body_class":"","_genesis_custom_post_class":"","_genesis_layout":""},"product_brand":[],"product_cat":[7228,7216],"product_tag":[],"class_list":{"0":"post-49312","1":"product","2":"type-product","3":"status-publish","4":"has-post-thumbnail","6":"product_cat-modern-folk-en","7":"product_cat-music-en","8":"pa_auteur-mbraia-en","9":"pa_editeur-sirventes-en","10":"pa_langue-occitan-en","11":"pa_langue-occitan-lengadocian-en","12":"entry","14":"first","15":"instock","16":"shipping-taxable","17":"purchasable","18":"product-type-simple"},"acf":[],"_links":{"self":[{"href":"https:\/\/www.libraria-occitana.org\/en\/wp-json\/wp\/v2\/product\/49312","targetHints":{"allow":["GET"]}}],"collection":[{"href":"https:\/\/www.libraria-occitana.org\/en\/wp-json\/wp\/v2\/product"}],"about":[{"href":"https:\/\/www.libraria-occitana.org\/en\/wp-json\/wp\/v2\/types\/product"}],"wp:featuredmedia":[{"embeddable":true,"href":"https:\/\/www.libraria-occitana.org\/en\/wp-json\/wp\/v2\/media\/49300"}],"wp:attachment":[{"href":"https:\/\/www.libraria-occitana.org\/en\/wp-json\/wp\/v2\/media?parent=49312"}],"wp:term":[{"taxonomy":"product_brand","embeddable":true,"href":"https:\/\/www.libraria-occitana.org\/en\/wp-json\/wp\/v2\/product_brand?post=49312"},{"taxonomy":"product_cat","embeddable":true,"href":"https:\/\/www.libraria-occitana.org\/en\/wp-json\/wp\/v2\/product_cat?post=49312"},{"taxonomy":"product_tag","embeddable":true,"href":"https:\/\/www.libraria-occitana.org\/en\/wp-json\/wp\/v2\/product_tag?post=49312"}],"curies":[{"name":"wp","href":"https:\/\/api.w.org\/{rel}","templated":true}]}}