{"id":49372,"date":"2018-12-06T18:21:18","date_gmt":"2018-12-06T17:21:18","guid":{"rendered":"http:\/\/www.libraria-occitana.org\/?post_type=product&#038;p=49372"},"modified":"2026-04-28T03:21:28","modified_gmt":"2026-04-28T01:21:28","slug":"vie-dun-couple-de-felibres-pierre-louis-compagnon-du-devoir-de-liberte-et-fanette-son-epouse-lemouzi-n-221-b","status":"publish","type":"product","link":"https:\/\/www.libraria-occitana.org\/en\/product\/vie-dun-couple-de-felibres-pierre-louis-compagnon-du-devoir-de-liberte-et-fanette-son-epouse-lemouzi-n-221-b\/","title":{"rendered":"Vie d&#8217;un couple de f\u00e9libres : Pierre Louis, Compagnon du &#8220;Devoir de libert\u00e9&#8221; et Fanette son \u00e9pouse \/ Lemouzi N\u00b0 221 b"},"content":{"rendered":"<p>Maguelone Moreau-Louis nous parle de ses parents dans cet ouvrage. Son p\u00e8re Pierre Louis, enfant de Feytiat (Haute-Vienne), disciple d\u2019Agricol Perdiguier, restaura, \u00e0 l\u2019\u00e2ge de 20 ans la Soci\u00e9t\u00e9 des Compagnons menuisiers et serruriers. Il en fut le pr\u00e9sident. Il fut \u00e9galement f\u00e9libre. Son \u00e9pouse Fanette Rol, n\u00e9e \u00e0 Mazan (84) travailla au service de la comtesse d\u2019Adh\u00e9mar en Avignon et connut notamment le Marquis de Baroncelli et les animatrices du groupe <em>Lou Riban de Prouv\u00e8n\u00e7o<\/em>.<\/p>\n","protected":false},"excerpt":{"rendered":"<p>Maguelone Moreau-Louis nous parle de ses parents dans cet ouvrage. Son p\u00e8re Pierre Louis, enfant de Feytiat (Haute-Vienne), disciple d\u2019Agricol Perdiguier, restaura, \u00e0 l\u2019\u00e2ge de 20 ans la Soci\u00e9t\u00e9 des Compagnons menuisiers et serruriers. Il en fut le pr\u00e9sident. Il fut \u00e9galement f\u00e9libre. Son \u00e9pouse Fanette Rol, n\u00e9e \u00e0 Mazan (84) travailla au service de [&hellip;]<\/p>\n","protected":false},"featured_media":49356,"template":"","meta":{"_acf_changed":false,"_genesis_hide_title":false,"_genesis_hide_breadcrumbs":false,"_genesis_hide_singular_image":false,"_genesis_hide_footer_widgets":false,"_genesis_custom_body_class":"","_genesis_custom_post_class":"","_genesis_layout":""},"product_brand":[],"product_cat":[7148,7158],"product_tag":[],"class_list":{"0":"post-49372","1":"product","2":"type-product","3":"status-publish","4":"has-post-thumbnail","6":"product_cat-history-geography-en","7":"product_cat-modern-and-contemporary-history-en","8":"pa_auteur-moreau-louis-maguelonne-en","9":"pa_editeur-lemouzi-en","10":"pa_langue-francais-en","11":"entry","13":"first","14":"instock","15":"shipping-taxable","16":"purchasable","17":"product-type-simple"},"acf":[],"_links":{"self":[{"href":"https:\/\/www.libraria-occitana.org\/en\/wp-json\/wp\/v2\/product\/49372","targetHints":{"allow":["GET"]}}],"collection":[{"href":"https:\/\/www.libraria-occitana.org\/en\/wp-json\/wp\/v2\/product"}],"about":[{"href":"https:\/\/www.libraria-occitana.org\/en\/wp-json\/wp\/v2\/types\/product"}],"wp:featuredmedia":[{"embeddable":true,"href":"https:\/\/www.libraria-occitana.org\/en\/wp-json\/wp\/v2\/media\/49356"}],"wp:attachment":[{"href":"https:\/\/www.libraria-occitana.org\/en\/wp-json\/wp\/v2\/media?parent=49372"}],"wp:term":[{"taxonomy":"product_brand","embeddable":true,"href":"https:\/\/www.libraria-occitana.org\/en\/wp-json\/wp\/v2\/product_brand?post=49372"},{"taxonomy":"product_cat","embeddable":true,"href":"https:\/\/www.libraria-occitana.org\/en\/wp-json\/wp\/v2\/product_cat?post=49372"},{"taxonomy":"product_tag","embeddable":true,"href":"https:\/\/www.libraria-occitana.org\/en\/wp-json\/wp\/v2\/product_tag?post=49372"}],"curies":[{"name":"wp","href":"https:\/\/api.w.org\/{rel}","templated":true}]}}