{"id":49375,"date":"2019-10-06T18:33:11","date_gmt":"2019-10-06T16:33:11","guid":{"rendered":"http:\/\/www.libraria-occitana.org\/?post_type=product&#038;p=49375"},"modified":"2026-04-29T07:02:03","modified_gmt":"2026-04-29T05:02:03","slug":"travaux-darcheologie-limousine-tome-39","status":"publish","type":"product","link":"https:\/\/www.libraria-occitana.org\/en\/product\/travaux-darcheologie-limousine-tome-39\/","title":{"rendered":"Travaux d&#8217;arch\u00e9ologie limousine Tome 39"},"content":{"rendered":"<p><strong>Protohistoire et pr\u00e9histoire<\/strong><\/p>\n<ul>\n<li>Jean-Michel Beausoleil, D\u00e9couvertes de la fin du Premier au d\u00e9but du Second \u00c2ge du fer au Martoulet (c. de Saint-Germain-les-Belles, Haute-Vienne)<\/li>\n<li>Jean-Michel Beausoleil, El\u00e9ments c\u00e9ramiques du style Rhin-Suisse-France orientale (Bronze final IIb-IIIa), trouv\u00e9s \u00e0 Argentat-sur-Dordogne (Corr\u00e8ze)<\/li>\n<\/ul>\n<p>&nbsp;<\/p>\n<p><strong>Antiquit\u00e9<\/strong><\/p>\n<ul>\n<li>Florian Baret, Exploitation mini\u00e8re et habitat antique du bois de La Tourette \u00e0 Blond (Haute-Vienne) : bilan historiographique et travaux r\u00e9cents (2017-2018)<\/li>\n<li>Jean-Pierre Bost et Al, Un grand monument fun\u00e9raire d\u2019\u00e9poque romaine \u00e0 Augustoritum<\/li>\n<li>Paul Facq et Al, Une borne routi\u00e8re romaine \u00e0 Augustoritum\/Limoges<\/li>\n<li>Jean-Pierre Loustaud, L\u2019aqueduc ma\u00e7onn\u00e9 sous le cardo maximus d\u2019Augustoritum\/Limoges, un ouvrage majeur de la distribution de l\u2019eau dans la ville gallo-romaine.<\/li>\n<li>Jean-Michel Desbordes, Contribution \u00e0 l\u2019histoire du peuplement en Montagne limousine : recherche de jalons chronologiques sur l\u2019habitat rural en Pays de Bugeat (Corr\u00e8ze)<\/li>\n<li>Jean-Louis Paillet et Dominique Tardy, Vivre et mourir aux Cars : Les monuments fun\u00e9raires du Bac-des-Cars (Corr\u00e8ze)<\/li>\n<li>Georges M\u00e9riguet, Vestiges antiques du bourg de Ch\u00e2teauponsac (Haute-Vienne)<\/li>\n<\/ul>\n<p>&nbsp;<\/p>\n<p><strong>Moyen \u00c2ge<\/strong><\/p>\n<ul>\n<li>Marius Ducloux, La chapelle Saint-Jean de Lubersac (Corr\u00e8ze)<\/li>\n<li>Christophe Maniquet et Al, Rochechouart (Haute-Vienne) : nouvelles recherches arch\u00e9ologiques dans la ville<\/li>\n<\/ul>\n<p>&nbsp;<\/p>\n<p><strong>\u00c9poques moderne et contemporaine<\/strong><\/p>\n<ul>\n<li>Christian Vallet, Aspects de la vie mat\u00e9rielle d\u2019une maison bourgeoise \u00e0 Limoges \u00e0 la fin du XIXe si\u00e8cle<\/li>\n<\/ul>\n","protected":false},"excerpt":{"rendered":"<p>Protohistoire et pr\u00e9histoire Jean-Michel Beausoleil, D\u00e9couvertes de la fin du Premier au d\u00e9but du Second \u00c2ge du fer au Martoulet (c. de Saint-Germain-les-Belles, Haute-Vienne) Jean-Michel Beausoleil, El\u00e9ments c\u00e9ramiques du style Rhin-Suisse-France orientale (Bronze final IIb-IIIa), trouv\u00e9s \u00e0 Argentat-sur-Dordogne (Corr\u00e8ze) &nbsp; Antiquit\u00e9 Florian Baret, Exploitation mini\u00e8re et habitat antique du bois de La Tourette \u00e0 Blond [&hellip;]<\/p>\n","protected":false},"featured_media":49353,"template":"","meta":{"_acf_changed":false,"_genesis_hide_title":false,"_genesis_hide_breadcrumbs":false,"_genesis_hide_singular_image":false,"_genesis_hide_footer_widgets":false,"_genesis_custom_body_class":"","_genesis_custom_post_class":"","_genesis_layout":""},"product_brand":[],"product_cat":[7154,7132,7148,7160,7158],"product_tag":[],"class_list":{"0":"post-49375","1":"product","2":"type-product","3":"status-publish","4":"has-post-thumbnail","6":"product_cat-ancient-history-en","7":"product_cat-books","8":"product_cat-history-geography-en","9":"product_cat-medieval-history-en","10":"product_cat-modern-and-contemporary-history-en","11":"pa_auteur-collectiu-en-2","12":"pa_editeur-archeologie-en-limousin-en","13":"pa_langue-francais-en","14":"entry","16":"first","17":"instock","18":"shipping-taxable","19":"purchasable","20":"product-type-simple"},"acf":[],"_links":{"self":[{"href":"https:\/\/www.libraria-occitana.org\/en\/wp-json\/wp\/v2\/product\/49375","targetHints":{"allow":["GET"]}}],"collection":[{"href":"https:\/\/www.libraria-occitana.org\/en\/wp-json\/wp\/v2\/product"}],"about":[{"href":"https:\/\/www.libraria-occitana.org\/en\/wp-json\/wp\/v2\/types\/product"}],"wp:featuredmedia":[{"embeddable":true,"href":"https:\/\/www.libraria-occitana.org\/en\/wp-json\/wp\/v2\/media\/49353"}],"wp:attachment":[{"href":"https:\/\/www.libraria-occitana.org\/en\/wp-json\/wp\/v2\/media?parent=49375"}],"wp:term":[{"taxonomy":"product_brand","embeddable":true,"href":"https:\/\/www.libraria-occitana.org\/en\/wp-json\/wp\/v2\/product_brand?post=49375"},{"taxonomy":"product_cat","embeddable":true,"href":"https:\/\/www.libraria-occitana.org\/en\/wp-json\/wp\/v2\/product_cat?post=49375"},{"taxonomy":"product_tag","embeddable":true,"href":"https:\/\/www.libraria-occitana.org\/en\/wp-json\/wp\/v2\/product_tag?post=49375"}],"curies":[{"name":"wp","href":"https:\/\/api.w.org\/{rel}","templated":true}]}}