{"id":50454,"date":"2018-12-23T11:03:37","date_gmt":"2018-12-23T10:03:37","guid":{"rendered":"http:\/\/www.libraria-occitana.org\/product\/camin-destelas\/"},"modified":"2026-04-29T05:26:31","modified_gmt":"2026-04-29T03:26:31","slug":"camin-destelas","status":"publish","type":"product","link":"https:\/\/www.libraria-occitana.org\/en\/product\/camin-destelas\/","title":{"rendered":"Camin d&#8217;Est\u00e8las"},"content":{"rendered":"<p><strong>Manu de Gouvello :<\/strong> Basse et ch\u0153urs<br \/>\n<strong>Vivian Peres :<\/strong> Batterie, percussions diverses<br \/>\n<strong>Philippe Puygrenier :<\/strong> Chant, vielle \u00e0 roue \u00e9lectro-acoustique, boha, ga\u00eftas<br \/>\n<strong>Denis Galvier :<\/strong> Chant, hautbois languedocien, chal\u00e9mie, fl\u00fbtes \u00e0 bec, saxos<br \/>\n<strong>Yves Masson :<\/strong> Guitares, bouzouki, ukul\u00e9l\u00e9, chant<\/p>\n<p><strong>Un \u00ab bal\u00e8ti oc &amp; folk \u00bb.<\/strong><br \/>\n\u00c0 la crois\u00e9e des chemins et des \u00e2ges, Coriandre, pieds en Occitanie et t\u00eate dans les nuages ! Saveurs d&#8217;Orient, velout\u00e9 jazzy, secousses afro dans un <em>mesclador<\/em> \u00f2c et pop : le cocktail est festif !<\/p>\n<p>Livret 20 pages en couleurs, avec les textes des chansons et leurs traductions quand ils sont en occitans.<\/p>\n<p><strong>Titres :<\/strong><br \/>\n1. L&#8217;est\u00e8la lo jorn (bourr\u00e9e \u00e0 trois temps) 4&#8217;02<br \/>\n2. De bon matin (ronde du Quercy) 5&#8217;30<br \/>\n3. U\u00e8lh d&#8217;est\u00e8la (gavotte de l&#8217;Aven) 4&#8217;17<br \/>\n4. La camba t\u00f2rta (an dro) 5&#8217;37<br \/>\n5. Ballade de Sanpac\u00e9 (ronde proven\u00e7ale) 3&#8217;22<br \/>\n6. 49.3 (cercle circassien) 6&#8217;13<br \/>\n7. Mazurcaline (mazurka) 3&#8217;02<br \/>\n8. Vire \u00e0 l&#8217;envers (scottish) 4&#8217;41<br \/>\n9. Benl\u00e8u (valse \u00e9cossaise) 3&#8217;22<br \/>\n10. La nassa (bourr\u00e9e \u00e0 deux temps) 4&#8217;52<br \/>\n11. Ay Marijska ! (scottish) 2&#8217;50<br \/>\n12. Al mercat (rondeau) 3&#8217;39<br \/>\n13. Convidacion al viatge 3&#8217;50<br \/>\n14. Adieu (mazurka) 5&#8217;13<\/p>\n","protected":false},"excerpt":{"rendered":"<p>Manu de Gouvello : Basse et ch\u0153urs Vivian Peres : Batterie, percussions diverses Philippe Puygrenier : Chant, vielle \u00e0 roue \u00e9lectro-acoustique, boha, ga\u00eftas Denis Galvier : Chant, hautbois languedocien, chal\u00e9mie, fl\u00fbtes \u00e0 bec, saxos Yves Masson : Guitares, bouzouki, ukul\u00e9l\u00e9, chant Un \u00ab bal\u00e8ti oc &amp; folk \u00bb. \u00c0 la crois\u00e9e des chemins et des [&hellip;]<\/p>\n","protected":false},"featured_media":50446,"template":"","meta":{"_acf_changed":false,"_genesis_hide_title":false,"_genesis_hide_breadcrumbs":false,"_genesis_hide_singular_image":false,"_genesis_hide_footer_widgets":false,"_genesis_custom_body_class":"","_genesis_custom_post_class":"","_genesis_layout":""},"product_brand":[],"product_cat":[7228,7216],"product_tag":[],"class_list":{"0":"post-50454","1":"product","2":"type-product","3":"status-publish","4":"has-post-thumbnail","6":"product_cat-modern-folk-en","7":"product_cat-music-en","8":"pa_auteur-coriandre-en","9":"pa_editeur-coriandre-en-2","10":"pa_langue-francais-en","11":"pa_langue-occitan-en","12":"pa_langue-occitan-lengadocian-en","13":"entry","15":"first","16":"instock","17":"shipping-taxable","18":"purchasable","19":"product-type-simple"},"acf":[],"_links":{"self":[{"href":"https:\/\/www.libraria-occitana.org\/en\/wp-json\/wp\/v2\/product\/50454","targetHints":{"allow":["GET"]}}],"collection":[{"href":"https:\/\/www.libraria-occitana.org\/en\/wp-json\/wp\/v2\/product"}],"about":[{"href":"https:\/\/www.libraria-occitana.org\/en\/wp-json\/wp\/v2\/types\/product"}],"wp:featuredmedia":[{"embeddable":true,"href":"https:\/\/www.libraria-occitana.org\/en\/wp-json\/wp\/v2\/media\/50446"}],"wp:attachment":[{"href":"https:\/\/www.libraria-occitana.org\/en\/wp-json\/wp\/v2\/media?parent=50454"}],"wp:term":[{"taxonomy":"product_brand","embeddable":true,"href":"https:\/\/www.libraria-occitana.org\/en\/wp-json\/wp\/v2\/product_brand?post=50454"},{"taxonomy":"product_cat","embeddable":true,"href":"https:\/\/www.libraria-occitana.org\/en\/wp-json\/wp\/v2\/product_cat?post=50454"},{"taxonomy":"product_tag","embeddable":true,"href":"https:\/\/www.libraria-occitana.org\/en\/wp-json\/wp\/v2\/product_tag?post=50454"}],"curies":[{"name":"wp","href":"https:\/\/api.w.org\/{rel}","templated":true}]}}