{"id":50501,"date":"2020-01-23T18:22:57","date_gmt":"2020-01-23T17:22:57","guid":{"rendered":"http:\/\/www.libraria-occitana.org\/?post_type=product&#038;p=50501"},"modified":"2026-04-29T07:11:46","modified_gmt":"2026-04-29T05:11:46","slug":"le-ptit-princ","status":"publish","type":"product","link":"https:\/\/www.libraria-occitana.org\/en\/product\/le-ptit-princ\/","title":{"rendered":"Le P&#8217;tit Princ&#8217; : Patoua\u00efe d&#8217; N\u00e2v&#8217; \/ Navois (Naves, Allier)"},"content":{"rendered":"<p>Une version en occitan du Bourbonnais du <em>Petit Prince<\/em> de Saint-Exup\u00e9ry. Graphie phon\u00e9tique de l&#8217;auteur.<\/p>\n<p>\u00ab Adju dissait le r&#8217;n\u00e2.<br \/>\nV&#8217;tchi me s&#8217;cret. \u00d4l \u00e9 ben simpl&#8217; :<br \/>\nN&#8217;in ne va\u00efe m\u00e2 bien qu&#8217;amb\u00e9 le caeu.<br \/>\nL&#8217; pu impourtint s&#8217; va\u00efe p\u00e2s amb\u00e9 l\u00f4s ua\u00efes. \u00bb<\/p>\n<p>Traduction : Henri Grobost. \u00c9dition : Maximilien Gu\u00e9rin &amp; Nicolas Quint.<\/p>\n","protected":false},"excerpt":{"rendered":"<p>Une version en occitan du Bourbonnais du Petit Prince de Saint-Exup\u00e9ry. Graphie phon\u00e9tique de l&#8217;auteur. \u00ab Adju dissait le r&#8217;n\u00e2. V&#8217;tchi me s&#8217;cret. \u00d4l \u00e9 ben simpl&#8217; : N&#8217;in ne va\u00efe m\u00e2 bien qu&#8217;amb\u00e9 le caeu. L&#8217; pu impourtint s&#8217; va\u00efe p\u00e2s amb\u00e9 l\u00f4s ua\u00efes. \u00bb Traduction : Henri Grobost. \u00c9dition : Maximilien Gu\u00e9rin &amp; [&hellip;]<\/p>\n","protected":false},"featured_media":50504,"template":"","meta":{"_acf_changed":false,"_genesis_hide_title":false,"_genesis_hide_breadcrumbs":false,"_genesis_hide_singular_image":false,"_genesis_hide_footer_widgets":false,"_genesis_custom_body_class":"","_genesis_custom_post_class":"","_genesis_layout":""},"product_brand":[],"product_cat":[7132,7136,7140],"product_tag":[],"class_list":{"0":"post-50501","1":"product","2":"type-product","3":"status-publish","4":"has-post-thumbnail","6":"product_cat-books","7":"product_cat-dictionaries-language-educational-en","8":"product_cat-linguistics-en","9":"pa_auteur-saint-exupery-antoine-de-fr-en","10":"pa_editeur-tintenfass-en","11":"pa_illustrateur-grobost-henri-en","12":"pa_illustrateur-guerin-maximilien-en-1","13":"pa_illustrateur-quint-nicolas-en-1","14":"pa_langue-occitan-en","15":"pa_langue-occitan-auvernhat-en","16":"entry","18":"first","19":"instock","20":"shipping-taxable","21":"purchasable","22":"product-type-simple"},"acf":[],"_links":{"self":[{"href":"https:\/\/www.libraria-occitana.org\/en\/wp-json\/wp\/v2\/product\/50501","targetHints":{"allow":["GET"]}}],"collection":[{"href":"https:\/\/www.libraria-occitana.org\/en\/wp-json\/wp\/v2\/product"}],"about":[{"href":"https:\/\/www.libraria-occitana.org\/en\/wp-json\/wp\/v2\/types\/product"}],"wp:featuredmedia":[{"embeddable":true,"href":"https:\/\/www.libraria-occitana.org\/en\/wp-json\/wp\/v2\/media\/50504"}],"wp:attachment":[{"href":"https:\/\/www.libraria-occitana.org\/en\/wp-json\/wp\/v2\/media?parent=50501"}],"wp:term":[{"taxonomy":"product_brand","embeddable":true,"href":"https:\/\/www.libraria-occitana.org\/en\/wp-json\/wp\/v2\/product_brand?post=50501"},{"taxonomy":"product_cat","embeddable":true,"href":"https:\/\/www.libraria-occitana.org\/en\/wp-json\/wp\/v2\/product_cat?post=50501"},{"taxonomy":"product_tag","embeddable":true,"href":"https:\/\/www.libraria-occitana.org\/en\/wp-json\/wp\/v2\/product_tag?post=50501"}],"curies":[{"name":"wp","href":"https:\/\/api.w.org\/{rel}","templated":true}]}}