{"id":50626,"date":"2014-04-16T17:46:34","date_gmt":"2014-04-16T15:46:34","guid":{"rendered":"http:\/\/www.libraria-occitana.org\/product\/je-me-suis-en-allee\/"},"modified":"2026-04-29T05:41:53","modified_gmt":"2026-04-29T03:41:53","slug":"je-me-suis-en-allee","status":"publish","type":"product","link":"https:\/\/www.libraria-occitana.org\/en\/product\/je-me-suis-en-allee\/","title":{"rendered":"Je me suis en all\u00e9e&#8230;"},"content":{"rendered":"<p><strong>Corinne Bahuaud :<\/strong> Mezzo soprano<br \/>\n<strong>Delphine Cadet :<\/strong> Soprano<br \/>\n<strong>Marion Delcourt :<\/strong> Mezzo soprano<br \/>\n<strong>Ana\u00efs Vintour :<\/strong> Soprano<\/p>\n<p><strong>Un nouveau regard sur les chansons traditionnelles de nos terroirs<\/strong><br \/>\nEn invitant des compositeurs \u2013 Guillaume Prieur, Jean-Christophe Rosaz, Pascal Caumont, Julien Reynaud, Pascal Zavaro et Thierry Machuel \u2013 \u00e0 se saisir de mat\u00e9riaux \u00ab traditionnels \u00bb provenant de diff\u00e9rentes aires culturelles (Pays d&#8217;Oil, Occitanie&#8230;), le Quatuor Vocal M\u00e9liades nous restitue un r\u00e9pertoire renouvel\u00e9, inattendu.<br \/>\nLa musique traditionnelle trouve ici une deuxi\u00e8me vie et l&#8217;\u00e9criture contemporaine une mati\u00e8re \u00e0 sculpter, enracin\u00e9e dans l&#8217;inconscient de la France et dans sa m\u00e9moire collective.<br \/>\nL&#8217;interpr\u00e9tation engag\u00e9e, sensible et profonde donne \u00e0 chacune des pi\u00e8ces de ce disque une saveur et un caract\u00e8re marqu\u00e9.<\/p>\n<p>N\u00e9 en 2006, le quatuor propose un r\u00e9pertoire allant de la musique savante \u00e0 la musique traditionnelle en passant par la cr\u00e9ation contemporaine. En collaborant avec la nouvelle g\u00e9n\u00e9ration de compositeurs, M\u00e9liades s\u2019oriente aussi vers la musique traditionnelle. Comme sur ce disque, les compositeurs revisitent ces m\u00e9lodies \u00e0 leur mani\u00e8re.<br \/>\nL&#8217;ensemble Pygmalion, le Concert d&#8217;Astr\u00e9e, Les Talents Lyriques, Mikrokosmos, le Ch\u0153ur Britten, la Ma\u00eetrise de Notre Dame de Paris ou le Ch\u0153ur de Radio France sont autant d&#8217;ensembles prestigieux au sein desquels elles se produisent individuellement, en tant que solistes ou choristes.<\/p>\n<p><strong>Titres :<\/strong><br \/>\n1. La rose et le rosier 3&#8217;45<br \/>\n2. Pare le loup 3&#8217;08<br \/>\n3. Garda toun boun t\u00e8in 2&#8217;25<br \/>\n4. Malurosa vita que la de pastor 3&#8217;47<br \/>\n5. M&#8217;y promenant le long de ces verts pr\u00e9s 5&#8217;25<br \/>\n6. Voil\u00e0 le printemps \/ Je n&#8217;avais qu&#8217;un \u00e9pi de bl\u00e9 2&#8217;43<br \/>\n7. Le chant de la Creuse 4&#8217;58<br \/>\n8. Mon p\u00e8re veut me marier 3&#8217;07<br \/>\n9. Nosta Dama deu cap deu pont 3&#8217;43<br \/>\n10. C&#8217;est d&#8217;main qu&#8217;tu t&#8217;maries 4&#8217;21<br \/>\n11. J&#8217;allons nous marier 2&#8217;48<br \/>\n12. Se io sabi\u00e0i volar 3&#8217;15<br \/>\n13. Lorsque j&#8217;\u00e9tais p&#8217;tit&#8217;, tout&#8217; p&#8217;tit&#8217; 3&#8217;37<br \/>\n14. Adieu ma charmante blonde 5&#8217;47<br \/>\n15. Derri\u00e8re le ch\u00e2teau de Montviel 5&#8217;21<br \/>\n16. En passant le long d&#8217;un ch&#8217;min 2&#8217;19<\/p>\n","protected":false},"excerpt":{"rendered":"<p>Corinne Bahuaud : Mezzo soprano Delphine Cadet : Soprano Marion Delcourt : Mezzo soprano Ana\u00efs Vintour : Soprano Un nouveau regard sur les chansons traditionnelles de nos terroirs En invitant des compositeurs \u2013 Guillaume Prieur, Jean-Christophe Rosaz, Pascal Caumont, Julien Reynaud, Pascal Zavaro et Thierry Machuel \u2013 \u00e0 se saisir de mat\u00e9riaux \u00ab traditionnels \u00bb [&hellip;]<\/p>\n","protected":false},"featured_media":50290,"template":"","meta":{"_acf_changed":false,"_genesis_hide_title":false,"_genesis_hide_breadcrumbs":false,"_genesis_hide_singular_image":false,"_genesis_hide_footer_widgets":false,"_genesis_custom_body_class":"","_genesis_custom_post_class":"","_genesis_layout":""},"product_brand":[],"product_cat":[7226,7216,7230],"product_tag":[],"class_list":{"0":"post-50626","1":"product","2":"type-product","3":"status-publish","4":"has-post-thumbnail","6":"product_cat-classical-troubadours-en","7":"product_cat-music-en","8":"product_cat-polyphonies-en","9":"pa_auteur-quatuor-meliades-en","10":"pa_editeur-ad-vitam-records-en","11":"pa_langue-francais-en","12":"pa_langue-occitan-en","13":"entry","15":"first","16":"instock","17":"shipping-taxable","18":"purchasable","19":"product-type-simple"},"acf":[],"_links":{"self":[{"href":"https:\/\/www.libraria-occitana.org\/en\/wp-json\/wp\/v2\/product\/50626","targetHints":{"allow":["GET"]}}],"collection":[{"href":"https:\/\/www.libraria-occitana.org\/en\/wp-json\/wp\/v2\/product"}],"about":[{"href":"https:\/\/www.libraria-occitana.org\/en\/wp-json\/wp\/v2\/types\/product"}],"wp:featuredmedia":[{"embeddable":true,"href":"https:\/\/www.libraria-occitana.org\/en\/wp-json\/wp\/v2\/media\/50290"}],"wp:attachment":[{"href":"https:\/\/www.libraria-occitana.org\/en\/wp-json\/wp\/v2\/media?parent=50626"}],"wp:term":[{"taxonomy":"product_brand","embeddable":true,"href":"https:\/\/www.libraria-occitana.org\/en\/wp-json\/wp\/v2\/product_brand?post=50626"},{"taxonomy":"product_cat","embeddable":true,"href":"https:\/\/www.libraria-occitana.org\/en\/wp-json\/wp\/v2\/product_cat?post=50626"},{"taxonomy":"product_tag","embeddable":true,"href":"https:\/\/www.libraria-occitana.org\/en\/wp-json\/wp\/v2\/product_tag?post=50626"}],"curies":[{"name":"wp","href":"https:\/\/api.w.org\/{rel}","templated":true}]}}