{"id":50667,"date":"2013-11-30T12:29:14","date_gmt":"2013-11-30T11:29:14","guid":{"rendered":"http:\/\/www.libraria-occitana.org\/?post_type=product&#038;p=50667"},"modified":"2026-04-15T23:31:22","modified_gmt":"2026-04-15T21:31:22","slug":"les-fraisses-eran-tombats","status":"publish","type":"product","link":"https:\/\/www.libraria-occitana.org\/en\/product\/les-fraisses-eran-tombats\/","title":{"rendered":"Les fraisses \u00e8ran tombats"},"content":{"rendered":"<p>Les ann\u00e9es 1980 : Barriac, un village de la montagne cantalienne, avec ses paysages et ses mentalit\u00e9s propres, s\u2019int\u00e8gre comme il peut au monde moderne.<\/p>\n<p>Un roman qui parle du pr\u00e9sent, et non pas de la vie paysanne d\u2019autrefois : Dani\u00e8le, plac\u00e9e dans un caf\u00e9 d\u00e8s sa sortie de l\u2019\u00e9cole et qui se retrouve enceinte d\u2019on ne sait qui, correspond \u00e0 une r\u00e9alit\u00e9 auvergnate contemporaine. Une r\u00e9alit\u00e9 qui se montre telle qu&#8217;elle est, ni blanche, ni noire.<\/p>\n<p>Couverture deux couleurs (photographies de G. Roussi\u00e8s), illustrations int\u00e9rieures de Philippe Sabatier. Avec nombreuses notes de vocabulaire en fran\u00e7ais.<\/p>\n<p>Cette \u00e9dition est le reprint de l&#8217;\u00e9dition de 1981 (collection A tots, IEO Cantal &#8211; Ostal del libre).<\/p>\n<p>La suite de ce roman : <a href=\"http:\/\/www.libraria-occitana.org\/produit\/las-vaissas-avian-folhat\/\"><em>Las vaissas avi\u00e1n folhat<\/em><\/a><\/p>\n","protected":false},"excerpt":{"rendered":"<p>Les ann\u00e9es 1980 : Barriac, un village de la montagne cantalienne, avec ses paysages et ses mentalit\u00e9s propres, s\u2019int\u00e8gre comme il peut au monde moderne. Un roman qui parle du pr\u00e9sent, et non pas de la vie paysanne d\u2019autrefois : Dani\u00e8le, plac\u00e9e dans un caf\u00e9 d\u00e8s sa sortie de l\u2019\u00e9cole et qui se retrouve enceinte [&hellip;]<\/p>\n","protected":false},"featured_media":50672,"template":"","meta":{"_acf_changed":false,"_genesis_hide_title":false,"_genesis_hide_breadcrumbs":false,"_genesis_hide_singular_image":false,"_genesis_hide_footer_widgets":false,"_genesis_custom_body_class":"","_genesis_custom_post_class":"","_genesis_layout":""},"product_brand":[],"product_cat":[7132,7174,7182],"product_tag":[],"class_list":{"0":"post-50667","1":"product","2":"type-product","3":"status-publish","4":"has-post-thumbnail","6":"product_cat-books","7":"product_cat-literature-en","8":"product_cat-novels-short-stories-en","9":"pa_auteur-daval-felic-en","10":"pa_editeur-lostal-del-libre-en","11":"pa_langue-occitan-en","12":"pa_langue-occitan-lengadocian-en","13":"entry","15":"first","16":"instock","17":"shipping-taxable","18":"purchasable","19":"product-type-simple"},"acf":[],"_links":{"self":[{"href":"https:\/\/www.libraria-occitana.org\/en\/wp-json\/wp\/v2\/product\/50667","targetHints":{"allow":["GET"]}}],"collection":[{"href":"https:\/\/www.libraria-occitana.org\/en\/wp-json\/wp\/v2\/product"}],"about":[{"href":"https:\/\/www.libraria-occitana.org\/en\/wp-json\/wp\/v2\/types\/product"}],"wp:featuredmedia":[{"embeddable":true,"href":"https:\/\/www.libraria-occitana.org\/en\/wp-json\/wp\/v2\/media\/50672"}],"wp:attachment":[{"href":"https:\/\/www.libraria-occitana.org\/en\/wp-json\/wp\/v2\/media?parent=50667"}],"wp:term":[{"taxonomy":"product_brand","embeddable":true,"href":"https:\/\/www.libraria-occitana.org\/en\/wp-json\/wp\/v2\/product_brand?post=50667"},{"taxonomy":"product_cat","embeddable":true,"href":"https:\/\/www.libraria-occitana.org\/en\/wp-json\/wp\/v2\/product_cat?post=50667"},{"taxonomy":"product_tag","embeddable":true,"href":"https:\/\/www.libraria-occitana.org\/en\/wp-json\/wp\/v2\/product_tag?post=50667"}],"curies":[{"name":"wp","href":"https:\/\/api.w.org\/{rel}","templated":true}]}}