{"id":51202,"date":"2020-05-15T16:50:32","date_gmt":"2020-05-15T14:50:32","guid":{"rendered":"http:\/\/www.libraria-occitana.org\/?post_type=product&#038;p=51202"},"modified":"2026-04-29T10:10:06","modified_gmt":"2026-04-29T08:10:06","slug":"sud-ouest-et-monde-musulman-histoires-de-rencontres","status":"publish","type":"product","link":"https:\/\/www.libraria-occitana.org\/en\/product\/sud-ouest-et-monde-musulman-histoires-de-rencontres\/","title":{"rendered":"Sud-Ouest et monde musulman : Histoires de rencontres"},"content":{"rendered":"<p>Sait-on qu\u2019avant la c\u00e9l\u00e8bre bataille de Poitiers Eudes, le duc d\u2019Aquitaine, s\u2019allia \u00e0 un gouverneur musulman et lui donna sa fille en mariage ? Sait-on qu\u2019au temps des Croisades le comte de Toulouse, Raymond de Saint-Gilles, cr\u00e9a un \u00c9tat occitan multiculturel au Moyen-Orient ? Sait-on que lors de sa d\u00e9tention au ch\u00e2teau de Pau, l\u2019\u00e9mir Abd el-Kader entama un dialogue interreligieux avec un pr\u00e9lat bordelais, Mgr Dupuch, ancien \u00e9v\u00eaque d\u2019Alger, et qu\u2019\u00e0 peu pr\u00e8s \u00e0 la m\u00eame \u00e9poque un cur\u00e9 charentais, l\u2019abb\u00e9 Michon, suite \u00e0 son voyage en Orient, soutient que l\u2019islam et le christianisme sont au fond une m\u00eame \u00ab religion abrahamique \u00bb ? Sait-on que notre tourti\u00e8re gasconne, pourtant sp\u00e9cialit\u00e9 du terroir par excellence, a sans doute des origines orientales ?<\/p>\n<p>Ces quelques exemples montrent que le Sud-Ouest et le monde musulman ont connu des situations d\u2019\u00e9changes qu\u2019en ces p\u00e9riodes de raidissements identitaires on a tendance \u00e0 oublier. Ce livre se propose de retrouver cette m\u00e9moire partag\u00e9e. Il raconte une quinzaine d\u2019histoires de rencontres surprenantes entre des cultures et des populations que trop souvent on enferme dans une opposition radicale<\/p>\n<p><strong>Table des mati\u00e8res<\/strong><\/p>\n<p><strong>1\u00e8re partie : Voisinages<\/strong><br \/>\n&#8211; Quand le duc d\u2019Aquitaine s\u2019allie \u00e0 un gouverneur musulman et lui donne sa fille en mariage<br \/>\n&#8211; La chronique arabe de Gironville (Macau, M\u00e9doc) ou l\u2019Orient r\u00eav\u00e9 d\u2019un notable bordelais : Lodi-Martin Duffour-Dubergier<br \/>\n&#8211; Sylvestre II, le pape aquitain qui connaissait les sciences arabes<br \/>\n&#8211; Guillaume IX de Poitiers, le duc-troubadour, et le monde arabo-musulman<br \/>\n&#8211; Saragosse \/ Saraqusta : notre voisine islamique<br \/>\n&#8211; Le phare de Cordouan : une origine andalouse ?<\/p>\n<p><strong>2e partie : Travers\u00e9es<\/strong><br \/>\n&#8211; Un \u00c9tat occitan au Proche-Orient au temps des croisades : le comt\u00e9 de Tripoli<br \/>\n&#8211; Gabriel de Lavergne, vicomte de Guilleragues (1628-1685) : \u00ab un gascon gourmand et plaisant \u00bb dans l&#8217;empire ottoman<br \/>\n&#8211; Jean-Hippolyte Michon (1806-1881) : cet \u00e9tonnant abb\u00e9 charentais curieux de l\u2019Orient et d\u00e9fenseur de l\u2019islam abrahamique<br \/>\n&#8211; Abd El-Kader au ch\u00e2teau de Pau : l\u2019image de \u00ab l\u2019ennemi de la France \u00bb revisit\u00e9e<br \/>\n&#8211; La rencontre de Bordeaux ou comment une jeune Fran\u00e7aise devint l\u2019\u00e9pouse d\u2019un \u00e9minent dignitaire religieux musulman d\u2019Alg\u00e9rie<br \/>\n&#8211; Jacques Berque : m\u00e9moires d\u2019Orient en terre landaise<\/p>\n<p><strong>3e partie : Gourmandises m\u00eal\u00e9es<\/strong><br \/>\n&#8211; La tourti\u00e8re : ce g\u00e2teau du terroir gascon \u00e0 l\u2019allure orientale<br \/>\n&#8211; Les sucs de la grenade<br \/>\n&#8211; Le couscous gascon ou l\u2019art du m\u00e9tissage culinaire<\/p>\n<p>Conclusion &#8211; Connaissance et reconnaissance : la promesse du pont<\/p>\n","protected":false},"excerpt":{"rendered":"<p>Sait-on qu\u2019avant la c\u00e9l\u00e8bre bataille de Poitiers Eudes, le duc d\u2019Aquitaine, s\u2019allia \u00e0 un gouverneur musulman et lui donna sa fille en mariage ? Sait-on qu\u2019au temps des Croisades le comte de Toulouse, Raymond de Saint-Gilles, cr\u00e9a un \u00c9tat occitan multiculturel au Moyen-Orient ? Sait-on que lors de sa d\u00e9tention au ch\u00e2teau de Pau, l\u2019\u00e9mir [&hellip;]<\/p>\n","protected":false},"featured_media":51205,"template":"","meta":{"_acf_changed":false,"_genesis_hide_title":false,"_genesis_hide_breadcrumbs":false,"_genesis_hide_singular_image":false,"_genesis_hide_footer_widgets":false,"_genesis_custom_body_class":"","_genesis_custom_post_class":"","_genesis_layout":""},"product_brand":[],"product_cat":[7132,7148,7160],"product_tag":[],"class_list":{"0":"post-51202","1":"product","2":"type-product","3":"status-publish","4":"has-post-thumbnail","6":"product_cat-books","7":"product_cat-history-geography-en","8":"product_cat-medieval-history-en","9":"pa_auteur-coulon-christian-en","10":"pa_editeur-cairn-en","11":"pa_langue-francais-en","12":"entry","14":"first","15":"instock","16":"shipping-taxable","17":"purchasable","18":"product-type-simple"},"acf":[],"_links":{"self":[{"href":"https:\/\/www.libraria-occitana.org\/en\/wp-json\/wp\/v2\/product\/51202","targetHints":{"allow":["GET"]}}],"collection":[{"href":"https:\/\/www.libraria-occitana.org\/en\/wp-json\/wp\/v2\/product"}],"about":[{"href":"https:\/\/www.libraria-occitana.org\/en\/wp-json\/wp\/v2\/types\/product"}],"wp:featuredmedia":[{"embeddable":true,"href":"https:\/\/www.libraria-occitana.org\/en\/wp-json\/wp\/v2\/media\/51205"}],"wp:attachment":[{"href":"https:\/\/www.libraria-occitana.org\/en\/wp-json\/wp\/v2\/media?parent=51202"}],"wp:term":[{"taxonomy":"product_brand","embeddable":true,"href":"https:\/\/www.libraria-occitana.org\/en\/wp-json\/wp\/v2\/product_brand?post=51202"},{"taxonomy":"product_cat","embeddable":true,"href":"https:\/\/www.libraria-occitana.org\/en\/wp-json\/wp\/v2\/product_cat?post=51202"},{"taxonomy":"product_tag","embeddable":true,"href":"https:\/\/www.libraria-occitana.org\/en\/wp-json\/wp\/v2\/product_tag?post=51202"}],"curies":[{"name":"wp","href":"https:\/\/api.w.org\/{rel}","templated":true}]}}