{"id":51306,"date":"2019-11-20T12:14:17","date_gmt":"2019-11-20T11:14:17","guid":{"rendered":"http:\/\/www.libraria-occitana.org\/?post_type=product&#038;p=51306"},"modified":"2026-04-29T10:35:22","modified_gmt":"2026-04-29T08:35:22","slug":"turenne-son-castrum-ses-maisons","status":"publish","type":"product","link":"https:\/\/www.libraria-occitana.org\/en\/product\/turenne-son-castrum-ses-maisons\/","title":{"rendered":"Turenne : Son castrum, ses maisons"},"content":{"rendered":"<p>Entre Corr\u00e8ze, Lot et Dordogne, la vicomt\u00e9 de Turenne abrite une quantit\u00e9 tout \u00e0 fait remarquable de bourgs castraux et eccl\u00e9siaux d\u2019origine m\u00e9di\u00e9vale. Parmi eux se trouve Turenne, un bourg n\u00e9 vers l\u2019an mil autour d\u2019un \u00e9nigmatique ch\u00e2teau carolingien dont l\u2019histoire nous dit qu\u2019il aurait \u00e9t\u00e9 pris par les troupes de P\u00e9pin le Bref au milieu du VIII\u00e8me si\u00e8cle\u2026<br \/>\nSitu\u00e9 \u00e0 quelques kilom\u00e8tres de Brive-la-Gaillarde, Turenne est d\u2019abord un site g\u00e9ologique, une butte-t\u00e9moin calcaire qui culmine \u00e0 330m d\u2019altitude au-dessus de la vall\u00e9e de la Tourmente. C\u2019est sur les pentes de ce relief escarp\u00e9 que se d\u00e9veloppa au cours du Moyen \u00c2ge un groupement d\u2019habitats, dans un premier temps pr\u00e8s de l\u2019enclos des vicomtes de Turenne, puis le long d\u2019un cheminement ancien qui reliait Brive \u00e0 Martel. Aujourd\u2019hui, ces maisons offrent un panorama vari\u00e9 de l\u2019architecture civile du sud de la Corr\u00e8ze. Certains logis conservent encore en fa\u00e7ade des vestiges m\u00e9di\u00e9vaux (ici une porte en arc bris\u00e9, l\u00e0 un couple de baies g\u00e9min\u00e9es\u2026), d\u2019autres sont plus marqu\u00e9s par la Reconstruction qui a eu lieu apr\u00e8s la guerre de Cent Ans. Ces maisons de la \u00ab deuxi\u00e8me g\u00e9n\u00e9ration \u00bb ont un trait commun : la plupart sont dot\u00e9es de spectaculaires tours hors-\u0153uvre ou demi-hors-\u0153uvre, \u00e0 l\u2019int\u00e9rieur desquelles ont \u00e9t\u00e9 am\u00e9nag\u00e9s des escaliers en vis. Peupl\u00e9 d\u2019officiers, de notaires, mais \u00e9galement de nombreux paysans, commer\u00e7ants et artisans (des cordonniers, des tisserands, des tailleurs\u2026), le chef-lieu de la vicomt\u00e9 \u00e9tait aussi un site fortifi\u00e9, dot\u00e9 de trois enceintes construites entre les ann\u00e9es 1100 et les Guerres de Religion. Raconter Turenne par le biais de ses maisons \u00e9tait finalement une occasion unique d\u2019aborder ce lieu \u00e0 travers ses habitants, en somme de revenir aux sources m\u00eame de l\u2019Histoire.<\/p>\n<p><strong>Somari :<\/strong><\/p>\n<p>Pr\u00e9face de Pierre Garrigou Grandchamp<\/p>\n<p>Introduction<\/p>\n<p><strong>Chapitre 1 : Un peu d&#8217;histoire<\/strong><\/p>\n<p>&#8211; Turenne avant Turenne<br \/>\n&#8211; Le temps des comtes (milieu du VIII\u00e8me si\u00e8cle &#8211; milieu du IX\u00e8me si\u00e8cle)<br \/>\n&#8211; Le temps des vicomtes (milieu du IX\u00e8me si\u00e8cle &#8211; milieu du XIV\u00e8me si\u00e8cle)<br \/>\n&#8211; Turenne durant le Moyen \u00c2ge tardif (milieu du XIV\u00e8me si\u00e8cle &#8211; XV\u00e8me si\u00e8cle)<br \/>\n&#8211; Les Temps Modernes<br \/>\n&#8211; Du bourg castral au bourg rural (de la fin du XVIII\u00e8me si\u00e8cle aux ann\u00e9es 1900)<\/p>\n<p><strong>Chapitre 2 : M\u00e9moire du sol<\/strong><\/p>\n<p>&#8211; De l&#8217;enclos castral au bourg fortifi\u00e9 : \u00e9tude morphologique de Turenne<br \/>\n&#8211; Les enceintes de Turenne<br \/>\n&#8211; Les \u00e9tablissements religieux de Turenne<br \/>\n&#8211; Une histoire de la formation et de l&#8217;\u00e9volution du bourg de Turenne<\/p>\n<p><strong>Chapitre 3 : Un avant-go\u00fbt de la maison : cadre et mode d&#8217;implantation des logis turennois<\/strong><\/p>\n<p>&#8211; L&#8217;apport des sources \u00e9crites pour l&#8217;\u00e9tude de la maison<br \/>\n&#8211; Mat\u00e9riaux et techniques de construction<br \/>\n&#8211; Du foncier au b\u00e2ti<\/p>\n<p><strong>Chapitre 4 : Approche structurelle de la maison<\/strong><\/p>\n<p>&#8211; De la cave au grenier<br \/>\n&#8211; La distribution<br \/>\n&#8211; Typologie de la maison \u00e9l\u00e9mentaire : approche formelle<\/p>\n<p><strong>Chapitre 5 : Les fondements de la datation<\/strong><\/p>\n<p>&#8211; En pr\u00e9ambule, le probl\u00e8me des datations dans l&#8217;architecture civile<br \/>\n&#8211; Les dates port\u00e9es<br \/>\n&#8211; Les ma\u00e7onneries<br \/>\n&#8211; Les \u00e9l\u00e9ments de la fa\u00e7ade : portes, fen\u00eatres et bandeaux<br \/>\n&#8211; Les chemin\u00e9es<\/p>\n<p><strong>Chapitre 6 : \u00ab De la morphologie \u00e0 la typologie \u00bb : \u00e9tude de la maison turennoise des ann\u00e9es 1200 aux ann\u00e9es 1800<\/strong><\/p>\n<p>&#8211; La maison m\u00e9di\u00e9vale de Turenne : types et variantes<br \/>\n&#8211; Les transformations du paysage b\u00e2ti de la fin du Moyen \u00c2ge aux ann\u00e9es 1650<br \/>\n&#8211; La maison turennoise de la fin du XVII\u00e8me si\u00e8cle \u00e0 la R\u00e9volution<\/p>\n<p>Conclusion g\u00e9n\u00e9rale<\/p>\n<p>Monographies<\/p>\n<p>Index<\/p>\n<p>Sources manuscrites<\/p>\n<p>Sources \u00e9dit\u00e9es<\/p>\n<p>Bibliographie<\/p>\n<p>Glossaire<\/p>\n<p>Historien et arch\u00e9ologue \u00e9tudiant les constructions, Dimitri Paloumbas-Odile livre une restitution vivante de l\u2019histoire de Turenne, vicomt\u00e9 du Bas-Limousin, du VIII\u00e8me si\u00e8cle jusqu\u2019aux Temps Modernes. Son exploitation des traces \u00e9crites ainsi que du cadre mat\u00e9riel \u00e9labor\u00e9s par les habitants au cours des si\u00e8cles constitue un apport important \u00e0 la connaissance du Moyen \u00c2ge dans le Midi de la France. En faisant parler les murs et les pierres, la vie pass\u00e9e de la vicomt\u00e9 de Turenne s\u2019offre aux lecteurs \u00e0 travers un propos pr\u00e9cis et sobre, nourri par une science perspicace et scrupuleuse et plus de 400 illustrations, cartes, plans (\u2026).<\/p>\n","protected":false},"excerpt":{"rendered":"<p>Entre Corr\u00e8ze, Lot et Dordogne, la vicomt\u00e9 de Turenne abrite une quantit\u00e9 tout \u00e0 fait remarquable de bourgs castraux et eccl\u00e9siaux d\u2019origine m\u00e9di\u00e9vale. Parmi eux se trouve Turenne, un bourg n\u00e9 vers l\u2019an mil autour d\u2019un \u00e9nigmatique ch\u00e2teau carolingien dont l\u2019histoire nous dit qu\u2019il aurait \u00e9t\u00e9 pris par les troupes de P\u00e9pin le Bref au [&hellip;]<\/p>\n","protected":false},"featured_media":51309,"template":"","meta":{"_acf_changed":false,"_genesis_hide_title":false,"_genesis_hide_breadcrumbs":false,"_genesis_hide_singular_image":false,"_genesis_hide_footer_widgets":false,"_genesis_custom_body_class":"","_genesis_custom_post_class":"","_genesis_layout":""},"product_brand":[],"product_cat":[7132,7156,7148,7160,7158],"product_tag":[],"class_list":{"0":"post-51306","1":"product","2":"type-product","3":"status-publish","4":"has-post-thumbnail","6":"product_cat-books","7":"product_cat-general-history-en","8":"product_cat-history-geography-en","9":"product_cat-medieval-history-en","10":"product_cat-modern-and-contemporary-history-en","11":"pa_auteur-paloumbas-odile-dimitri-en","12":"pa_editeur-pu-limoges-en","13":"pa_langue-francais-en","14":"entry","16":"first","17":"outofstock","18":"shipping-taxable","19":"purchasable","20":"product-type-simple"},"acf":[],"_links":{"self":[{"href":"https:\/\/www.libraria-occitana.org\/en\/wp-json\/wp\/v2\/product\/51306","targetHints":{"allow":["GET"]}}],"collection":[{"href":"https:\/\/www.libraria-occitana.org\/en\/wp-json\/wp\/v2\/product"}],"about":[{"href":"https:\/\/www.libraria-occitana.org\/en\/wp-json\/wp\/v2\/types\/product"}],"wp:featuredmedia":[{"embeddable":true,"href":"https:\/\/www.libraria-occitana.org\/en\/wp-json\/wp\/v2\/media\/51309"}],"wp:attachment":[{"href":"https:\/\/www.libraria-occitana.org\/en\/wp-json\/wp\/v2\/media?parent=51306"}],"wp:term":[{"taxonomy":"product_brand","embeddable":true,"href":"https:\/\/www.libraria-occitana.org\/en\/wp-json\/wp\/v2\/product_brand?post=51306"},{"taxonomy":"product_cat","embeddable":true,"href":"https:\/\/www.libraria-occitana.org\/en\/wp-json\/wp\/v2\/product_cat?post=51306"},{"taxonomy":"product_tag","embeddable":true,"href":"https:\/\/www.libraria-occitana.org\/en\/wp-json\/wp\/v2\/product_tag?post=51306"}],"curies":[{"name":"wp","href":"https:\/\/api.w.org\/{rel}","templated":true}]}}